{"id":1022,"date":"2022-07-12T10:13:19","date_gmt":"2022-07-12T08:13:19","guid":{"rendered":"https:\/\/freshline-europe.com\/%d0%be%d1%82%d0%bf%d0%b5%d1%87%d0%b0%d1%82%d1%8a%d0%ba\/"},"modified":"2023-05-25T16:12:13","modified_gmt":"2023-05-25T14:12:13","slug":"%d0%be%d1%82%d0%bf%d0%b5%d1%87%d0%b0%d1%82%d1%8a%d0%ba","status":"publish","type":"page","link":"https:\/\/freshline-europe.com\/bg\/%d0%be%d1%82%d0%bf%d0%b5%d1%87%d0%b0%d1%82%d1%8a%d0%ba\/","title":{"rendered":"\u041e\u0442\u043f\u0435\u0447\u0430\u0442\u044a\u043a"},"content":{"rendered":"<section class=\"l-section wpb_row height_medium\"><div class=\"l-section-h i-cf\"><div class=\"g-cols vc_row via_flex valign_top type_default stacking_default\"><div class=\"vc_col-sm-12 wpb_column vc_column_container\"><div class=\"vc_column-inner\"><div class=\"wpb_wrapper\">[vc_custom_heading text=&#8220;\u041e\u0442\u043f\u0435\u0447\u0430\u0442\u044a\u043a&#8220; font_container=&#8220;tag:h3|text_align:left&#8220; use_theme_fonts=&#8220;yes&#8220;]<div class=\"g-cols wpb_row via_flex valign_top type_default stacking_default\"><div class=\"vc_col-sm-6 wpb_column vc_column_container\"><div class=\"vc_column-inner\"><div class=\"wpb_wrapper\"><div class=\"wpb_text_column\"><div class=\"wpb_wrapper\"><p><strong>FRESHLine Europe GmbH<\/strong><br \/>\nHermannsdorf 2a<br \/>\n3304 St. Georgen am Ybbsfelde<br \/>\n\u0410\u0432\u0441\u0442\u0440\u0438\u044f<\/p>\n<p>\u0422\u0435\u043b: <a href=\"tel:+43%207473%2030%20900\">+43 7473 30 900<\/a><br \/>\n\u0415\u043b\u0435\u043a\u0442\u0440\u043e\u043d\u043d\u0430 \u043f\u043e\u0449\u0430: <a href=\"mailto:office@freshline-europe.com\">office@freshline-europe.com<\/a><br \/>\n\u0418\u043d\u0442\u0435\u0440\u043d\u0435\u0442: <a href=\"https:\/\/freshline-europe.com\/bg\/\" target=\"_blank\" rel=\"noopener\">www.freshline-europe.com<\/a><\/p>\n<p>\u0424\u0438\u0440\u043c\u0435\u043d \u0440\u0435\u0433\u0438\u0441\u0442\u044a\u0440: FN 552403 h<br \/>\nUID: ATU76741616<\/p>\n<\/div><\/div><\/div><\/div><\/div><div class=\"vc_col-sm-6 wpb_column vc_column_container\"><div class=\"vc_column-inner\"><div class=\"wpb_wrapper\"><div class=\"wpb_text_column\"><div class=\"wpb_wrapper\"><p><strong>FRESHLine Europe s.r.o.<\/strong><br \/>\n\u0421\u0443\u043a\u043e\u0432\u0430 2<br \/>\n370 05 \u010cesk\u00e9 Bud\u011bjovice<br \/>\n\u0427\u0435\u0448\u043a\u0430 \u0440\u0435\u043f\u0443\u0431\u043b\u0438\u043a\u0430<\/p>\n<p>\u0422\u0435\u043b: <a href=\"tel:+420%20388%20880%20125\">+420 388 880 125<\/a><br \/>\n\u0415\u043b\u0435\u043a\u0442\u0440\u043e\u043d\u043d\u0430 \u043f\u043e\u0449\u0430: <a href=\"mailto:office@freshline-europe.com\">office@freshline-europe.com<\/a><br \/>\n\u0418\u043d\u0442\u0435\u0440\u043d\u0435\u0442: <a href=\"https:\/\/freshline-europe.com\/bg\/\" target=\"_blank\" rel=\"noopener\">www.freshline-europe.com<\/a><\/p>\n<p>UID: CZ03966909<\/p>\n<\/div><\/div><\/div><\/div><\/div><\/div><div class=\"w-separator size_small with_line width_default thick_1 style_solid color_border align_center\"><div class=\"w-separator-h\"><\/div><\/div><div class=\"wpb_text_column\"><div class=\"wpb_wrapper\"><p><strong>Oberbank AG<\/strong> (\u0441\u043c\u0435\u0442\u043a\u0430 \u0432 \u0435\u0432\u0440\u043e)<br \/>\nIBAN AT10 1500 0002 4128 5006<br \/>\nBIC: OBKLAT2L<\/p>\n<p><strong>Sparkasse Nieder\u00f6sterreich Mitte West AG<\/strong> (EURO \u0441\u043c\u0435\u0442\u043a\u0430)<br \/>\nIBAN: AT89 2025 6000 0061 0683<br \/>\nBIC : SPSPAT 21XXX<\/p>\n<p>\u0420\u0430\u0431\u043e\u0442\u0438\u043c \u0438\u0437\u043a\u043b\u044e\u0447\u0438\u0442\u0435\u043b\u043d\u043e \u0432\u044a\u0437 \u043e\u0441\u043d\u043e\u0432\u0430 \u043d\u0430 \u043f\u043e\u0441\u043b\u0435\u0434\u043d\u0430\u0442\u0430 \u0432\u0435\u0440\u0441\u0438\u044f \u043d\u0430 &#8222;\u041e\u0431\u0449\u0438\u0442\u0435 \u0443\u0441\u043b\u043e\u0432\u0438\u044f \u043d\u0430 \u0430\u0432\u0441\u0442\u0440\u0438\u0439\u0441\u043a\u0438\u0442\u0435 \u0441\u043f\u0435\u0434\u0438\u0442\u043e\u0440\u0438&#8220; (A\u00d6Sp).<br \/>\n\u041c\u044f\u0441\u0442\u043e\u0442\u043e \u043d\u0430 \u043a\u043e\u043c\u043f\u0435\u0442\u0435\u043d\u0442\u043d\u043e\u0441\u0442 \u0438 \u0438\u0437\u043f\u044a\u043b\u043d\u0435\u043d\u0438\u0435 \u0435 \u0421\u0430\u043d\u043a\u0442 \u041f\u044c\u043e\u043b\u0442\u0435\u043d.<br \/>\n\u0423\u043f\u0440\u0430\u0432\u043b\u044f\u0432\u0430\u0449 \u0434\u0438\u0440\u0435\u043a\u0442\u043e\u0440: Christoph Kralowetz<\/p>\n<\/div><\/div><div class=\"w-separator size_small with_line width_default thick_1 style_solid color_border align_center\"><div class=\"w-separator-h\"><\/div><\/div><div class=\"g-cols wpb_row via_flex valign_top type_default stacking_default\"><div class=\"vc_col-sm-12 wpb_column vc_column_container\"><div class=\"vc_column-inner\"><div class=\"wpb_wrapper\">[vc_custom_heading text=&#8220;\u0417\u0430\u0434\u044a\u043b\u0436\u0435\u043d\u0438\u0435 \u0437\u0430 \u0438\u043d\u0444\u043e\u0440\u043c\u0438\u0440\u0430\u043d\u0435&#8220; font_container=&#8220;tag:h3|text_align:left&#8220; use_theme_fonts=&#8220;yes&#8220;]<\/div><\/div><\/div><\/div><div class=\"w-separator size_custom\" style=\"height:20px\"><\/div><div class=\"wpb_text_column\"><div class=\"wpb_wrapper\"><p><strong>\u041e\u0442\u0433\u043e\u0432\u043e\u0440\u043d\u043e\u0441\u0442 \u0437\u0430 \u0441\u044a\u0434\u044a\u0440\u0436\u0430\u043d\u0438\u0435\u0442\u043e \u043d\u0430 \u0442\u043e\u0437\u0438 \u0443\u0435\u0431\u0441\u0430\u0439\u0442<\/strong><br \/>\n\u0422\u043e\u0437\u0438 \u0443\u0435\u0431\u0441\u0430\u0439\u0442 \u0438\u043c\u0430 \u0437\u0430 \u0446\u0435\u043b \u0434\u0430 \u043e\u0441\u0438\u0433\u0443\u0440\u0438 \u043f\u0443\u0431\u043b\u0438\u0447\u0435\u043d \u0434\u043e\u0441\u0442\u044a\u043f \u0434\u043e \u0438\u043d\u0444\u043e\u0440\u043c\u0430\u0446\u0438\u044f \u0437\u0430 FRESHLine Europe GmbH. \u0418\u043d\u0444\u043e\u0440\u043c\u0430\u0446\u0438\u044f\u0442\u0430 \u043d\u0430 \u0442\u043e\u0437\u0438 \u0443\u0435\u0431\u0441\u0430\u0439\u0442 \u0435 \u0438\u0437\u0433\u043e\u0442\u0432\u0435\u043d\u0430 \u043e\u0442 \u043d\u0430\u0441 \u0441\u043f\u043e\u0440\u0435\u0434 \u043d\u0430\u0439-\u0434\u043e\u0431\u0440\u0438\u0442\u0435 \u043d\u0438 \u043f\u043e\u0437\u043d\u0430\u043d\u0438\u044f \u0438 \u0443\u0431\u0435\u0436\u0434\u0435\u043d\u0438\u044f. \u0412\u044a\u043f\u0440\u0435\u043a\u0438 \u043f\u043e\u043b\u0430\u0433\u0430\u043d\u0435\u0442\u043e \u043d\u0430 \u0434\u044a\u043b\u0436\u0438\u043c\u0430\u0442\u0430 \u0433\u0440\u0438\u0436\u0430 \u043e\u0431\u0430\u0447\u0435 \u043d\u0435 \u043c\u043e\u0436\u0435 \u0434\u0430 \u0441\u0435 \u0433\u0430\u0440\u0430\u043d\u0442\u0438\u0440\u0430 \u0430\u0431\u0441\u043e\u043b\u044e\u0442\u043d\u0430\u0442\u0430 \u0442\u043e\u0447\u043d\u043e\u0441\u0442, \u0430\u043a\u0442\u0443\u0430\u043b\u043d\u043e\u0441\u0442 \u0438 \u043a\u043e\u0440\u0435\u043a\u0442\u043d\u043e\u0441\u0442 \u043d\u0430 \u043f\u0440\u0435\u0434\u043e\u0441\u0442\u0430\u0432\u0435\u043d\u0430\u0442\u0430 \u0442\u0443\u043a \u0438\u043d\u0444\u043e\u0440\u043c\u0430\u0446\u0438\u044f. \u0410\u043a\u043e \u0440\u0430\u0437\u0431\u0435\u0440\u0435\u043c \u0437\u0430 \u043d\u044f\u043a\u0430\u043a\u0432\u0438 \u0433\u0440\u0435\u0448\u043a\u0438, \u0449\u0435 \u0441\u0435 \u043f\u043e\u0441\u0442\u0430\u0440\u0430\u0435\u043c \u0434\u0430 \u0433\u0438 \u043a\u043e\u0440\u0438\u0433\u0438\u0440\u0430\u043c\u0435. \u0429\u0435 \u0432\u0438 \u0431\u044a\u0434\u0435\u043c \u0431\u043b\u0430\u0433\u043e\u0434\u0430\u0440\u043d\u0438 \u0437\u0430 \u0432\u0441\u044f\u043a\u0430\u043a\u0432\u0430 \u0438\u043d\u0444\u043e\u0440\u043c\u0430\u0446\u0438\u044f \u043f\u043e \u0442\u043e\u0437\u0438 \u0432\u044a\u043f\u0440\u043e\u0441.<\/p>\n<p><strong>\u041e\u0442\u0433\u043e\u0432\u043e\u0440\u043d\u043e\u0441\u0442 \u0437\u0430 \u0445\u0438\u043f\u0435\u0440\u0432\u0440\u044a\u0437\u043a\u0438<\/strong><br \/>\n\u041d\u0430 \u043d\u0430\u0448\u0438\u0442\u0435 \u0441\u0442\u0440\u0430\u043d\u0438\u0446\u0438 \u0441\u043c\u0435 \u043f\u043e\u0441\u0442\u0430\u0432\u0438\u043b\u0438 \u0432\u0440\u044a\u0437\u043a\u0438 \u043a\u044a\u043c \u0434\u0440\u0443\u0433\u0438 \u0441\u0430\u0439\u0442\u043e\u0432\u0435 \u0432 \u0438\u043d\u0442\u0435\u0440\u043d\u0435\u0442. \u0417\u0430 \u0432\u0441\u0438\u0447\u043a\u0438 \u0442\u0435\u0437\u0438 \u0432\u0440\u044a\u0437\u043a\u0438 \u043d\u0438\u0435 \u043d\u044f\u043c\u0430\u043c\u0435 \u0432\u043b\u0438\u044f\u043d\u0438\u0435 \u0432\u044a\u0440\u0445\u0443 \u0434\u0438\u0437\u0430\u0439\u043d\u0430 \u0438 \u0441\u044a\u0434\u044a\u0440\u0436\u0430\u043d\u0438\u0435\u0442\u043e \u043d\u0430 \u0441\u0432\u044a\u0440\u0437\u0430\u043d\u0438\u0442\u0435 \u0441\u0442\u0440\u0430\u043d\u0438\u0446\u0438. \u041f\u043e\u0440\u0430\u0434\u0438 \u0442\u043e\u0432\u0430 \u043d\u0438\u0435 \u0438\u0437\u0440\u0438\u0447\u043d\u043e \u0441\u0435 \u0434\u0438\u0441\u0442\u0430\u043d\u0446\u0438\u0440\u0430\u043c\u0435 \u043e\u0442 \u0441\u044a\u0434\u044a\u0440\u0436\u0430\u043d\u0438\u0435\u0442\u043e \u043d\u0430 \u0442\u0435\u0437\u0438 \u0441\u0432\u044a\u0440\u0437\u0430\u043d\u0438 \u0441\u0442\u0440\u0430\u043d\u0438\u0446\u0438 \u0438 \u043d\u0435 \u0433\u0438 \u043f\u0440\u0438\u0435\u043c\u0430\u043c\u0435 \u0437\u0430 \u0441\u0432\u043e\u0438. \u0422\u043e\u0432\u0430 \u0441\u0435 \u043e\u0442\u043d\u0430\u0441\u044f \u0437\u0430 \u0441\u044a\u0434\u044a\u0440\u0436\u0430\u043d\u0438\u0435\u0442\u043e \u043d\u0430 \u0432\u0441\u0438\u0447\u043a\u0438 \u0432\u044a\u043d\u0448\u043d\u0438 \u0443\u0435\u0431\u0441\u0430\u0439\u0442\u043e\u0432\u0435, \u0434\u043e \u043a\u043e\u0438\u0442\u043e \u043c\u043e\u0436\u0435 \u0434\u0430 \u0441\u0435 \u0441\u0442\u0438\u0433\u043d\u0435 \u0447\u0440\u0435\u0437 \u043d\u0430\u0448\u0438\u044f \u0443\u0435\u0431\u0441\u0430\u0439\u0442 (\u0432\u043a\u043b\u044e\u0447\u0438\u0442\u0435\u043b\u043d\u043e \u0447\u0440\u0435\u0437 \u0431\u0430\u043d\u0435\u0440\u0438, \u043a\u043d\u0438\u0433\u0438 \u0437\u0430 \u0433\u043e\u0441\u0442\u0438 \u0438\u043b\u0438 \u0431\u0440\u043e\u044f\u0447\u0438).<br \/>\n\u0410\u043a\u043e \u0443\u0437\u043d\u0430\u0435\u043c \u0437\u0430 \u043d\u0435\u0437\u0430\u043a\u043e\u043d\u043d\u0430 \u0434\u0435\u0439\u043d\u043e\u0441\u0442 \u0438\u043b\u0438 \u0438\u043d\u0444\u043e\u0440\u043c\u0430\u0446\u0438\u044f \u043d\u0430 \u0443\u0435\u0431\u0441\u0430\u0439\u0442, \u043a\u044a\u043c \u043a\u043e\u0439\u0442\u043e \u0441\u043c\u0435 \u0434\u0430\u043b\u0438 \u0432\u0440\u044a\u0437\u043a\u0430, \u043d\u0435\u0437\u0430\u0431\u0430\u0432\u043d\u043e \u0449\u0435 \u043f\u0440\u0435\u043c\u0430\u0445\u043d\u0435\u043c \u0441\u044a\u043e\u0442\u0432\u0435\u0442\u043d\u0430\u0442\u0430 \u0432\u0440\u044a\u0437\u043a\u0430. \u0410\u043a\u043e \u0438\u043c\u0430\u0442\u0435 \u0438\u043d\u0444\u043e\u0440\u043c\u0430\u0446\u0438\u044f \u0437\u0430 \u0442\u043e\u0432\u0430, \u043c\u043e\u043b\u044f, \u0438\u0437\u043f\u0440\u0430\u0442\u0435\u0442\u0435 \u043d\u0438 \u0438\u043c\u0435\u0439\u043b.<\/p>\n<p>\u0421\u043d\u0438\u043c\u043a\u0438 \u0438 \u0432\u0438\u0434\u0435\u043e\u043c\u0430\u0442\u0435\u0440\u0438\u0430\u043b\u0438 \u043e\u0442 <a href=\"https:\/\/www.shutterstock.com\/\" target=\"_blank\" rel=\"noopener noreferrer\">Shutterstock<\/a> | Private Archive<br \/>\n\u0423\u0435\u0431\u0441\u0430\u0439\u0442 \u043e\u0442 <a href=\"http:\/\/max-online.at\" target=\"_blank\" rel=\"noopener\">max-online.at<\/a><\/p>\n<\/div><\/div><\/div><\/div><\/div><\/div><\/div><\/section>\n","protected":false},"excerpt":{"rendered":"[vc_custom_heading text=\"\u041e\u0442\u043f\u0435\u0447\u0430\u0442\u044a\u043a\" font_container=\"tag:h3|text_align:left\" use_theme_fonts=\"yes\"]FRESHLine Europe GmbH Hermannsdorf 2a 3304 St. Georgen am Ybbsfelde \u0410\u0432\u0441\u0442\u0440\u0438\u044f \u0422\u0435\u043b: +43 7473 30 900 \u0415\u043b\u0435\u043a\u0442\u0440\u043e\u043d\u043d\u0430 \u043f\u043e\u0449\u0430: office@freshline-europe.com \u0418\u043d\u0442\u0435\u0440\u043d\u0435\u0442: www.freshline-europe.com \u0424\u0438\u0440\u043c\u0435\u043d \u0440\u0435\u0433\u0438\u0441\u0442\u044a\u0440: FN 552403 h UID: ATU76741616 FRESHLine Europe s.r.o. \u0421\u0443\u043a\u043e\u0432\u0430 2 370 05 \u010cesk\u00e9 Bud\u011bjovice \u0427\u0435\u0448\u043a\u0430 \u0440\u0435\u043f\u0443\u0431\u043b\u0438\u043a\u0430 \u0422\u0435\u043b: +420 388 880 125 \u0415\u043b\u0435\u043a\u0442\u0440\u043e\u043d\u043d\u0430 \u043f\u043e\u0449\u0430: office@freshline-europe.com \u0418\u043d\u0442\u0435\u0440\u043d\u0435\u0442: www.freshline-europe.com UID: CZ03966909 Oberbank...","protected":false},"author":1,"featured_media":0,"parent":0,"menu_order":0,"comment_status":"closed","ping_status":"closed","template":"","meta":{"footnotes":""},"class_list":["post-1022","page","type-page","status-publish","hentry"],"_links":{"self":[{"href":"https:\/\/freshline-europe.com\/bg\/wp-json\/wp\/v2\/pages\/1022","targetHints":{"allow":["GET"]}}],"collection":[{"href":"https:\/\/freshline-europe.com\/bg\/wp-json\/wp\/v2\/pages"}],"about":[{"href":"https:\/\/freshline-europe.com\/bg\/wp-json\/wp\/v2\/types\/page"}],"author":[{"embeddable":true,"href":"https:\/\/freshline-europe.com\/bg\/wp-json\/wp\/v2\/users\/1"}],"replies":[{"embeddable":true,"href":"https:\/\/freshline-europe.com\/bg\/wp-json\/wp\/v2\/comments?post=1022"}],"version-history":[{"count":17,"href":"https:\/\/freshline-europe.com\/bg\/wp-json\/wp\/v2\/pages\/1022\/revisions"}],"predecessor-version":[{"id":2006,"href":"https:\/\/freshline-europe.com\/bg\/wp-json\/wp\/v2\/pages\/1022\/revisions\/2006"}],"wp:attachment":[{"href":"https:\/\/freshline-europe.com\/bg\/wp-json\/wp\/v2\/media?parent=1022"}],"curies":[{"name":"wp","href":"https:\/\/api.w.org\/{rel}","templated":true}]}}