{"id":853,"date":"2022-07-12T10:12:37","date_gmt":"2022-07-12T08:12:37","guid":{"rendered":"https:\/\/freshline-europe.com\/%d1%81%d0%b2%d1%8a%d1%80%d0%b6%d0%b5%d1%82%d0%b5-%d1%81%d0%b5-%d1%81\/"},"modified":"2023-05-25T16:11:42","modified_gmt":"2023-05-25T14:11:42","slug":"%d1%81%d0%b2%d1%8a%d1%80%d0%b6%d0%b5%d1%82%d0%b5-%d1%81%d0%b5-%d1%81","status":"publish","type":"page","link":"https:\/\/freshline-europe.com\/bg\/%d1%81%d0%b2%d1%8a%d1%80%d0%b6%d0%b5%d1%82%d0%b5-%d1%81%d0%b5-%d1%81\/","title":{"rendered":"\u0421\u0432\u044a\u0440\u0436\u0435\u0442\u0435 \u0441\u0435 \u0441"},"content":{"rendered":"<section class=\"l-section wpb_row us_custom_664ab32c has_text_color height_medium with_img\"><div class=\"l-section-img\" role=\"img\" aria-label=\"\u0418\u0437\u043e\u0431\u0440\u0430\u0436\u0435\u043d\u0438\u0435\" data-img-width=\"1500\" data-img-height=\"700\" style=\"background-image: url(https:\/\/freshline-europe.com\/wp-content\/uploads\/2022\/07\/Musterheader.jpg);\"><\/div><div class=\"l-section-overlay\" style=\"background:rgba(26,26,26,0.30)\"><\/div><div class=\"l-section-h i-cf\"><div class=\"g-cols vc_row via_flex valign_top type_default stacking_default\"><div class=\"vc_col-sm-12 wpb_column vc_column_container\"><div class=\"vc_column-inner\"><div class=\"wpb_wrapper\">[vc_custom_heading text=&#8220;\u0421\u0432\u044a\u0440\u0436\u0435\u0442\u0435 \u0441\u0435 \u0441&#8220; font_container=&#8220;tag:h1|text_align:left&#8220; use_theme_fonts=&#8220;yes&#8220;]<\/div><\/div><\/div><\/div><\/div><\/section><section class=\"l-section wpb_row height_medium\"><div class=\"l-section-h i-cf\"><div class=\"g-cols vc_row via_flex valign_top type_default stacking_default\"><div class=\"vc_col-sm-12 wpb_column vc_column_container\"><div class=\"vc_column-inner\"><div class=\"wpb_wrapper\">[vc_custom_heading text=&#8220;\u0414\u0430\u043d\u043d\u0438 \u0437\u0430 \u043a\u043e\u043d\u0442\u0430\u043a\u0442&#8220; font_container=&#8220;tag:h3|text_align:left&#8220; use_theme_fonts=&#8220;yes&#8220;]<div class=\"g-cols wpb_row via_flex valign_top type_default stacking_default\"><div class=\"vc_col-sm-6 wpb_column vc_column_container\"><div class=\"vc_column-inner\"><div class=\"wpb_wrapper\"><div class=\"wpb_text_column\"><div class=\"wpb_wrapper\"><p><strong>FRESHLine Europe GmbH<\/strong><br \/>\nHermannsdorf 2a<br \/>\n3304 St. Georgen am Ybbsfelde<br \/>\n\u0410\u0432\u0441\u0442\u0440\u0438\u044f<\/p>\n<p>\u0422\u0435\u043b: <a href=\"tel:+43%207473%2030%20900\">+43 7473 30 900<\/a><br \/>\n\u0415\u043b\u0435\u043a\u0442\u0440\u043e\u043d\u043d\u0430 \u043f\u043e\u0449\u0430: <a href=\"mailto:office@freshline-europe.com\">office@freshline-europe.com<\/a><br \/>\n\u0418\u043d\u0442\u0435\u0440\u043d\u0435\u0442: <a href=\"https:\/\/freshline-europe.com\/bg\/\" target=\"_blank\" rel=\"noopener\">www.freshline-europe.com<\/a><\/p>\n<\/div><\/div><\/div><\/div><\/div><div class=\"vc_col-sm-6 wpb_column vc_column_container\"><div class=\"vc_column-inner\"><div class=\"wpb_wrapper\"><div class=\"wpb_text_column\"><div class=\"wpb_wrapper\"><p><strong>FRESHLine Europe s.r.o.<\/strong><br \/>\n\u0421\u0443\u043a\u043e\u0432\u0430 2<br \/>\n370 05 \u010cesk\u00e9 Bud\u011bjovice<br \/>\n\u0427\u0435\u0448\u043a\u0430 \u0440\u0435\u043f\u0443\u0431\u043b\u0438\u043a\u0430<\/p>\n<p>\u0422\u0435\u043b: <a href=\"tel:+420%20388%20880%20125\">+420 388 880 125<\/a><br \/>\n\u0415\u043b\u0435\u043a\u0442\u0440\u043e\u043d\u043d\u0430 \u043f\u043e\u0449\u0430: <a href=\"mailto:office@freshline-europe.com\">office@freshline-europe.com<\/a><br \/>\n\u0418\u043d\u0442\u0435\u0440\u043d\u0435\u0442: <a href=\"https:\/\/freshline-europe.com\/bg\/\" target=\"_blank\" rel=\"noopener\">www.freshline-europe.com<\/a><\/p>\n<\/div><\/div><\/div><\/div><\/div><\/div><div class=\"w-separator size_custom\" style=\"height:10px\"><\/div>[vc_custom_heading text=&#8220;\u0424\u043e\u0440\u043c\u0430 \u0437\u0430 \u043a\u043e\u043d\u0442\u0430\u043a\u0442&#8220; font_container=&#8220;tag:h3|text_align:left&#8220; use_theme_fonts=&#8220;yes&#8220;]<form class=\"w-form  us-field-style_1 layout_ver show_message_after_sending for_cform us_form_1\" action=\"https:\/\/freshline-europe.com\/bg\/wp-json\/wp\/v2\/pages\/853\" method=\"post\"><div class=\"w-form-h\"><div class=\"w-form-row for_text with_icon\">\r\n\t\t<div class=\"w-form-row-field\">\r\n\t\t\t\t<i class=\"fas fa-user\"><\/i>\t\t<input aria-label=\"\u0412\u0430\u0448\u0435\u0442\u043e \u0438\u043c\u0435\" type=\"text\" name=\"us_form_1_text_1\" value placeholder=\"\u0412\u0430\u0448\u0435\u0442\u043e \u0438\u043c\u0435\"\/>\r\n\t\t\t<\/div>\r\n\t\t<div class=\"w-form-row-state\">Fill out this field<\/div>\r\n<\/div>\r\n<div class=\"w-form-row for_email required with_icon\">\r\n\t\t<div class=\"w-form-row-field\">\r\n\t\t\t\t<i class=\"fas fa-envelope\"><\/i>\t\t<input aria-label=\"\u0412\u0430\u0448\u0438\u044f\u0442 \u0438\u043c\u0435\u0439\u043b \u0430\u0434\u0440\u0435\u0441\" type=\"email\" name=\"us_form_1_email_1\" value placeholder=\"\u0412\u0430\u0448\u0438\u044f\u0442 \u0438\u043c\u0435\u0439\u043b \u0430\u0434\u0440\u0435\u0441 *\" data-required=\"true\" aria-required=\"true\"\/>\r\n\t\t\t<\/div>\r\n\t\t<div class=\"w-form-row-state\">\u041c\u043e\u043b\u044f, \u0432\u044a\u0432\u0435\u0434\u0435\u0442\u0435 \u0432\u0430\u043b\u0438\u0434\u0435\u043d \u0438\u043c\u0435\u0439\u043b \u0430\u0434\u0440\u0435\u0441.<\/div>\r\n<\/div>\r\n<div class=\"w-form-row for_text with_icon\">\r\n\t\t<div class=\"w-form-row-field\">\r\n\t\t\t\t<i class=\"fas fa-phone\"><\/i>\t\t<input aria-label=\"\u0412\u0430\u0448\u0438\u044f\u0442 \u0442\u0435\u043b\u0435\u0444\u043e\u043d\u0435\u043d \u043d\u043e\u043c\u0435\u0440\" type=\"text\" name=\"us_form_1_text_2\" value placeholder=\"\u0412\u0430\u0448\u0438\u044f\u0442 \u0442\u0435\u043b\u0435\u0444\u043e\u043d\u0435\u043d \u043d\u043e\u043c\u0435\u0440\"\/>\r\n\t\t\t<\/div>\r\n\t\t<div class=\"w-form-row-state\">Fill out this field<\/div>\r\n<\/div>\r\n<div class=\"w-form-row for_textarea required with_icon\">\r\n\t\t<div class=\"w-form-row-field\">\r\n\t\t\t\t<i class=\"fas fa-pen\"><\/i>\t\t<textarea aria-label=\"\u0412\u0430\u0448\u0435\u0442\u043e \u0441\u044a\u043e\u0431\u0449\u0435\u043d\u0438\u0435 \u0434\u043e \u043d\u0430\u0441\" name=\"us_form_1_textarea_1\" placeholder=\"\u0412\u0430\u0448\u0435\u0442\u043e \u0441\u044a\u043e\u0431\u0449\u0435\u043d\u0438\u0435 \u0434\u043e \u043d\u0430\u0441 *\" data-required=\"true\" aria-required=\"true\"><\/textarea>\r\n\t\t\t<\/div>\r\n\t\t<div class=\"w-form-row-state\">Fill out this field<\/div>\r\n<\/div>\r\n<div class=\"w-form-row for_agreement required\">\r\n\t\t<div class=\"w-form-row-field\">\r\n\t\t\t\t<label>\r\n\t\t\t<input type=\"checkbox\" value=\"1\" data-required=\"true\" aria-required=\"true\" name=\"us_form_1_agreement_1\"\/>\r\n\t\t\t<span>\u0421 \u043d\u0430\u0441\u0442\u043e\u044f\u0449\u043e\u0442\u043e \u0434\u0430\u0432\u0430\u043c \u0441\u044a\u0433\u043b\u0430\u0441\u0438\u0435\u0442\u043e \u0441\u0438 \u043c\u043e\u0438\u0442\u0435 \u0434\u0430\u043d\u043d\u0438, \u0432\u044a\u0432\u0435\u0434\u0435\u043d\u0438 \u0432\u044a\u0432 \u0444\u043e\u0440\u043c\u0443\u043b\u044f\u0440\u0430 \u0437\u0430 \u043a\u043e\u043d\u0442\u0430\u043a\u0442, \u0434\u0430 \u0431\u044a\u0434\u0430\u0442 \u0441\u044a\u0445\u0440\u0430\u043d\u044f\u0432\u0430\u043d\u0438 \u0432 \u0435\u043b\u0435\u043a\u0442\u0440\u043e\u043d\u0435\u043d \u0432\u0438\u0434, \u043e\u0431\u0440\u0430\u0431\u043e\u0442\u0432\u0430\u043d\u0438 \u0438 \u0438\u0437\u043f\u043e\u043b\u0437\u0432\u0430\u043d\u0438 \u0437\u0430 \u0446\u0435\u043b\u0438\u0442\u0435 \u043d\u0430 \u043e\u0441\u044a\u0449\u0435\u0441\u0442\u0432\u044f\u0432\u0430\u043d\u0435 \u043d\u0430 \u0432\u0440\u044a\u0437\u043a\u0430 \u0441 \u043c\u0435\u043d. \u0418\u0437\u0432\u0435\u0441\u0442\u043d\u043e \u043c\u0438 \u0435, \u0447\u0435 \u043c\u043e\u0433\u0430 \u0434\u0430 \u043e\u0442\u0442\u0435\u0433\u043b\u044f \u0441\u044a\u0433\u043b\u0430\u0441\u0438\u0435\u0442\u043e \u0441\u0438 \u043f\u043e \u0432\u0441\u044f\u043a\u043e \u0432\u0440\u0435\u043c\u0435.<\/span>\r\n\t\t<\/label>\r\n\t\t\t<\/div>\r\n\t\t<div class=\"w-form-row-state\">You need to agree with the terms to proceed<\/div>\r\n<\/div>\r\n<div class=\"w-form-row for_captcha has_label required with_icon\">\r\n\t<div class=\"w-form-row-label\">\r\n\t\t<span>Antispam, \u041c\u043e\u043b\u044f, \u0440\u0430\u0437\u0440\u0435\u0448\u0435\u0442\u0435 \u0441\u043b\u0435\u0434\u043d\u0430\u0442\u0430 \u0444\u0430\u043a\u0442\u0443\u0440\u0430:   <span>22 - 8 = ?<\/span><\/span>\r\n\t<\/div>\r\n\t<div class=\"w-form-row-field\">\r\n\t\t\t\t<input type=\"hidden\" name=\"us_form_1_captcha_1_hash\" value=\"36d3002409a2f43403442cacf4c84005\" \/>\r\n\t\t<i class=\"fas fa-check-circle\"><\/i>\t\t<input aria-label=\"Antispam, \u041c\u043e\u043b\u044f, \u0440\u0430\u0437\u0440\u0435\u0448\u0435\u0442\u0435 \u0441\u043b\u0435\u0434\u043d\u0430\u0442\u0430 \u0444\u0430\u043a\u0442\u0443\u0440\u0430:  \" type=\"text\" name=\"us_form_1_captcha_1\" placeholder data-required=\"true\" aria-required=\"true\"\/>\r\n\t\t\t<\/div>\r\n\t\t<div class=\"w-form-row-state\">Enter the equation result to proceed<\/div>\r\n<\/div>\r\n<input type=\"hidden\" name=\"action\" value=\"us_ajax_cform\" \/>\r\n<input type=\"hidden\" name=\"post_id\" value=\"0\" \/>\r\n<input type=\"hidden\" name=\"form_index\" value=\"1\" \/>\r\n<div class=\"w-form-row for_submit align_none\"><button class=\"w-btn us-btn-style_1 icon_atleft\" type=\"submit\" aria-label=\"\u041f\u043e\u0434\u0430\u0432\u0430\u043d\u0435 \u043d\u0430 \u0444\u043e\u0440\u043c\u0443\u043b\u044f\u0440\"><span class=\"g-preloader type_1\"><\/span><i class=\"fas fa-share\"><\/i><span class=\"w-btn-label\">\u041f\u043e\u0434\u0430\u0432\u0430\u043d\u0435 \u043d\u0430 \u0444\u043e\u0440\u043c\u0443\u043b\u044f\u0440<\/span><\/button><\/div><\/div><div class=\"w-form-message\"><\/div><div class=\"w-form-json hidden\" onclick='return {&quot;ajaxurl&quot;:&quot;https:\\\/\\\/freshline-europe.com\\\/wp-admin\\\/admin-ajax.php&quot;,&quot;messages&quot;:{&quot;err_empty&quot;:&quot;Fill out this field&quot;,&quot;err_size&quot;:&quot;File size cannot exceed %s MB&quot;,&quot;err_extension&quot;:&quot;%s file type is not allowed&quot;,&quot;err_recaptcha_keys&quot;:&quot;reCAPTCHA keys are incorrect&quot;}}'><\/div><\/form><div class=\"w-separator size_custom\" style=\"height:10px\"><\/div>[vc_custom_heading text=&#8220;\u0423\u043a\u0430\u0437\u0430\u043d\u0438\u044f&#8220; font_container=&#8220;tag:h3|text_align:left&#8220; use_theme_fonts=&#8220;yes&#8220;]<div class=\"g-cols wpb_row via_flex valign_top type_default stacking_default\"><div class=\"vc_col-sm-6 wpb_column vc_column_container\"><div class=\"vc_column-inner\"><div class=\"wpb_wrapper\"><div class=\"wpb_text_column\"><div class=\"wpb_wrapper\"><p style=\"text-align: center;\"><strong>FRESHLine Europe GmbH, \u0410\u0432\u0441\u0442\u0440\u0438\u044f<\/strong><\/p>\n<\/div><\/div><div class=\"w-separator size_custom\" style=\"height:10px\"><\/div>[vc_raw_html]PGlmcmFtZSBzcmM9Imh0dHBzOi8vd3d3Lmdvb2dsZS5jb20vbWFwcy9lbWJlZD9wYj0hMW0xOCExbTEyITFtMyExZDI2NjMuNTUwNjA3MDE5NDg0ITJkMTQuOTYwMzE1OTUxNzk5ODc0ITNkNDguMTE4OTA0MTc5MTE5OSEybTMhMWYwITJmMCEzZjAhM20yITFpMTAyNCEyaTc2OCE0ZjEzLjEhM20zITFtMiExczB4NDc3MjQ3ZWU4Yjc5MThmMSUzQTB4NmVlNWFmNTIxNTE1MzBkMiEyc0ZSRVNITGluZSUyMEV1cm9wZSUyMEdtYkghNWUwITNtMiExc2RlITJzYXQhNHYxNjcwMDgwMTE0NDQ1ITVtMiExc2RlITJzYXQiIHdpZHRoPSIzNjAwIiBoZWlnaHQ9IjQ1MCIgc3R5bGU9ImJvcmRlcjowOyIgYWxsb3dmdWxsc2NyZWVuPSIiIGxvYWRpbmc9ImxhenkiIHJlZmVycmVycG9saWN5PSJuby1yZWZlcnJlci13aGVuLWRvd25ncmFkZSI+PC9pZnJhbWU+[\/vc_raw_html]<\/div><\/div><\/div><div class=\"vc_col-sm-6 wpb_column vc_column_container\"><div class=\"vc_column-inner\"><div class=\"wpb_wrapper\"><div class=\"wpb_text_column\"><div class=\"wpb_wrapper\"><p style=\"text-align: center;\"><strong>FRESHLine Europe s.r.o., \u0427\u0435\u0448\u043a\u0430 \u0440\u0435\u043f\u0443\u0431\u043b\u0438\u043a\u0430<\/strong><\/p>\n<\/div><\/div><div class=\"w-separator size_custom\" style=\"height:10px\"><\/div>[vc_raw_html]PGlmcmFtZSBzcmM9Imh0dHBzOi8vd3d3Lmdvb2dsZS5jb20vbWFwcy9lbWJlZD9wYj0hMW0xOCExbTEyITFtMyExZDI2MTguNzAwODA0MjI4Njg2ITJkMTQuNDU1NDMyNDUxODIwNTIyITNkNDguOTc4MjE5NTc5MTk3NzYhMm0zITFmMCEyZjAhM2YwITNtMiExaTEwMjQhMmk3NjghNGYxMy4xITNtMyExbTIhMXMweDQ3NzM1MDI5ZGNiNzA0YzMlM0EweDZiMmQwM2Q0OTI1NTc5YTUhMnNTdWtvdmElMjAyJTJDJTIwMzcwJTIwMDUlMjAlQzQlOENlc2slQzMlQTklMjBCdWQlQzQlOUJqb3ZpY2UlMkMlMjBUc2NoZWNoaWVuITVlMCEzbTIhMXNkZSEyc2F0ITR2MTY3MDA4MDE3NTYyOCE1bTIhMXNkZSEyc2F0IiB3aWR0aD0iMzYwMCIgaGVpZ2h0PSI0NTAiIHN0eWxlPSJib3JkZXI6MDsiIGFsbG93ZnVsbHNjcmVlbj0iIiBsb2FkaW5nPSJsYXp5IiByZWZlcnJlcnBvbGljeT0ibm8tcmVmZXJyZXItd2hlbi1kb3duZ3JhZGUiPjwvaWZyYW1lPg==[\/vc_raw_html]<\/div><\/div><\/div><\/div><\/div><\/div><\/div><\/div><\/div><\/section>\n","protected":false},"excerpt":{"rendered":"[vc_custom_heading text=\"\u0421\u0432\u044a\u0440\u0436\u0435\u0442\u0435 \u0441\u0435 \u0441\" font_container=\"tag:h1|text_align:left\" use_theme_fonts=\"yes\"][vc_custom_heading text=\"\u0414\u0430\u043d\u043d\u0438 \u0437\u0430 \u043a\u043e\u043d\u0442\u0430\u043a\u0442\" font_container=\"tag:h3|text_align:left\" use_theme_fonts=\"yes\"]FRESHLine Europe GmbH Hermannsdorf 2a 3304 St. Georgen am Ybbsfelde \u0410\u0432\u0441\u0442\u0440\u0438\u044f \u0422\u0435\u043b: +43 7473 30 900 \u0415\u043b\u0435\u043a\u0442\u0440\u043e\u043d\u043d\u0430 \u043f\u043e\u0449\u0430: office@freshline-europe.com \u0418\u043d\u0442\u0435\u0440\u043d\u0435\u0442: www.freshline-europe.com FRESHLine Europe s.r.o. \u0421\u0443\u043a\u043e\u0432\u0430 2 370 05 \u010cesk\u00e9 Bud\u011bjovice \u0427\u0435\u0448\u043a\u0430 \u0440\u0435\u043f\u0443\u0431\u043b\u0438\u043a\u0430 \u0422\u0435\u043b: +420 388 880 125 \u0415\u043b\u0435\u043a\u0442\u0440\u043e\u043d\u043d\u0430 \u043f\u043e\u0449\u0430: office@freshline-europe.com \u0418\u043d\u0442\u0435\u0440\u043d\u0435\u0442: www.freshline-europe.com [vc_custom_heading text=\"\u0424\u043e\u0440\u043c\u0430 \u0437\u0430...","protected":false},"author":1,"featured_media":0,"parent":0,"menu_order":0,"comment_status":"closed","ping_status":"closed","template":"","meta":{"footnotes":""},"class_list":["post-853","page","type-page","status-publish","hentry"],"_links":{"self":[{"href":"https:\/\/freshline-europe.com\/bg\/wp-json\/wp\/v2\/pages\/853","targetHints":{"allow":["GET"]}}],"collection":[{"href":"https:\/\/freshline-europe.com\/bg\/wp-json\/wp\/v2\/pages"}],"about":[{"href":"https:\/\/freshline-europe.com\/bg\/wp-json\/wp\/v2\/types\/page"}],"author":[{"embeddable":true,"href":"https:\/\/freshline-europe.com\/bg\/wp-json\/wp\/v2\/users\/1"}],"replies":[{"embeddable":true,"href":"https:\/\/freshline-europe.com\/bg\/wp-json\/wp\/v2\/comments?post=853"}],"version-history":[{"count":4,"href":"https:\/\/freshline-europe.com\/bg\/wp-json\/wp\/v2\/pages\/853\/revisions"}],"predecessor-version":[{"id":1952,"href":"https:\/\/freshline-europe.com\/bg\/wp-json\/wp\/v2\/pages\/853\/revisions\/1952"}],"wp:attachment":[{"href":"https:\/\/freshline-europe.com\/bg\/wp-json\/wp\/v2\/media?parent=853"}],"curies":[{"name":"wp","href":"https:\/\/api.w.org\/{rel}","templated":true}]}}