{"id":1036,"date":"2022-07-12T10:13:19","date_gmt":"2022-07-12T08:13:19","guid":{"rendered":"https:\/\/freshline-europe.com\/otisk\/"},"modified":"2023-05-25T16:12:13","modified_gmt":"2023-05-25T14:12:13","slug":"otisk","status":"publish","type":"page","link":"https:\/\/freshline-europe.com\/cs\/otisk\/","title":{"rendered":"Otisk"},"content":{"rendered":"<section class=\"l-section wpb_row height_medium\"><div class=\"l-section-h i-cf\"><div class=\"g-cols vc_row via_flex valign_top type_default stacking_default\"><div class=\"vc_col-sm-12 wpb_column vc_column_container\"><div class=\"vc_column-inner\"><div class=\"wpb_wrapper\">[vc_custom_heading text=&#8220;Otisk&#8220; font_container=&#8220;tag:h3|text_align:left&#8220; use_theme_fonts=&#8220;yes&#8220;]<div class=\"g-cols wpb_row via_flex valign_top type_default stacking_default\"><div class=\"vc_col-sm-6 wpb_column vc_column_container\"><div class=\"vc_column-inner\"><div class=\"wpb_wrapper\"><div class=\"wpb_text_column\"><div class=\"wpb_wrapper\"><p><strong>FRESHLine Europe GmbH<\/strong><br \/>\nHermannsdorf 2a<br \/>\n3304 St. Georgen am Ybbsfelde<br \/>\nRakousko<\/p>\n<p>Tel: <a href=\"tel:+43%207473%2030%20900\">+43 7473 30 900<\/a><br \/>\nE-mail: <a href=\"mailto:office@freshline-europe.com\">office@freshline-europe.com<\/a><br \/>\nInternet: <a href=\"https:\/\/freshline-europe.com\/cs\/\" target=\"_blank\" rel=\"noopener\">www.freshline-europe.com<\/a><\/p>\n<p>Obchodn\u00ed rejst\u0159\u00edk: FN 552403 h<br \/>\nUID: ATU76741616<\/p>\n<\/div><\/div><\/div><\/div><\/div><div class=\"vc_col-sm-6 wpb_column vc_column_container\"><div class=\"vc_column-inner\"><div class=\"wpb_wrapper\"><div class=\"wpb_text_column\"><div class=\"wpb_wrapper\"><p><strong>FRESHLine Europe s.r.o.<\/strong><br \/>\nSukova 2<br \/>\n370 05 \u010cesk\u00e9 Bud\u011bjovice<br \/>\n\u010cesk\u00e1 republika<\/p>\n<p>Tel: <a href=\"tel:+420%20388%20880%20125\">+420 388 880 125<\/a><br \/>\nE-mail: <a href=\"mailto:office@freshline-europe.com\">office@freshline-europe.com<\/a><br \/>\nInternet: <a href=\"https:\/\/freshline-europe.com\/cs\/\" target=\"_blank\" rel=\"noopener\">www.freshline-europe.com<\/a><\/p>\n<p>UID: CZ03966909<\/p>\n<\/div><\/div><\/div><\/div><\/div><\/div><div class=\"w-separator size_small with_line width_default thick_1 style_solid color_border align_center\"><div class=\"w-separator-h\"><\/div><\/div><div class=\"wpb_text_column\"><div class=\"wpb_wrapper\"><p><strong>Oberbank AG<\/strong> (EURO \u00fa\u010det)<br \/>\nIBAN AT10 1500 0002 4128 5006<br \/>\nBIC: OBKLAT2L<\/p>\n<p><strong>Sparkasse Nieder\u00f6sterreich Mitte West AG<\/strong> (EURO \u00fa\u010det)<br \/>\nIBAN: AT89 2025 6000 0061 0683<br \/>\nBIC : SPSPAT 21XXX<\/p>\n<p>Pracujeme v\u00fdhradn\u011b na z\u00e1klad\u011b &#8222;V\u0161eobecn\u00fdch rakousk\u00fdch zas\u00edlatelsk\u00fdch podm\u00ednek&#8220; (A\u00d6Sp) v nejnov\u011bj\u0161\u00ed verzi.<br \/>\nM\u00edstem p\u0159\u00edslu\u0161nosti a v\u00fdkonu je St. P\u00f6lten.<br \/>\nV\u00fdkonn\u00fd \u0159editel: Christoph Kralowetz<\/p>\n<\/div><\/div><div class=\"w-separator size_small with_line width_default thick_1 style_solid color_border align_center\"><div class=\"w-separator-h\"><\/div><\/div><div class=\"g-cols wpb_row via_flex valign_top type_default stacking_default\"><div class=\"vc_col-sm-12 wpb_column vc_column_container\"><div class=\"vc_column-inner\"><div class=\"wpb_wrapper\">[vc_custom_heading text=&#8220;Povinnost informovat&#8220; font_container=&#8220;tag:h3|text_align:left&#8220; use_theme_fonts=&#8220;yes&#8220;]<\/div><\/div><\/div><\/div><div class=\"w-separator size_custom\" style=\"height:20px\"><\/div><div class=\"wpb_text_column\"><div class=\"wpb_wrapper\"><p><strong>Odpov\u011bdnost za obsah t\u011bchto webov\u00fdch str\u00e1nek<\/strong><br \/>\nTyto webov\u00e9 str\u00e1nky jsou ur\u010deny k tomu, aby poskytovaly ve\u0159ejn\u00fd p\u0159\u00edstup k informac\u00edm o spole\u010dnosti FRESHLine Europe GmbH. Informace na t\u011bchto webov\u00fdch str\u00e1nk\u00e1ch jsme p\u0159ipravili podle na\u0161eho nejlep\u0161\u00edho v\u011bdom\u00ed a sv\u011bdom\u00ed. P\u0159es ve\u0161kerou p\u00e9\u010di v\u0161ak nelze zaru\u010dit absolutn\u00ed p\u0159esnost, aktu\u00e1lnost a spr\u00e1vnost zde uveden\u00fdch informac\u00ed. Pokud zjist\u00edme n\u011bjak\u00e9 chyby nebo omyly, vynasna\u017e\u00edme se je opravit. Budeme v\u00e1m vd\u011b\u010dni za jak\u00e9koli informace, kter\u00e9 k tomuto t\u00e9matu m\u00e1te.<\/p>\n<p><strong>Odpov\u011bdnost za hypertextov\u00e9 odkazy<\/strong><br \/>\nNa na\u0161ich str\u00e1nk\u00e1ch jsme um\u00edstili odkazy na jin\u00e9 str\u00e1nky na internetu. U v\u0161ech t\u011bchto odkaz\u016f nem\u00e1me \u017e\u00e1dn\u00fd vliv na podobu a obsah odkazovan\u00fdch str\u00e1nek. V\u00fdslovn\u011b se proto distancujeme od obsahu t\u011bchto odkazovan\u00fdch str\u00e1nek a nep\u0159ij\u00edm\u00e1me je za sv\u00e9. To plat\u00ed pro obsah v\u0161ech extern\u00edch webov\u00fdch str\u00e1nek, kter\u00e9 jsou p\u0159\u00edstupn\u00e9 prost\u0159ednictv\u00edm na\u0161ich webov\u00fdch str\u00e1nek (v\u010detn\u011b banner\u016f, n\u00e1v\u0161t\u011bvn\u00edch knih nebo p\u0159ep\u00e1\u017eek).<br \/>\nPokud se dozv\u00edme o jak\u00e9koli nez\u00e1konn\u00e9 \u010dinnosti nebo informac\u00edch na n\u00e1mi odkazovan\u00fdch webov\u00fdch str\u00e1nk\u00e1ch, p\u0159\u00edslu\u0161n\u00fd odkaz okam\u017eit\u011b odstran\u00edme. Pokud o tom n\u011bco v\u00edte, po\u0161lete n\u00e1m pros\u00edm e-mail.<\/p>\n<p>Fotografie a videoz\u00e1znamy ze <a href=\"https:\/\/www.shutterstock.com\/\" target=\"_blank\" rel=\"noopener noreferrer\">Shutterstock<\/a> | Soukrom\u00fd archiv<br \/>\nWebov\u00e9 str\u00e1nky od <a href=\"http:\/\/max-online.at\" target=\"_blank\" rel=\"noopener\">max-online.at<\/a><\/p>\n<\/div><\/div><\/div><\/div><\/div><\/div><\/div><\/section>\n","protected":false},"excerpt":{"rendered":"[vc_custom_heading text=\"Otisk\" font_container=\"tag:h3|text_align:left\" use_theme_fonts=\"yes\"]FRESHLine Europe GmbH Hermannsdorf 2a 3304 St. Georgen am Ybbsfelde Rakousko Tel: +43 7473 30 900 E-mail: office@freshline-europe.com Internet: www.freshline-europe.com Obchodn\u00ed rejst\u0159\u00edk: FN 552403 h UID: ATU76741616 FRESHLine Europe s.r.o. Sukova 2 370 05 \u010cesk\u00e9 Bud\u011bjovice \u010cesk\u00e1 republika Tel: +420 388 880 125 E-mail: office@freshline-europe.com Internet: www.freshline-europe.com UID: CZ03966909 Oberbank AG (EURO...","protected":false},"author":1,"featured_media":0,"parent":0,"menu_order":0,"comment_status":"closed","ping_status":"closed","template":"","meta":{"footnotes":""},"class_list":["post-1036","page","type-page","status-publish","hentry"],"_links":{"self":[{"href":"https:\/\/freshline-europe.com\/cs\/wp-json\/wp\/v2\/pages\/1036","targetHints":{"allow":["GET"]}}],"collection":[{"href":"https:\/\/freshline-europe.com\/cs\/wp-json\/wp\/v2\/pages"}],"about":[{"href":"https:\/\/freshline-europe.com\/cs\/wp-json\/wp\/v2\/types\/page"}],"author":[{"embeddable":true,"href":"https:\/\/freshline-europe.com\/cs\/wp-json\/wp\/v2\/users\/1"}],"replies":[{"embeddable":true,"href":"https:\/\/freshline-europe.com\/cs\/wp-json\/wp\/v2\/comments?post=1036"}],"version-history":[{"count":15,"href":"https:\/\/freshline-europe.com\/cs\/wp-json\/wp\/v2\/pages\/1036\/revisions"}],"predecessor-version":[{"id":2008,"href":"https:\/\/freshline-europe.com\/cs\/wp-json\/wp\/v2\/pages\/1036\/revisions\/2008"}],"wp:attachment":[{"href":"https:\/\/freshline-europe.com\/cs\/wp-json\/wp\/v2\/media?parent=1036"}],"curies":[{"name":"wp","href":"https:\/\/api.w.org\/{rel}","templated":true}]}}