{"id":1088,"date":"2022-12-04T11:32:54","date_gmt":"2022-12-04T10:32:54","guid":{"rendered":"https:\/\/freshline-europe.com\/ke-stazeni-na\/"},"modified":"2022-12-18T10:31:21","modified_gmt":"2022-12-18T09:31:21","slug":"ke-stazeni-na","status":"publish","type":"page","link":"https:\/\/freshline-europe.com\/cs\/ke-stazeni-na\/","title":{"rendered":"Ke sta\u017een\u00ed na"},"content":{"rendered":"<section class=\"l-section wpb_row us_custom_664ab32c has_text_color height_medium with_img\"><div class=\"l-section-img\" role=\"img\" aria-label=\"Obr\u00e1zek\" data-img-width=\"1500\" data-img-height=\"700\" style=\"background-image: url(https:\/\/freshline-europe.com\/wp-content\/uploads\/2022\/07\/Musterheader.jpg);\"><\/div><div class=\"l-section-overlay\" style=\"background:rgba(26,26,26,0.30)\"><\/div><div class=\"l-section-h i-cf\"><div class=\"g-cols vc_row via_flex valign_top type_default stacking_default\"><div class=\"vc_col-sm-12 wpb_column vc_column_container\"><div class=\"vc_column-inner\"><div class=\"wpb_wrapper\">[vc_custom_heading text=&#8220;Ke sta\u017een\u00ed na&#8220; font_container=&#8220;tag:h1|text_align:left&#8220; use_theme_fonts=&#8220;yes&#8220;]<\/div><\/div><\/div><\/div><\/div><\/section><section class=\"l-section wpb_row height_medium\"><div class=\"l-section-h i-cf\"><div class=\"g-cols vc_row via_flex valign_top type_default stacking_default\"><div class=\"vc_col-sm-12 wpb_column vc_column_container\"><div class=\"vc_column-inner\"><div class=\"wpb_wrapper\">[vc_custom_heading text=&#8220;Informace ke sta\u017een\u00ed&#8220; font_container=&#8220;tag:h4|text_align:left&#8220; use_theme_fonts=&#8220;yes&#8220;]<div class=\"wpb_text_column us_custom_71d3e3d1\"><div class=\"wpb_wrapper\"><p>Zde najdete ke sta\u017een\u00ed r\u016fzn\u00e9 dokumenty, licence, v\u0161eobecn\u00e9 podm\u00ednky a mnoho dal\u0161\u00edho. Na\u0161e sekce ke sta\u017een\u00ed se neust\u00e1le roz\u0161i\u0159uje a aktualizuje. V p\u0159\u00edpad\u011b jak\u00fdchkoli dotaz\u016f n\u00e1s nev\u00e1hejte kontaktovat. Pro va\u0161e dotazy je nejlep\u0161\u00ed pou\u017e\u00edt n\u00e1\u0161 <a href=\"https:\/\/freshline-europe.com\/cs\/kontakt\/\">kontaktn\u00ed formul\u00e1\u0159<\/a>.<\/p>\n<\/div><\/div><div class=\"w-separator size_medium\"><\/div><div class=\"g-cols wpb_row via_flex valign_top type_default stacking_default\"><div class=\"vc_col-sm-6 wpb_column vc_column_container\"><div class=\"vc_column-inner\"><div class=\"wpb_wrapper\"><div class=\"wpb_text_column us_custom_5f058685\"><div class=\"wpb_wrapper\"><p><span style=\"color: #1b1b1b;\"><i class=\"fas\" style=\"font-size: 15px;\"><\/i> <a style=\"color: #333333;\" href=\"http:\/\/freshline-europe.com\/wp-content\/uploads\/2022\/12\/Allgemeine-Oesterreichische-Spediteurbedingungen-AOESp.pdf\" target=\"_blank\" rel=\"noopener\">Allgemeine \u00f6sterr. Zas\u00edlatelsk\u00e9 podm\u00ednky AOESp<\/a><\/span><\/p>\n<\/div><\/div><\/div><\/div><\/div><div class=\"vc_col-sm-6 wpb_column vc_column_container\"><div class=\"vc_column-inner\"><div class=\"wpb_wrapper\"><div class=\"wpb_text_column us_custom_0ae403e1\"><div class=\"wpb_wrapper\"><p><span style=\"color: #1b1b1b;\"><i class=\"fas\" style=\"font-size: 15px;\"> <a style=\"color: #333333;\" href=\"http:\/\/freshline-europe.com\/wp-content\/uploads\/2022\/12\/AGB-zu-Ladeauftrag-an-Dienstleister.pdf\" target=\"_blank\" rel=\"noopener\">V\u0161eobecn\u00e9 podm\u00ednky pro zad\u00e1n\u00ed objedn\u00e1vky poskytovateli slu\u017eeb<\/a><\/i><\/span><\/p>\n<\/div><\/div><\/div><\/div><\/div><\/div><div class=\"w-separator size_custom\" style=\"height:25px\"><\/div><div class=\"g-cols wpb_row via_flex valign_top type_default stacking_default\"><div class=\"vc_col-sm-6 wpb_column vc_column_container\"><div class=\"vc_column-inner\"><div class=\"wpb_wrapper\"><div class=\"wpb_text_column us_custom_3995f6d2\"><div class=\"wpb_wrapper\"><p><span style=\"color: #1b1b1b;\"><i class=\"fas\" style=\"font-size: 15px;\"> <a style=\"color: #333333;\" href=\"http:\/\/freshline-europe.com\/wp-content\/uploads\/2022\/12\/AGB-fuer-die-Transportuebernahme-Auftragsbestaetigung.pdf\" target=\"_blank\" rel=\"noopener\">V\u0161eobecn\u00e9 obchodn\u00ed podm\u00ednky Potvrzen\u00ed objedn\u00e1vky o p\u0159evzet\u00ed p\u0159epravy<\/a><\/i><\/span><\/p>\n<\/div><\/div><\/div><\/div><\/div><div class=\"vc_col-sm-6 wpb_column vc_column_container\"><div class=\"vc_column-inner\"><div class=\"wpb_wrapper\"><div class=\"wpb_text_column us_custom_080ac385\"><div class=\"wpb_wrapper\"><p><span style=\"color: #1b1b1b;\"><i class=\"fas\" style=\"font-size: 15px;\"> <a style=\"color: #333333;\" href=\"http:\/\/freshline-europe.com\/wp-content\/uploads\/2022\/12\/EU-Lizenz.pdf\" target=\"_blank\" rel=\"noopener\">Licence EU<\/a><\/i><\/span><\/p>\n<\/div><\/div><\/div><\/div><\/div><\/div><div class=\"w-separator size_custom\" style=\"height:25px\"><\/div><div class=\"g-cols wpb_row via_flex valign_top type_default stacking_default\"><div class=\"vc_col-sm-6 wpb_column vc_column_container\"><div class=\"vc_column-inner\"><div class=\"wpb_wrapper\"><div class=\"wpb_text_column us_custom_3995f6d2\"><div class=\"wpb_wrapper\"><p><span style=\"color: #1b1b1b;\"><i class=\"fas\" style=\"font-size: 15px;\"> <a style=\"color: #333333;\" href=\"http:\/\/freshline-europe.com\/wp-content\/uploads\/2022\/12\/CMR-Versicherungsbestaetigung-2023.pdf\" target=\"_blank\" rel=\"noopener\">Potvrzen\u00ed o poji\u0161t\u011bn\u00ed CMR<\/a><\/i><\/span><\/p>\n<\/div><\/div><\/div><\/div><\/div><div class=\"vc_col-sm-6 wpb_column vc_column_container\"><div class=\"vc_column-inner\"><div class=\"wpb_wrapper\"><div class=\"wpb_text_column us_custom_080ac385\"><div class=\"wpb_wrapper\"><p><span style=\"color: #1b1b1b;\"><i class=\"fas\" style=\"font-size: 15px;\"> <a style=\"color: #333333;\" href=\"http:\/\/freshline-europe.com\/wp-content\/uploads\/2022\/12\/Datenschutzgrundverordnung.pdf\" target=\"_blank\" rel=\"noopener\">Obecn\u00e9 na\u0159\u00edzen\u00ed o ochran\u011b osobn\u00edch \u00fadaj\u016f<\/a><\/i><\/span><\/p>\n<\/div><\/div><\/div><\/div><\/div><\/div><\/div><\/div><\/div><\/div><\/div><\/section>\n","protected":false},"excerpt":{"rendered":"[vc_custom_heading text=\"Ke sta\u017een\u00ed na\" font_container=\"tag:h1|text_align:left\" use_theme_fonts=\"yes\"][vc_custom_heading text=\"Informace ke sta\u017een\u00ed\" font_container=\"tag:h4|text_align:left\" use_theme_fonts=\"yes\"]Zde najdete ke sta\u017een\u00ed r\u016fzn\u00e9 dokumenty, licence, v\u0161eobecn\u00e9 podm\u00ednky a mnoho dal\u0161\u00edho. Na\u0161e sekce ke sta\u017een\u00ed se neust\u00e1le roz\u0161i\u0159uje a aktualizuje. V p\u0159\u00edpad\u011b jak\u00fdchkoli dotaz\u016f n\u00e1s nev\u00e1hejte kontaktovat. Pro va\u0161e dotazy je nejlep\u0161\u00ed pou\u017e\u00edt n\u00e1\u0161 kontaktn\u00ed formul\u00e1\u0159. Allgemeine \u00f6sterr. Zas\u00edlatelsk\u00e9 podm\u00ednky AOESp V\u0161eobecn\u00e9 podm\u00ednky pro...","protected":false},"author":1,"featured_media":0,"parent":0,"menu_order":0,"comment_status":"closed","ping_status":"closed","template":"","meta":{"footnotes":""},"class_list":["post-1088","page","type-page","status-publish","hentry"],"_links":{"self":[{"href":"https:\/\/freshline-europe.com\/cs\/wp-json\/wp\/v2\/pages\/1088","targetHints":{"allow":["GET"]}}],"collection":[{"href":"https:\/\/freshline-europe.com\/cs\/wp-json\/wp\/v2\/pages"}],"about":[{"href":"https:\/\/freshline-europe.com\/cs\/wp-json\/wp\/v2\/types\/page"}],"author":[{"embeddable":true,"href":"https:\/\/freshline-europe.com\/cs\/wp-json\/wp\/v2\/users\/1"}],"replies":[{"embeddable":true,"href":"https:\/\/freshline-europe.com\/cs\/wp-json\/wp\/v2\/comments?post=1088"}],"version-history":[{"count":10,"href":"https:\/\/freshline-europe.com\/cs\/wp-json\/wp\/v2\/pages\/1088\/revisions"}],"predecessor-version":[{"id":1917,"href":"https:\/\/freshline-europe.com\/cs\/wp-json\/wp\/v2\/pages\/1088\/revisions\/1917"}],"wp:attachment":[{"href":"https:\/\/freshline-europe.com\/cs\/wp-json\/wp\/v2\/media?parent=1088"}],"curies":[{"name":"wp","href":"https:\/\/api.w.org\/{rel}","templated":true}]}}