{"id":932,"date":"2022-07-12T10:13:19","date_gmt":"2022-07-12T08:13:19","guid":{"rendered":"https:\/\/freshline-europe.com\/imprint\/"},"modified":"2023-05-25T16:12:14","modified_gmt":"2023-05-25T14:12:14","slug":"imprint","status":"publish","type":"page","link":"https:\/\/freshline-europe.com\/en\/imprint\/","title":{"rendered":"Imprint"},"content":{"rendered":"<section class=\"l-section wpb_row height_medium\"><div class=\"l-section-h i-cf\"><div class=\"g-cols vc_row via_flex valign_top type_default stacking_default\"><div class=\"vc_col-sm-12 wpb_column vc_column_container\"><div class=\"vc_column-inner\"><div class=\"wpb_wrapper\">[vc_custom_heading text=&#8221;Imprint&#8221; font_container=&#8221;tag:h3|text_align:left&#8221; use_theme_fonts=&#8221;yes&#8221;]<div class=\"g-cols wpb_row via_flex valign_top type_default stacking_default\"><div class=\"vc_col-sm-6 wpb_column vc_column_container\"><div class=\"vc_column-inner\"><div class=\"wpb_wrapper\"><div class=\"wpb_text_column\"><div class=\"wpb_wrapper\"><p><strong>FRESHLine Europe GmbH<\/strong><br \/>\nHermannsdorf 2a<br \/>\n3304 St. Georgen am Ybbsfelde<br \/>\nAustria<\/p>\n<p>Tel: <a href=\"tel:+43%207473%2030%20900\">+43 7473 30 900<\/a><br \/>\nE-mail: <a href=\"mailto:office@freshline-europe.com\">office@freshline-europe.com<\/a><br \/>\nInternet: <a href=\"https:\/\/freshline-europe.com\/en\/\" target=\"_blank\" rel=\"noopener\">www.freshline-europe.com<\/a><\/p>\n<p>Company register: FN 552403 h<br \/>\nUID: ATU76741616<\/p>\n<\/div><\/div><\/div><\/div><\/div><div class=\"vc_col-sm-6 wpb_column vc_column_container\"><div class=\"vc_column-inner\"><div class=\"wpb_wrapper\"><div class=\"wpb_text_column\"><div class=\"wpb_wrapper\"><p><strong>FRESHLine Europe s.r.o.<\/strong><br \/>\nSukova 2<br \/>\n370 05 \u010cesk\u00e9 Bud\u011bjovice<br \/>\nCzech Republic<\/p>\n<p>Tel: <a href=\"tel:+420%20388%20880%20125\">+420 388 880 125<\/a><br \/>\nE-mail: <a href=\"mailto:office@freshline-europe.com\">office@freshline-europe.com<\/a><br \/>\nInternet: <a href=\"https:\/\/freshline-europe.com\/en\/\" target=\"_blank\" rel=\"noopener\">www.freshline-europe.com<\/a><\/p>\n<p>UID: CZ03966909<\/p>\n<\/div><\/div><\/div><\/div><\/div><\/div><div class=\"w-separator size_small with_line width_default thick_1 style_solid color_border align_center\"><div class=\"w-separator-h\"><\/div><\/div><div class=\"wpb_text_column\"><div class=\"wpb_wrapper\"><p><strong>Oberbank AG<\/strong> (EURO account)<br \/>\nIBAN AT10 1500 0002 4128 5006<br \/>\nBIC: OBKLAT2L<\/p>\n<p><strong>Sparkasse Nieder\u00f6sterreich Mitte West AG<\/strong> (EURO account)<br \/>\nIBAN: AT89 2025 6000 0061 0683<br \/>\nBIC : SPSPAT 21XXX<\/p>\n<p>We work exclusively on the basis of the &#8220;General Austrian Forwarders&#8217; Terms and Conditions&#8221; (A\u00d6Sp) latest version.<br \/>\nPlace of jurisdiction and place of performance is St. P\u00f6lten.<br \/>\nManaging Director: Christoph Kralowetz<\/p>\n<\/div><\/div><div class=\"w-separator size_small with_line width_default thick_1 style_solid color_border align_center\"><div class=\"w-separator-h\"><\/div><\/div><div class=\"g-cols wpb_row via_flex valign_top type_default stacking_default\"><div class=\"vc_col-sm-12 wpb_column vc_column_container\"><div class=\"vc_column-inner\"><div class=\"wpb_wrapper\">[vc_custom_heading text=&#8221;Duty to inform&#8221; font_container=&#8221;tag:h3|text_align:left&#8221; use_theme_fonts=&#8221;yes&#8221;]<\/div><\/div><\/div><\/div><div class=\"w-separator size_custom\" style=\"height:20px\"><\/div><div class=\"wpb_text_column\"><div class=\"wpb_wrapper\"><p><strong>Liability for content on this website<\/strong><br \/>\nThis website is intended to provide public access to information about FRESHLine Europe GmbH. The information on this website is prepared by us to the best of our knowledge and belief. Despite all due care, however, the absolute accuracy, timeliness and correctness of the information provided here cannot be guaranteed. If we become aware of any errors or mistakes, we will endeavor to correct them. We would be grateful for any comments you may have on this subject.<\/p>\n<p><strong>Liability for hyperlinks<\/strong><br \/>\nWe have placed links to other sites on the Internet on our pages. For all these links, we have no influence on the design and content of the linked pages. We therefore expressly distance ourselves from the contents of these linked pages and do not adopt them as our own. This applies to the content of all external websites that can be reached through our website (including through banners, guest books or counters).<br \/>\nIf we become aware of any illegal activity or information on a website linked by us, we will immediately remove the corresponding link. If you have any knowledge of such information, please send us an e-mail.<\/p>\n<p>Photo and video footage from <a href=\"https:\/\/www.shutterstock.com\/\" target=\"_blank\" rel=\"noopener noreferrer\">Shutterstock<\/a> | Private Archive<br \/>\nWebsite by <a href=\"http:\/\/max-online.at\" target=\"_blank\" rel=\"noopener\">max-online.at<\/a><\/p>\n<\/div><\/div><\/div><\/div><\/div><\/div><\/div><\/section>\n","protected":false},"excerpt":{"rendered":"[vc_custom_heading text=\"Imprint\" font_container=\"tag:h3|text_align:left\" use_theme_fonts=\"yes\"]FRESHLine Europe GmbH Hermannsdorf 2a 3304 St. Georgen am Ybbsfelde Austria Tel: +43 7473 30 900 E-mail: office@freshline-europe.com Internet: www.freshline-europe.com Company register: FN 552403 h UID: ATU76741616 FRESHLine Europe s.r.o. Sukova 2 370 05 \u010cesk\u00e9 Bud\u011bjovice Czech Republic Tel: +420 388 880 125 E-mail: office@freshline-europe.com Internet: www.freshline-europe.com UID: CZ03966909 Oberbank AG (EURO...","protected":false},"author":1,"featured_media":0,"parent":0,"menu_order":0,"comment_status":"closed","ping_status":"closed","template":"","meta":{"footnotes":""},"class_list":["post-932","page","type-page","status-publish","hentry"],"_links":{"self":[{"href":"https:\/\/freshline-europe.com\/en\/wp-json\/wp\/v2\/pages\/932","targetHints":{"allow":["GET"]}}],"collection":[{"href":"https:\/\/freshline-europe.com\/en\/wp-json\/wp\/v2\/pages"}],"about":[{"href":"https:\/\/freshline-europe.com\/en\/wp-json\/wp\/v2\/types\/page"}],"author":[{"embeddable":true,"href":"https:\/\/freshline-europe.com\/en\/wp-json\/wp\/v2\/users\/1"}],"replies":[{"embeddable":true,"href":"https:\/\/freshline-europe.com\/en\/wp-json\/wp\/v2\/comments?post=932"}],"version-history":[{"count":8,"href":"https:\/\/freshline-europe.com\/en\/wp-json\/wp\/v2\/pages\/932\/revisions"}],"predecessor-version":[{"id":2010,"href":"https:\/\/freshline-europe.com\/en\/wp-json\/wp\/v2\/pages\/932\/revisions\/2010"}],"wp:attachment":[{"href":"https:\/\/freshline-europe.com\/en\/wp-json\/wp\/v2\/media?parent=932"}],"curies":[{"name":"wp","href":"https:\/\/api.w.org\/{rel}","templated":true}]}}