{"id":713,"date":"2022-07-12T10:13:07","date_gmt":"2022-07-12T08:13:07","guid":{"rendered":"https:\/\/freshline-europe.com\/galletas\/"},"modified":"2023-05-25T16:12:07","modified_gmt":"2023-05-25T14:12:07","slug":"galletas","status":"publish","type":"page","link":"https:\/\/freshline-europe.com\/es\/galletas\/","title":{"rendered":"Cookies"},"content":{"rendered":"<section class=\"l-section wpb_row height_medium\"><div class=\"l-section-h i-cf\"><div class=\"g-cols vc_row via_flex valign_top type_default stacking_default\"><div class=\"vc_col-sm-12 wpb_column vc_column_container\"><div class=\"vc_column-inner\"><div class=\"wpb_wrapper\">[vc_custom_heading text=\u00bbCookies\u00bb font_container=\u00bbtag:h3|text_align:left\u00bb use_theme_fonts=\u00bbyes\u00bb]<div class=\"wpb_text_column\"><div class=\"wpb_wrapper\"><p>Para que este sitio web funcione correctamente, a veces colocamos peque\u00f1os archivos -conocidos como cookies- en su dispositivo. Esta es una pr\u00e1ctica habitual en la mayor\u00eda de los grandes sitios web.<\/p>\n<p><strong>\u00bfQu\u00e9 son las cookies?<\/strong><\/p>\n<p>Una cookie es un peque\u00f1o archivo de texto que un portal web deja en su ordenador, tablet o smartphone cuando lo visita. Esto permite que el portal \u00abrecuerde\u00bb ciertas entradas y configuraciones (por ejemplo, el inicio de sesi\u00f3n, el idioma, el tama\u00f1o de la fuente y otras preferencias de visualizaci\u00f3n) durante un per\u00edodo de tiempo, y no es necesario que las introduzca de nuevo cada vez que visite y navegue por el portal.<\/p>\n<p><strong>\u00bfC\u00f3mo utilizamos las cookies?<\/strong><\/p>\n<p>En nuestras p\u00e1ginas utilizamos cookies para almacenar<\/p>\n<ul>\n<li>sus preferencias de visualizaci\u00f3n en pantalla, por ejemplo, el contraste y el tama\u00f1o de la letra<\/li>\n<li>Su participaci\u00f3n, si la hay, en una encuesta sobre la utilidad del contenido (para que no se le vuelva a pedir que responda mediante una ventana emergente).<\/li>\n<li>su decisi\u00f3n de utilizar (o no) cookies en este portal.<\/li>\n<\/ul>\n<p>Adem\u00e1s, algunos v\u00eddeos incrustados en nuestras p\u00e1ginas utilizan cookies para crear estad\u00edsticas an\u00f3nimas sobre las p\u00e1ginas visitadas anteriormente y los v\u00eddeos seleccionados.<\/p>\n<p>Aceptar las cookies no es absolutamente necesario para utilizar el portal, pero hace que la navegaci\u00f3n sea m\u00e1s agradable. Puede bloquear o eliminar las cookies, pero esto puede afectar a algunas funciones de este sitio web.<\/p>\n<p>La informaci\u00f3n recopilada mediante cookies no se utiliza para identificarle y los datos est\u00e1n totalmente bajo nuestro control. Las cookies no sirven para otros fines que los aqu\u00ed mencionados.<\/p>\n<p><strong>Control de las cookies<\/strong><\/p>\n<p>Usted puede controlar y\/o eliminar las cookies como desee. Puede averiguar c\u00f3mo hacerlo aqu\u00ed: <a href=\"http:\/\/www.allaboutcookies.org\/ge\/\" target=\"_blank\" rel=\"nofollow noopener\">allaboutcookies.org<\/a>. Puede eliminar todas las cookies almacenadas en su ordenador y configurar la mayor\u00eda de los navegadores para que no las almacenen. Pero entonces es posible que tengas que hacer algunos ajustes manualmente cada vez que visites una p\u00e1gina y aceptar el impedimento de algunas funciones.<\/p>\n<\/div><\/div><div class=\"w-separator size_small\"><\/div>[vc_raw_html]W3JjYi1jb25zZW50IHR5cGU9ImNoYW5nZSIgdGFnPSJhIiB0ZXh0PSJDYW1iaWFyIGxhIGNvbmZpZ3VyYWNpw7NuIGRlIHByaXZhY2lkYWQiXQ==[\/vc_raw_html][vc_raw_html]W3JjYi1jb25zZW50IHR5cGU9Imhpc3RvcnkiIHRhZz0iYSIgdGV4dD0iSGlzdG9yaWEgZGUgbGEgY29uZmlndXJhY2nDs24gZGUgbGEgcHJpdmFjaWRhZCJd[\/vc_raw_html][vc_raw_html]W3JjYi1jb25zZW50IHR5cGU9InJldm9rZSIgdGFnPSJhIiB0ZXh0PSJSZXZvY2FyIGxvcyBjb25zZW50aW1pZW50b3MiIHN1Y2Nlc3NtZXNzYWdlPSJEdSBoYXN0IGRpZSBFaW53aWxsaWd1bmcgZXJmb2xncmVpY2ggd2lkZXJydWZlbi4gRGllIFNlaXRlIHdpcmQgbnVuIG5ldSBnZWxhZGVuLiJd[\/vc_raw_html]<\/div><\/div><\/div><\/div><\/div><\/section>\n","protected":false},"excerpt":{"rendered":"[vc_custom_heading text=\"Cookies\" font_container=\"tag:h3|text_align:left\" use_theme_fonts=\"yes\"]Para que este sitio web funcione correctamente, a veces colocamos peque\u00f1os archivos -conocidos como cookies- en su dispositivo. Esta es una pr\u00e1ctica habitual en la mayor\u00eda de los grandes sitios web. \u00bfQu\u00e9 son las cookies? Una cookie es un peque\u00f1o archivo de texto que un portal web deja en su ordenador, tablet...","protected":false},"author":1,"featured_media":0,"parent":0,"menu_order":0,"comment_status":"closed","ping_status":"closed","template":"","meta":{"footnotes":""},"class_list":["post-713","page","type-page","status-publish","hentry"],"_links":{"self":[{"href":"https:\/\/freshline-europe.com\/es\/wp-json\/wp\/v2\/pages\/713","targetHints":{"allow":["GET"]}}],"collection":[{"href":"https:\/\/freshline-europe.com\/es\/wp-json\/wp\/v2\/pages"}],"about":[{"href":"https:\/\/freshline-europe.com\/es\/wp-json\/wp\/v2\/types\/page"}],"author":[{"embeddable":true,"href":"https:\/\/freshline-europe.com\/es\/wp-json\/wp\/v2\/users\/1"}],"replies":[{"embeddable":true,"href":"https:\/\/freshline-europe.com\/es\/wp-json\/wp\/v2\/comments?post=713"}],"version-history":[{"count":7,"href":"https:\/\/freshline-europe.com\/es\/wp-json\/wp\/v2\/pages\/713\/revisions"}],"predecessor-version":[{"id":2004,"href":"https:\/\/freshline-europe.com\/es\/wp-json\/wp\/v2\/pages\/713\/revisions\/2004"}],"wp:attachment":[{"href":"https:\/\/freshline-europe.com\/es\/wp-json\/wp\/v2\/media?parent=713"}],"curies":[{"name":"wp","href":"https:\/\/api.w.org\/{rel}","templated":true}]}}