{"id":918,"date":"2022-07-12T10:13:19","date_gmt":"2022-07-12T08:13:19","guid":{"rendered":"https:\/\/freshline-europe.com\/pie-de-imprenta\/"},"modified":"2023-05-25T16:12:18","modified_gmt":"2023-05-25T14:12:18","slug":"pie-de-imprenta","status":"publish","type":"page","link":"https:\/\/freshline-europe.com\/es\/pie-de-imprenta\/","title":{"rendered":"Pie de imprenta"},"content":{"rendered":"<section class=\"l-section wpb_row height_medium\"><div class=\"l-section-h i-cf\"><div class=\"g-cols vc_row via_flex valign_top type_default stacking_default\"><div class=\"vc_col-sm-12 wpb_column vc_column_container\"><div class=\"vc_column-inner\"><div class=\"wpb_wrapper\">[vc_custom_heading text=\u00bbPie de imprenta\u00bb font_container=\u00bbtag:h3|text_align:left\u00bb use_theme_fonts=\u00bbyes\u00bb]<div class=\"g-cols wpb_row via_flex valign_top type_default stacking_default\"><div class=\"vc_col-sm-6 wpb_column vc_column_container\"><div class=\"vc_column-inner\"><div class=\"wpb_wrapper\"><div class=\"wpb_text_column\"><div class=\"wpb_wrapper\"><p><strong>FRESHLine Europe GmbH<\/strong><br \/>\nHermannsdorf 2a<br \/>\n3304 St. Georgen am Ybbsfelde<br \/>\nAustria<\/p>\n<p>Tel: <a href=\"tel:+43%207473%2030%20900\">+43 7473 30 900<\/a><br \/>\nCorreo electr\u00f3nico: <a href=\"mailto:office@freshline-europe.com\">office@freshline-europe.com<\/a><br \/>\nInternet: <a href=\"https:\/\/freshline-europe.com\/es\/\" target=\"_blank\" rel=\"noopener\">www.freshline-europe.com<\/a><\/p>\n<p>Registro de empresa: FN 552403 h<br \/>\nUID: ATU76741616<\/p>\n<\/div><\/div><\/div><\/div><\/div><div class=\"vc_col-sm-6 wpb_column vc_column_container\"><div class=\"vc_column-inner\"><div class=\"wpb_wrapper\"><div class=\"wpb_text_column\"><div class=\"wpb_wrapper\"><p><strong>FRESHLine Europe s.r.o.<\/strong><br \/>\nSukova 2<br \/>\n370 05 \u010cesk\u00e9 Bud\u011bjovice<br \/>\nRep\u00fablica Checa<\/p>\n<p>Tel: <a href=\"tel:+420%20388%20880%20125\">+420 388 880 125<\/a><br \/>\nCorreo electr\u00f3nico: <a href=\"mailto:office@freshline-europe.com\">office@freshline-europe.com<\/a><br \/>\nInternet: <a href=\"https:\/\/freshline-europe.com\/es\/\" target=\"_blank\" rel=\"noopener\">www.freshline-europe.com<\/a><\/p>\n<p>UID: CZ03966909<\/p>\n<\/div><\/div><\/div><\/div><\/div><\/div><div class=\"w-separator size_small with_line width_default thick_1 style_solid color_border align_center\"><div class=\"w-separator-h\"><\/div><\/div><div class=\"wpb_text_column\"><div class=\"wpb_wrapper\"><p><strong>Oberbank AG<\/strong> (cuenta EURO)<br \/>\nIBAN AT10 1500 0002 4128 5006<br \/>\nBIC: OBKLAT2L<\/p>\n<p><strong>Sparkasse Nieder\u00f6sterreich Mitte West AG<\/strong> (cuenta EURO)<br \/>\nIBAN: AT89 2025 6000 0061 0683<br \/>\nBIC : SPSPAT 21XXX<\/p>\n<p>Trabajamos exclusivamente sobre la base de las \u00abCondiciones Generales de los Transportistas Austriacos\u00bb (A\u00d6Sp) en su \u00faltima versi\u00f3n.<br \/>\nEl lugar de jurisdicci\u00f3n y actuaci\u00f3n es St. P\u00f6lten.<br \/>\nDirector General: Christoph Kralowetz<\/p>\n<\/div><\/div><div class=\"w-separator size_small with_line width_default thick_1 style_solid color_border align_center\"><div class=\"w-separator-h\"><\/div><\/div><div class=\"g-cols wpb_row via_flex valign_top type_default stacking_default\"><div class=\"vc_col-sm-12 wpb_column vc_column_container\"><div class=\"vc_column-inner\"><div class=\"wpb_wrapper\">[vc_custom_heading text=\u00bbDeber de informaci\u00f3n\u00bb font_container=\u00bbtag:h3|text_align:left\u00bb use_theme_fonts=\u00bbyes\u00bb]<\/div><\/div><\/div><\/div><div class=\"w-separator size_custom\" style=\"height:20px\"><\/div><div class=\"wpb_text_column\"><div class=\"wpb_wrapper\"><p><strong>Responsabilidad por el contenido de este sitio web<\/strong><br \/>\nEste sitio web est\u00e1 destinado a proporcionar acceso p\u00fablico a la informaci\u00f3n sobre FRESHLine Europe GmbH. La informaci\u00f3n contenida en este sitio web ha sido elaborada por nosotros a nuestro leal saber y entender. Sin embargo, a pesar de todo el cuidado, no se puede garantizar la absoluta exactitud, actualizaci\u00f3n y correcci\u00f3n de la informaci\u00f3n aqu\u00ed proporcionada. Si tenemos conocimiento de alg\u00fan error o equivocaci\u00f3n, nos esforzaremos por corregirlo. Le agradeceremos cualquier informaci\u00f3n que pueda tener sobre este tema.<\/p>\n<p><strong>Responsabilidad de los hiperv\u00ednculos<\/strong><br \/>\nEn nuestras p\u00e1ginas hemos colocado enlaces a otros sitios de Internet. Para todos estos enlaces, no tenemos ninguna influencia en el dise\u00f1o y el contenido de las p\u00e1ginas enlazadas. Por ello, nos distanciamos expresamente de los contenidos de estas p\u00e1ginas enlazadas y no los hacemos nuestros. Esto se aplica al contenido de todos los sitios web externos a los que se puede acceder a trav\u00e9s de nuestro sitio web (incluso a trav\u00e9s de banners, libros de visitas o mostradores).<br \/>\nSi tenemos conocimiento de alguna actividad o informaci\u00f3n ilegal en un sitio web enlazado por nosotros, eliminaremos inmediatamente el enlace correspondiente. Si tiene alg\u00fan conocimiento al respecto, env\u00edenos un correo electr\u00f3nico.<\/p>\n<p>Fotos y v\u00eddeos de <a href=\"https:\/\/www.shutterstock.com\/\" target=\"_blank\" rel=\"noopener noreferrer\">Shutterstock<\/a> | Archivo privado<br \/>\nSitio web de <a href=\"http:\/\/max-online.at\" target=\"_blank\" rel=\"noopener\">max-online.at<\/a><\/p>\n<\/div><\/div><\/div><\/div><\/div><\/div><\/div><\/section>\n","protected":false},"excerpt":{"rendered":"[vc_custom_heading text=\"Pie de imprenta\" font_container=\"tag:h3|text_align:left\" use_theme_fonts=\"yes\"]FRESHLine Europe GmbH Hermannsdorf 2a 3304 St. Georgen am Ybbsfelde Austria Tel: +43 7473 30 900 Correo electr\u00f3nico: office@freshline-europe.com Internet: www.freshline-europe.com Registro de empresa: FN 552403 h UID: ATU76741616 FRESHLine Europe s.r.o. Sukova 2 370 05 \u010cesk\u00e9 Bud\u011bjovice Rep\u00fablica Checa Tel: +420 388 880 125 Correo electr\u00f3nico: office@freshline-europe.com Internet: www.freshline-europe.com...","protected":false},"author":1,"featured_media":0,"parent":0,"menu_order":0,"comment_status":"closed","ping_status":"closed","template":"","meta":{"footnotes":""},"class_list":["post-918","page","type-page","status-publish","hentry"],"_links":{"self":[{"href":"https:\/\/freshline-europe.com\/es\/wp-json\/wp\/v2\/pages\/918","targetHints":{"allow":["GET"]}}],"collection":[{"href":"https:\/\/freshline-europe.com\/es\/wp-json\/wp\/v2\/pages"}],"about":[{"href":"https:\/\/freshline-europe.com\/es\/wp-json\/wp\/v2\/types\/page"}],"author":[{"embeddable":true,"href":"https:\/\/freshline-europe.com\/es\/wp-json\/wp\/v2\/users\/1"}],"replies":[{"embeddable":true,"href":"https:\/\/freshline-europe.com\/es\/wp-json\/wp\/v2\/comments?post=918"}],"version-history":[{"count":6,"href":"https:\/\/freshline-europe.com\/es\/wp-json\/wp\/v2\/pages\/918\/revisions"}],"predecessor-version":[{"id":2023,"href":"https:\/\/freshline-europe.com\/es\/wp-json\/wp\/v2\/pages\/918\/revisions\/2023"}],"wp:attachment":[{"href":"https:\/\/freshline-europe.com\/es\/wp-json\/wp\/v2\/media?parent=918"}],"curies":[{"name":"wp","href":"https:\/\/api.w.org\/{rel}","templated":true}]}}