{"id":996,"date":"2022-07-12T10:12:51","date_gmt":"2022-07-12T08:12:51","guid":{"rendered":"https:\/\/freshline-europe.com\/proteccion-de-datos\/"},"modified":"2023-05-25T16:12:02","modified_gmt":"2023-05-25T14:12:02","slug":"proteccion-de-datos","status":"publish","type":"page","link":"https:\/\/freshline-europe.com\/es\/proteccion-de-datos\/","title":{"rendered":"Protecci\u00f3n de datos"},"content":{"rendered":"<section class=\"l-section wpb_row height_medium\"><div class=\"l-section-h i-cf\"><div class=\"g-cols vc_row via_flex valign_top type_default stacking_default\"><div class=\"vc_col-sm-12 wpb_column vc_column_container\"><div class=\"vc_column-inner\"><div class=\"wpb_wrapper\">[vc_custom_heading text=\u00bbProtecci\u00f3n de datos\u00bb font_container=\u00bbtag:h3|text_align:left\u00bb use_theme_fonts=\u00bbyes\u00bb]<div class=\"wpb_text_column\"><div class=\"wpb_wrapper\"><p>La protecci\u00f3n de sus datos personales nos preocupa especialmente. Por lo tanto, tratamos sus datos exclusivamente sobre la base de las disposiciones legales.<\/p>\n<p>Esta pol\u00edtica de privacidad s\u00f3lo se aplica a este sitio web. Si se le redirige a otros sitios a trav\u00e9s de enlaces en nuestras p\u00e1ginas, inf\u00f3rmese directamente en el sitio web redirigido sobre el tratamiento respectivo de sus datos. Sus datos personales (por ejemplo, t\u00edtulo, nombre, direcci\u00f3n, direcci\u00f3n de correo electr\u00f3nico, n\u00famero de tel\u00e9fono, datos bancarios, n\u00famero de tarjeta de cr\u00e9dito) s\u00f3lo ser\u00e1n procesados por nosotros de acuerdo con las disposiciones de la ley austriaca de protecci\u00f3n de datos. Las siguientes normas le informan sobre el tipo, el alcance y la finalidad de la recogida, el tratamiento y el uso de los datos personales.<\/p>\n<p>Por lo general, el uso de este sitio web es posible sin proporcionar datos personales. En la medida en que se recojan datos personales (por ejemplo, nombre, direcci\u00f3n o direcciones de correo electr\u00f3nico) en nuestras p\u00e1ginas, siempre se har\u00e1, en la medida de lo posible, de forma voluntaria. Estos datos no se transmitir\u00e1n a terceros sin su consentimiento expreso.<\/p>\n<p><strong>Contacte con<\/strong><\/p>\n<p>Si se pone en contacto con nosotros mediante el formulario del sitio web o por correo electr\u00f3nico, los datos que nos proporcione ser\u00e1n almacenados por nosotros durante seis meses con el fin de procesar la consulta y en caso de preguntas de seguimiento. No transmitimos estos datos sin su consentimiento.<\/p>\n<p><strong>Qu\u00e9 datos tratamos para usted<\/strong><\/p>\n<p>Durante su visita a este sitio web, recopilaremos la siguiente informaci\u00f3n: La fecha y la hora de acceso a una p\u00e1gina de nuestro sitio web, su direcci\u00f3n IP, el nombre y la versi\u00f3n de su navegador web, la p\u00e1gina web (URL) que visit\u00f3 antes de acceder a este sitio web, determinadas cookies y la informaci\u00f3n que proporciona al rellenar el formulario de contacto o al suscribirse a nuestro bolet\u00edn.<\/p>\n<p>No hay ninguna obligaci\u00f3n de proporcionar los datos que le pedimos en nuestro sitio web. Sin embargo, si no lo hace, no podr\u00e1 utilizar todas las funciones del sitio web.<\/p>\n<p><strong>Enlaces<\/strong><\/p>\n<p>Comprobamos con mucho cuidado los enlaces que salen de nuestro sitio web desde el punto de vista editorial. No obstante, no aceptamos ninguna responsabilidad por el contenido de las p\u00e1ginas enlazadas desde este sitio web o desde otro.<\/p>\n<p><strong>Cookies<\/strong><\/p>\n<p>En este sitio web se utilizan las llamadas cookies. Una cookie es un peque\u00f1o archivo que se almacena en su ordenador cuando visita un sitio web. B\u00e1sicamente, las cookies se utilizan para proporcionar a los usuarios funciones adicionales en un sitio web. Pueden utilizarse, por ejemplo, para ayudarle a navegar por un sitio web, para permitirle seguir utilizando un sitio web donde lo dej\u00f3 y\/o para recordar sus preferencias y ajustes cuando vuelva a visitar el sitio web. Las cookies no pueden acceder, leer o modificar ning\u00fan otro dato de su ordenador.<\/p>\n<p>La mayor\u00eda de las cookies de este sitio web son las llamadas cookies de sesi\u00f3n. Se eliminan autom\u00e1ticamente cuando usted vuelve a salir de nuestro sitio web. Las cookies permanentes, en cambio, permanecen en su ordenador hasta que usted las elimina manualmente en su navegador. Utilizamos estas cookies persistentes para reconocerle la pr\u00f3xima vez que visite nuestro sitio web.<\/p>\n<p>Si quiere controlar las cookies en su ordenador, puede configurar su navegador para que le notifique cuando un sitio web quiera almacenar cookies. Tambi\u00e9n puede bloquear o eliminar las cookies si ya se han almacenado en su ordenador. Si quiere saber m\u00e1s sobre c\u00f3mo configurar estos pasos, utilice la funci\u00f3n \u00abAyuda\u00bb de su navegador.<\/p>\n<p>Tenga en cuenta que bloquear o eliminar las cookies podr\u00eda afectar a su experiencia en l\u00ednea e impedirle hacer un uso completo de este sitio web.<\/p>\n<\/div><\/div><div class=\"w-separator size_small\"><\/div>[vc_raw_html]W3JjYi1jb25zZW50IHR5cGU9ImNoYW5nZSIgdGFnPSJhIiB0ZXh0PSJDYW1iaWFyIGxhIGNvbmZpZ3VyYWNpw7NuIGRlIHByaXZhY2lkYWQiXQ==[\/vc_raw_html][vc_raw_html]W3JjYi1jb25zZW50IHR5cGU9Imhpc3RvcnkiIHRhZz0iYSIgdGV4dD0iSGlzdG9yaWEgZGUgbGEgY29uZmlndXJhY2nDs24gZGUgbGEgcHJpdmFjaWRhZCJd[\/vc_raw_html][vc_raw_html]W3JjYi1jb25zZW50IHR5cGU9InJldm9rZSIgdGFnPSJhIiB0ZXh0PSJSZXZvY2FyIGxvcyBjb25zZW50aW1pZW50b3MiIHN1Y2Nlc3NtZXNzYWdlPSJEdSBoYXN0IGRpZSBFaW53aWxsaWd1bmcgZXJmb2xncmVpY2ggd2lkZXJydWZlbi4gRGllIFNlaXRlIHdpcmQgbnVuIG5ldSBnZWxhZGVuLiJd[\/vc_raw_html]<div class=\"w-separator size_small\"><\/div><div class=\"wpb_text_column\"><div class=\"wpb_wrapper\"><p><strong>Finalidades del tratamiento de datos<\/strong><\/p>\n<p>Trataremos sus datos personales para los siguientes fines:<\/p>\n<ul>\n<li>para ofrecerle este sitio web y seguir mejor\u00e1ndolo<\/li>\n<li>para poder crear estad\u00edsticas de uso<\/li>\n<li>para poder detectar, prevenir e investigar los ataques a nuestro sitio web<\/li>\n<li>para responder a sus consultas<\/li>\n<li>para posiblemente suscribirte al bolet\u00edn de noticias<\/li>\n<\/ul>\n<p><strong>Bases legales del tratamiento<\/strong><\/p>\n<p>La base legal para el tratamiento de sus datos personales es nuestro inter\u00e9s leg\u00edtimo preponderante (de conformidad con el art\u00edculo 6 (1) (f) del Reglamento General de Protecci\u00f3n de Datos de la UE), que consiste en lograr los fines indicados en el punto 5 anterior.<\/p>\n<p><strong>Transmisi\u00f3n de sus datos personales<\/strong><\/p>\n<p>Para los fines mencionados, transferiremos sus datos personales a los siguientes destinatarios:<\/p>\n<p>Google Maps y Google Fonts (excluyendo su direcci\u00f3n IP): Google Inc, 1600 Amphitheatre Parkway, Mountain View, CA 94043, USA (\u00abGoogle\u00bb). Algunos de los destinatarios mencionados anteriormente est\u00e1n situados fuera de su pa\u00eds o procesan sus datos personales all\u00ed. El nivel de protecci\u00f3n de datos en otros pa\u00edses puede no ser el mismo que en el suyo. Sin embargo, s\u00f3lo transferimos sus datos personales a pa\u00edses para los que la Comisi\u00f3n de la UE ha decidido que tienen un nivel adecuado de protecci\u00f3n de datos o con los que existen acuerdos que garantizan un nivel adecuado de protecci\u00f3n de datos.<\/p>\n<p><strong>Google Analytics<\/strong><\/p>\n<p>Esta p\u00e1gina web utiliza Google Analytics, un servicio anal\u00edtico de web prestado por Google Inc, 1600 Amphitheatre Parkway, Mountain View, CA 94043, USA (\u00abGoogle\u00bb). Google Analytics utiliza \u00abcookies\u00bb, que son archivos de texto ubicados en su ordenador, para ayudar al sitio web a analizar el uso que hacen los usuarios del mismo. Tratamos sus datos sobre la base de nuestro inter\u00e9s leg\u00edtimo preponderante en la recopilaci\u00f3n de estad\u00edsticas de acceso al sitio web de manera rentable (art\u00edculo 6 (1) (f) del Reglamento General de Protecci\u00f3n de Datos).<\/p>\n<p>La informaci\u00f3n generada por la cookie acerca de su uso de este sitio web (incluida su direcci\u00f3n IP y las URL de los sitios web a los que ha accedido) ser\u00e1 transmitida y almacenada por Google en servidores de Estados Unidos. No almacenamos ninguno de sus datos recogidos en relaci\u00f3n con Google Analytics.<\/p>\n<p>Este sitio web utiliza la opci\u00f3n de anonimizaci\u00f3n de IP que ofrece Google Analytics. Por lo tanto, su direcci\u00f3n IP ser\u00e1 acortada\/anonimizada por Google tan pronto como Google reciba su direcci\u00f3n IP. En nuestro nombre, Google usar\u00e1 esta informaci\u00f3n con el prop\u00f3sito de evaluar su uso del sitio web, recopilando informes de la actividad del sitio web y prestando otros servicios relacionados con la actividad del sitio web y el uso de Internet para nosotros. La direcci\u00f3n IP transmitida por su navegador como parte de Google Analytics no se fusionar\u00e1 con otros datos por parte de Google. Puede evitar que se almacenen las cookies configurando el software de su navegador en consecuencia. Sin embargo, nos gustar\u00eda se\u00f1alar que en este caso es posible que no pueda utilizar todas las funciones de este sitio web en toda su extensi\u00f3n.<\/p>\n<p>Tambi\u00e9n puede evitar que Google recopile sus datos en relaci\u00f3n con Google Analytics descargando e instalando el complemento del navegador disponible en el siguiente enlace: <a href=\"http:\/\/tools.google.com\/dlpage\/gaoptout?hl=de\" target=\"_blank\" rel=\"noopener\">http:\/\/tools.google.com\/dlpage\/gaoptout?hl=de<\/a><\/p>\n<p>Para obtener m\u00e1s informaci\u00f3n sobre las condiciones de uso y la pol\u00edtica de privacidad de Google, visite <a href=\"http:\/\/www.google.com\/analytics\/terms\/de.html\" target=\"_blank\" rel=\"noopener\">http:\/\/www.google.com\/analytics\/terms\/de.html.<\/a><\/p>\n<p><strong>Facebook Remarketing<\/strong><\/p>\n<p>Dentro de nuestra oferta en l\u00ednea, se utilizan los denominados \u00abp\u00edxeles de Facebook\u00bb de la red social Facebook, operada por Facebook Inc., 1 Hacker Way, Menlo Park, CA 94025, EE.UU., o si usted es residente de la UE, Facebook Ireland Ltd, 4 Grand Canal Square, Grand Canal Harbour, Dubl\u00edn 2, Irlanda (\u00abFacebook\u00bb). Con la ayuda del p\u00edxel de Facebook, es posible que Facebook determine los visitantes de nuestra oferta como grupo objetivo para la visualizaci\u00f3n de anuncios, los llamados \u00abanuncios de Facebook\u00bb. En consecuencia, utilizamos el p\u00edxel de Facebook para mostrar los anuncios de Facebook colocados por nosotros s\u00f3lo a aquellos usuarios de Facebook que tambi\u00e9n han mostrado inter\u00e9s en nuestro sitio web. Esto significa que con la ayuda del p\u00edxel de Facebook queremos asegurarnos de que nuestros anuncios de Facebook se corresponden con el inter\u00e9s potencial de los usuarios y no tienen un efecto de acoso. Con la ayuda del p\u00edxel de Facebook, tambi\u00e9n podemos hacer un seguimiento de la eficacia de los anuncios de Facebook con fines estad\u00edsticos y de investigaci\u00f3n de mercado, viendo si los usuarios fueron redirigidos a nuestro sitio web despu\u00e9s de hacer clic en un anuncio de Facebook.<\/p>\n<p>El p\u00edxel de Facebook es integrado directamente por Facebook cuando usted visita nuestro sitio web y puede guardar una llamada cookie, es decir, un peque\u00f1o archivo, en su dispositivo. Si posteriormente te conectas a Facebook o visitas Facebook mientras est\u00e1s conectado, tu visita a nuestro sitio web quedar\u00e1 registrada en tu perfil. Los datos recogidos sobre usted son an\u00f3nimos para nosotros, por lo que no nos permiten sacar ninguna conclusi\u00f3n sobre la identidad del usuario. Sin embargo, los datos son almacenados y procesados por Facebook para que sea posible la conexi\u00f3n con el perfil del usuario correspondiente. El tratamiento de los datos por parte de Facebook se realiza en el marco de la pol\u00edtica de uso de datos de Facebook. En consecuencia, puede encontrar m\u00e1s informaci\u00f3n sobre el funcionamiento del p\u00edxel de remarketing y, en general, sobre c\u00f3mo se muestran los anuncios de Facebook, en la pol\u00edtica de uso de datos de Facebook: <a href=\"https:\/\/www.facebook.com\/policy.php\" target=\"_blank\" rel=\"noopener\">https:\/\/www.facebook.com\/policy.php.<\/a><\/p>\n<p>Puedes oponerte a la recopilaci\u00f3n por parte del p\u00edxel de Facebook y al uso de tus datos para mostrar anuncios de Facebook. Para ello, puede visitar la p\u00e1gina establecida por Facebook y seguir las instrucciones que all\u00ed se indican sobre la configuraci\u00f3n de la publicidad basada en el uso: <a href=\"https:\/\/www.facebook.com\/settings?tab=ads\" target=\"_blank\" rel=\"noopener\">https:\/\/www.facebook.com\/settings?tab=ads<\/a> o declarar su objeci\u00f3n a trav\u00e9s del sitio estadounidense <a href=\"http:\/\/www.aboutads.info\/choices\/\" target=\"_blank\" rel=\"noopener\">http:\/\/www.aboutads.info\/choices\/<\/a> o del sitio de la UE <a href=\"http:\/\/www.youronlinechoices.com\/\" target=\"_blank\" rel=\"noopener\">http:\/\/www.youronlinechoices.com\/.<\/a>  Los ajustes son independientes de la plataforma, es decir, se aplican a todos los dispositivos, como ordenadores de sobremesa o dispositivos m\u00f3viles.<\/p>\n<p><strong>Plugin social<\/strong><\/p>\n<p><strong>Pol\u00edtica de privacidad para el uso de plugins de Facebook (bot\u00f3n \u00abMe gusta\u00bb)<\/strong><\/p>\n<p>En nuestras p\u00e1ginas se integran plugins de la red social Facebook, 1601 South California Avenue, Palo Alto, CA 94304, USA. Puedes reconocer los plugins de Facebook por el logotipo de Facebook o el bot\u00f3n \u00abMe gusta\u00bb de nuestro sitio. Puedes encontrar un resumen de los plugins de Facebook aqu\u00ed: <a href=\"http:\/\/developers.facebook.com\/docs\/plugins\/\" target=\"_blank\" rel=\"noopener\">http:\/\/developers.facebook.com\/docs\/plugins\/.<\/a> Cuando visitas nuestras p\u00e1ginas, se establece una conexi\u00f3n directa entre tu navegador y el servidor de Facebook a trav\u00e9s del plugin. De este modo, Facebook recibe la informaci\u00f3n de que usted ha visitado nuestro sitio web con su direcci\u00f3n IP. Si hace clic en el bot\u00f3n \u00abMe gusta\u00bb de Facebook mientras est\u00e1 conectado a su cuenta de Facebook, puede vincular el contenido de nuestras p\u00e1ginas en su perfil de Facebook. Esto permite a Facebook asignar la visita a nuestras p\u00e1ginas a su cuenta de usuario. Nos gustar\u00eda se\u00f1alar que nosotros, como proveedores de las p\u00e1ginas, no tenemos conocimiento del contenido de los datos transmitidos ni de su uso por parte de Facebook. Para m\u00e1s informaci\u00f3n, consulte la pol\u00edtica de privacidad de Facebook en <a href=\"http:\/\/de-de.facebook.com\/policy.php\" target=\"_blank\" rel=\"noopener\">http:\/\/de-de.facebook.com\/policy.php.<\/a> Si no quieres que Facebook pueda asignar tu visita a nuestras p\u00e1ginas a tu cuenta de usuario de Facebook, cierra la sesi\u00f3n de tu cuenta de usuario de Facebook.<\/p>\n<p><strong>Pol\u00edtica de privacidad para el uso de Twitter<\/strong><\/p>\n<p>Las funciones del servicio de Twitter est\u00e1n integradas en nuestras p\u00e1ginas. Estas funciones son ofrecidas por Twitter Inc, Twitter, Inc. 1355 Market St, Suite 900, San Francisco, CA 94103, USA. Al utilizar Twitter y la funci\u00f3n \u00abRe-Tweet\u00bb, los sitios web que usted visita se vinculan a su cuenta de Twitter y se dan a conocer a otros usuarios. En el proceso, los datos tambi\u00e9n se transmiten a Twitter. Nos gustar\u00eda se\u00f1alar que nosotros, como proveedores de las p\u00e1ginas, no tenemos conocimiento del contenido de los datos transmitidos ni de su uso por parte de Twitter. Puede encontrar m\u00e1s informaci\u00f3n al respecto en la declaraci\u00f3n de protecci\u00f3n de datos de Twitter en  <a href=\"http:\/\/twitter.com\/privacy\" target=\"_blank\" rel=\"noopener\">http:\/\/twitter.com\/privacy.<\/a> Puedes cambiar la configuraci\u00f3n de privacidad de Twitter en la configuraci\u00f3n de tu cuenta en <a href=\"http:\/\/twitter.com\/account\/settings\" target=\"_blank\" rel=\"noopener\">http:\/\/twitter.com\/account\/settings.<\/a> <\/p>\n<p><strong>YouTube<\/strong><\/p>\n<p>Nuestro sitio web utiliza plugins del sitio YouTube operado por Google. El operador de las p\u00e1ginas es YouTube, LLC, 901 Cherry Ave, San Bruno, CA 94066, USA. Cuando usted visita una de nuestras p\u00e1ginas equipadas con un plugin de YouTube, se establece una conexi\u00f3n con los servidores de YouTube. Esto le dice al servidor de YouTube cu\u00e1l de nuestras p\u00e1ginas ha visitado. Si est\u00e1 conectado a su cuenta de YouTube, permite que YouTube asigne su comportamiento de navegaci\u00f3n directamente a su perfil personal. Puedes evitarlo cerrando la sesi\u00f3n de tu cuenta de YouTube. YouTube se utiliza en aras de una presentaci\u00f3n atractiva de nuestras ofertas en l\u00ednea. Esto representa un inter\u00e9s leg\u00edtimo en el sentido del Art. 6 P\u00e1rrafo 1 lit. f DSGVO. Puede encontrar m\u00e1s informaci\u00f3n sobre el tratamiento de los datos de los usuarios en la pol\u00edtica de privacidad de YouTube en  <a href=\"https:\/\/www.google.de\/intl\/de\/policies\/privacy\" target=\"_blank\" rel=\"noopener\">https:\/\/www.google.de\/intl\/de\/policies\/privacy.<\/a><\/p>\n<p><strong>Pol\u00edtica de privacidad para el uso de Instagram<\/strong><\/p>\n<p>Las funciones del servicio de Instagram est\u00e1n integradas en nuestras p\u00e1ginas. Estas funciones son ofrecidas por Instagram Inc, 1601 Willow Road, Menlo Park, CA, 94025, USA. Si est\u00e1 conectado a su cuenta de Instagram, puede vincular el contenido de nuestras p\u00e1ginas a su perfil de Instagram haciendo clic en el bot\u00f3n de Instagram. Esto permite a Instagram asociar la visita a nuestras p\u00e1ginas con su cuenta de usuario. Nos gustar\u00eda se\u00f1alar que nosotros, como proveedores de las p\u00e1ginas, no tenemos conocimiento del contenido de los datos transmitidos ni de su uso por parte de Instagram.<\/p>\n<p>Para m\u00e1s informaci\u00f3n, consulte la pol\u00edtica de privacidad de Instagram: <a href=\"http:\/\/instagram.com\/about\/legal\/privacy\/\" target=\"_blank\" rel=\"noopener\">http:\/\/instagram.com\/about\/legal\/privacy\/<\/a><\/p>\n<p><strong>Archivos de registro del servidor<\/strong><\/p>\n<p>El proveedor de este sitio web recoge y almacena autom\u00e1ticamente informaci\u00f3n en los llamados archivos de registro del servidor, que su navegador nos transmite autom\u00e1ticamente. Estos son:<\/p>\n<ul>\n<li>Tipo y versi\u00f3n del navegador<\/li>\n<li>Sistema operativo utilizado<\/li>\n<li>URL de referencia<\/li>\n<li>Nombre del host del ordenador de acceso<\/li>\n<li>Hora de la solicitud del servidor<\/li>\n<li>Direcci\u00f3n IP<\/li>\n<\/ul>\n<p>Estos datos no se fusionan con otras fuentes de datos. Nos reservamos el derecho de comprobar estos datos a posteriori si tenemos conocimiento de indicios concretos de uso il\u00edcito.<\/p>\n<p><strong>Duraci\u00f3n y almacenamiento<\/strong><\/p>\n<p>Por lo general, almacenamos sus datos durante un periodo de tres meses. El almacenamiento prolongado s\u00f3lo tiene lugar en la medida en que es necesario para investigar los ataques detectados en nuestro sitio web.<\/p>\n<p>Si se registra por escrito o en nuestro sitio web, almacenaremos sus datos en cualquier caso mientras exista su cuenta y, posteriormente, s\u00f3lo durante el tiempo que exijan las obligaciones legales.<\/p>\n<p><strong>Encriptaci\u00f3n SSL<\/strong><\/p>\n<p>Este sitio utiliza la encriptaci\u00f3n SSL por razones de seguridad y para proteger la transmisi\u00f3n de contenido confidencial, como las consultas que usted nos env\u00eda. Puedes reconocer una conexi\u00f3n encriptada por el hecho de que la l\u00ednea de direcci\u00f3n del navegador cambia de \u00abhttp:\/\/\u00bb a \u00abhttps:\/\/\u00bb y por el s\u00edmbolo del candado en la l\u00ednea del navegador.<\/p>\n<p>Si el cifrado SSL est\u00e1 activado, los datos que nos transmita no podr\u00e1n ser le\u00eddos por terceros.<\/p>\n<p><strong>Sus derechos en relaci\u00f3n con los datos personales<\/strong><\/p>\n<p>Usted tiene derecho, entre otras cosas (con sujeci\u00f3n a las condiciones de la legislaci\u00f3n aplicable), (i) para verificar si tenemos datos personales sobre usted y cu\u00e1les son, y para obtener copias de esos datos, (ii) solicitar la rectificaci\u00f3n, la integraci\u00f3n o la supresi\u00f3n de sus datos personales que sean inexactos o que no hayan sido tratados de acuerdo con la ley, (iii) exigirnos que limitemos el tratamiento de sus datos personales; y (iv) oponerse al tratamiento de sus datos personales en determinadas circunstancias o retirar el consentimiento previamente dado para el tratamiento, (v) solicitar la portabilidad de los datos, (vi) conocer la identidad de cualquier tercero al que se transfieran sus datos personales; y (vii) presentar una denuncia ante la autoridad competente.<\/p>\n<p><strong>Datos de contacto<\/strong><\/p>\n<p>Si tiene alguna pregunta o duda sobre el tratamiento de sus datos personales, p\u00f3ngase en contacto con<\/p>\n<p><strong>FRESHLine Europe GmbH<\/strong><br \/>\nHermannsdorf 2a<br \/>\n3304 St. Georgen am Ybbsfelde<br \/>\nAustria<\/p>\n<p>Tel: <a href=\"tel:+43%207473%2030%20900\">+43 7473 30 900<\/a><br \/>\nCorreo electr\u00f3nico: <a href=\"mailto:office@freshline-europe.com\">office@freshline-europe.com<\/a><br \/>\nInternet: <a href=\"https:\/\/freshline-europe.com\/es\/\" target=\"_blank\" rel=\"noopener\">www.freshline-europe.com<\/a><\/p>\n<p>\u00daltima actualizaci\u00f3n: 3 de diciembre de 2022<\/p>\n<\/div><\/div><\/div><\/div><\/div><\/div><\/div><\/section>\n","protected":false},"excerpt":{"rendered":"[vc_custom_heading text=\"Protecci\u00f3n de datos\" font_container=\"tag:h3|text_align:left\" use_theme_fonts=\"yes\"]La protecci\u00f3n de sus datos personales nos preocupa especialmente. Por lo tanto, tratamos sus datos exclusivamente sobre la base de las disposiciones legales. Esta pol\u00edtica de privacidad s\u00f3lo se aplica a este sitio web. Si se le redirige a otros sitios a trav\u00e9s de enlaces en nuestras p\u00e1ginas, inf\u00f3rmese directamente...","protected":false},"author":1,"featured_media":0,"parent":0,"menu_order":0,"comment_status":"closed","ping_status":"closed","template":"","meta":{"footnotes":""},"class_list":["post-996","page","type-page","status-publish","hentry"],"_links":{"self":[{"href":"https:\/\/freshline-europe.com\/es\/wp-json\/wp\/v2\/pages\/996","targetHints":{"allow":["GET"]}}],"collection":[{"href":"https:\/\/freshline-europe.com\/es\/wp-json\/wp\/v2\/pages"}],"about":[{"href":"https:\/\/freshline-europe.com\/es\/wp-json\/wp\/v2\/types\/page"}],"author":[{"embeddable":true,"href":"https:\/\/freshline-europe.com\/es\/wp-json\/wp\/v2\/users\/1"}],"replies":[{"embeddable":true,"href":"https:\/\/freshline-europe.com\/es\/wp-json\/wp\/v2\/comments?post=996"}],"version-history":[{"count":4,"href":"https:\/\/freshline-europe.com\/es\/wp-json\/wp\/v2\/pages\/996\/revisions"}],"predecessor-version":[{"id":1990,"href":"https:\/\/freshline-europe.com\/es\/wp-json\/wp\/v2\/pages\/996\/revisions\/1990"}],"wp:attachment":[{"href":"https:\/\/freshline-europe.com\/es\/wp-json\/wp\/v2\/media?parent=996"}],"curies":[{"name":"wp","href":"https:\/\/api.w.org\/{rel}","templated":true}]}}