{"id":732,"date":"2022-07-12T10:13:07","date_gmt":"2022-07-12T08:13:07","guid":{"rendered":"https:\/\/freshline-europe.com\/cookies\/"},"modified":"2023-05-25T16:12:04","modified_gmt":"2023-05-25T14:12:04","slug":"cookies","status":"publish","type":"page","link":"https:\/\/freshline-europe.com\/fr\/cookies\/","title":{"rendered":"Cookies"},"content":{"rendered":"<section class=\"l-section wpb_row height_medium\"><div class=\"l-section-h i-cf\"><div class=\"g-cols vc_row via_flex valign_top type_default stacking_default\"><div class=\"vc_col-sm-12 wpb_column vc_column_container\"><div class=\"vc_column-inner\"><div class=\"wpb_wrapper\">[vc_custom_heading text=\u00a0\u00bbCookies\u00a0\u00bb font_container=\u00a0\u00bbtag:h3|text_align:left\u00a0\u00bb use_theme_fonts=\u00a0\u00bbyes\u00a0\u00bb]<div class=\"wpb_text_column\"><div class=\"wpb_wrapper\"><p>Pour que ce site web fonctionne correctement, nous pla\u00e7ons parfois de petits fichiers &#8211; appel\u00e9s cookies &#8211; sur votre appareil. C&rsquo;est une pratique courante sur la plupart des grands sites web.<\/p>\n<p><strong>Que sont les cookies ?<\/strong><\/p>\n<p>Un cookie est un petit fichier texte qu&rsquo;un portail web laisse sur votre ordinateur, votre tablette ou votre smartphone lorsque vous le visitez. Cela permet au portail de \u00ab\u00a0m\u00e9moriser\u00a0\u00bb certaines entr\u00e9es et certains param\u00e8tres (par exemple, le login, la langue, la taille de la police et d&rsquo;autres pr\u00e9f\u00e9rences d&rsquo;affichage) pendant une p\u00e9riode donn\u00e9e, et vous n&rsquo;avez pas besoin de les saisir \u00e0 nouveau \u00e0 chaque visite et lorsque vous naviguez sur le portail.<\/p>\n<p><strong>Comment utilisons-nous les cookies ?<\/strong><\/p>\n<p>Sur nos pages, nous utilisons des cookies pour enregistrer<\/p>\n<ul>\n<li>vos pr\u00e9f\u00e9rences en mati\u00e8re d&rsquo;affichage \u00e0 l&rsquo;\u00e9cran, par exemple le contraste et la taille des caract\u00e8res<\/li>\n<li>votre participation \u00e9ventuelle \u00e0 une enqu\u00eate sur l&rsquo;utilit\u00e9 du contenu (afin que vous ne soyez pas invit\u00e9 \u00e0 y r\u00e9pondre \u00e0 nouveau par une fen\u00eatre contextuelle)<\/li>\n<li>votre d\u00e9cision d&rsquo;utiliser (ou non) des cookies sur ce portail.<\/li>\n<\/ul>\n<p>De m\u00eame, certaines vid\u00e9os int\u00e9gr\u00e9es sur nos pages utilisent des cookies pour \u00e9tablir des statistiques anonymes sur les pages pr\u00e9c\u00e9demment visit\u00e9es et les vid\u00e9os s\u00e9lectionn\u00e9es.<\/p>\n<p>L&rsquo;acceptation des cookies n&rsquo;est certes pas indispensable \u00e0 l&rsquo;utilisation du portail, mais elle rend la navigation plus agr\u00e9able. Vous pouvez bloquer ou supprimer les cookies &#8211; mais cela peut affecter certaines fonctionnalit\u00e9s de ce site.<\/p>\n<p>Les informations recueillies \u00e0 l&rsquo;aide des cookies ne sont pas utilis\u00e9es pour vous identifier et les donn\u00e9es sont enti\u00e8rement sous notre contr\u00f4le. Les cookies ne servent pas \u00e0 d&rsquo;autres fins que celles mentionn\u00e9es ici.<\/p>\n<p><strong>Contr\u00f4le des cookies<\/strong><\/p>\n<p>Vous pouvez contr\u00f4ler et\/ou supprimer les cookies \u00e0 votre guise. Pour savoir comment, cliquez ici : <a href=\"http:\/\/www.allaboutcookies.org\/ge\/\" target=\"_blank\" rel=\"nofollow noopener\">allaboutcookies.org<\/a>. Vous pouvez supprimer tous les cookies d\u00e9pos\u00e9s sur votre ordinateur et configurer la plupart des navigateurs de mani\u00e8re \u00e0 emp\u00eacher le d\u00e9p\u00f4t de cookies. Mais dans ce cas, il se peut que vous deviez proc\u00e9der manuellement \u00e0 certains r\u00e9glages \u00e0 chaque fois que vous visitez une page et que vous deviez vous accommoder de la d\u00e9gradation de certaines fonctions.<\/p>\n<\/div><\/div><div class=\"w-separator size_small\"><\/div>[vc_raw_html]W3JjYi1jb25zZW50IHR5cGU9ImNoYW5nZSIgdGFnPSJhIiB0ZXh0PSJNb2RpZmllciBsZXMgcGFyYW3DqHRyZXMgZGUgY29uZmlkZW50aWFsaXTDqSJd[\/vc_raw_html][vc_raw_html]W3JjYi1jb25zZW50IHR5cGU9Imhpc3RvcnkiIHRhZz0iYSIgdGV4dD0iSGlzdG9yaXF1ZSBkZXMgcGFyYW3DqHRyZXMgZGUgY29uZmlkZW50aWFsaXTDqSJd[\/vc_raw_html][vc_raw_html]W3JjYi1jb25zZW50IHR5cGU9InJldm9rZSIgdGFnPSJhIiB0ZXh0PSJSw6l2b3F1ZXIgbGVzIGNvbnNlbnRlbWVudHMiIHN1Y2Nlc3NtZXNzYWdlPSJEdSBoYXN0IGRpZSBFaW53aWxsaWd1bmcgZXJmb2xncmVpY2ggd2lkZXJydWZlbi4gRGllIFNlaXRlIHdpcmQgbnVuIG5ldSBnZWxhZGVuLiJd[\/vc_raw_html]<\/div><\/div><\/div><\/div><\/div><\/section>\n","protected":false},"excerpt":{"rendered":"[vc_custom_heading text=\"Cookies\" font_container=\"tag:h3|text_align:left\" use_theme_fonts=\"yes\"]Pour que ce site web fonctionne correctement, nous pla\u00e7ons parfois de petits fichiers &#8211; appel\u00e9s cookies &#8211; sur votre appareil. C&rsquo;est une pratique courante sur la plupart des grands sites web. Que sont les cookies ? Un cookie est un petit fichier texte qu&rsquo;un portail web laisse sur votre ordinateur, votre tablette...","protected":false},"author":1,"featured_media":0,"parent":0,"menu_order":0,"comment_status":"closed","ping_status":"closed","template":"","meta":{"footnotes":""},"class_list":["post-732","page","type-page","status-publish","hentry"],"_links":{"self":[{"href":"https:\/\/freshline-europe.com\/fr\/wp-json\/wp\/v2\/pages\/732","targetHints":{"allow":["GET"]}}],"collection":[{"href":"https:\/\/freshline-europe.com\/fr\/wp-json\/wp\/v2\/pages"}],"about":[{"href":"https:\/\/freshline-europe.com\/fr\/wp-json\/wp\/v2\/types\/page"}],"author":[{"embeddable":true,"href":"https:\/\/freshline-europe.com\/fr\/wp-json\/wp\/v2\/users\/1"}],"replies":[{"embeddable":true,"href":"https:\/\/freshline-europe.com\/fr\/wp-json\/wp\/v2\/comments?post=732"}],"version-history":[{"count":10,"href":"https:\/\/freshline-europe.com\/fr\/wp-json\/wp\/v2\/pages\/732\/revisions"}],"predecessor-version":[{"id":1994,"href":"https:\/\/freshline-europe.com\/fr\/wp-json\/wp\/v2\/pages\/732\/revisions\/1994"}],"wp:attachment":[{"href":"https:\/\/freshline-europe.com\/fr\/wp-json\/wp\/v2\/media?parent=732"}],"curies":[{"name":"wp","href":"https:\/\/api.w.org\/{rel}","templated":true}]}}