{"id":793,"date":"2022-07-12T10:12:51","date_gmt":"2022-07-12T08:12:51","guid":{"rendered":"https:\/\/freshline-europe.com\/protection-des-donnees\/"},"modified":"2023-05-25T16:11:56","modified_gmt":"2023-05-25T14:11:56","slug":"protection-des-donnees","status":"publish","type":"page","link":"https:\/\/freshline-europe.com\/fr\/protection-des-donnees\/","title":{"rendered":"Protection des donn\u00e9es"},"content":{"rendered":"<section class=\"l-section wpb_row height_medium\"><div class=\"l-section-h i-cf\"><div class=\"g-cols vc_row via_flex valign_top type_default stacking_default\"><div class=\"vc_col-sm-12 wpb_column vc_column_container\"><div class=\"vc_column-inner\"><div class=\"wpb_wrapper\">[vc_custom_heading text=\u00a0\u00bbProtection des donn\u00e9es\u00a0\u00bb font_container=\u00a0\u00bbtag:h3|text_align:left\u00a0\u00bb use_theme_fonts=\u00a0\u00bbyes\u00a0\u00bb]<div class=\"wpb_text_column\"><div class=\"wpb_wrapper\"><p>La protection de vos donn\u00e9es personnelles nous tient particuli\u00e8rement \u00e0 c\u0153ur. Nous traitons donc vos donn\u00e9es exclusivement sur la base des dispositions l\u00e9gales.<\/p>\n<p>Cette d\u00e9claration de confidentialit\u00e9 ne concerne que ce site web. Si vous \u00eates redirig\u00e9 vers d&rsquo;autres sites via des liens sur nos pages, informez-vous directement sur le site redirig\u00e9 sur le traitement respectif de vos donn\u00e9es. Vos donn\u00e9es personnelles (par ex. titre, nom, adresse, adresse e-mail, num\u00e9ro de t\u00e9l\u00e9phone, coordonn\u00e9es bancaires, num\u00e9ro de carte de cr\u00e9dit) ne sont trait\u00e9es par nos soins que conform\u00e9ment aux dispositions de la loi autrichienne sur la protection des donn\u00e9es. Les dispositions suivantes vous informent sur la nature, l&rsquo;\u00e9tendue et la finalit\u00e9 de la collecte, du traitement et de l&rsquo;utilisation des donn\u00e9es \u00e0 caract\u00e8re personnel.<\/p>\n<p>En r\u00e8gle g\u00e9n\u00e9rale, il n&rsquo;est pas n\u00e9cessaire de fournir des donn\u00e9es personnelles pour utiliser ce site. Dans la mesure o\u00f9 des donn\u00e9es personnelles (par exemple nom, adresse ou adresse e-mail) sont collect\u00e9es sur nos pages, cela se fait toujours, dans la mesure du possible, sur une base volontaire. Ces donn\u00e9es ne seront pas transmises \u00e0 des tiers sans votre accord explicite.<\/p>\n<p><strong>Contact<\/strong><\/p>\n<p>Si vous prenez contact avec nous par le biais du formulaire sur le site web ou par e-mail, les donn\u00e9es que vous avez indiqu\u00e9es seront enregistr\u00e9es chez nous pendant six mois pour le traitement de la demande et en cas de questions de suivi. Nous ne transmettons pas ces donn\u00e9es sans votre consentement.<\/p>\n<p><strong>Les donn\u00e9es que nous traitons pour vous<\/strong><\/p>\n<p>Lors de votre visite sur ce site, nous collectons les informations suivantes : La date et l&rsquo;heure de la consultation d&rsquo;une page de notre site web, votre adresse IP, le nom et la version de votre navigateur web, la page web (URL) que vous avez visit\u00e9e avant de consulter ce site web, certains cookies et les informations que vous fournissez vous-m\u00eame en remplissant le formulaire de contact ou en vous inscrivant \u00e9ventuellement \u00e0 la newsletter.<\/p>\n<p>Il n&rsquo;existe aucune obligation de fournir effectivement les donn\u00e9es que nous vous demandons de fournir sur notre site web. Toutefois, si vous ne le faites pas, vous ne serez pas en mesure d&rsquo;utiliser toutes les fonctionnalit\u00e9s du site.<\/p>\n<p><strong>Liens<\/strong><\/p>\n<p>Nous contr\u00f4lons tr\u00e8s soigneusement, sur le plan r\u00e9dactionnel, les liens qui quittent notre site. N\u00e9anmoins, nous n&rsquo;assumons aucune responsabilit\u00e9 pour les contenus des pages auxquelles renvoient les liens de ce site ou d&rsquo;un autre site Internet.<\/p>\n<p><strong>Cookies<\/strong><\/p>\n<p>Des cookies sont utilis\u00e9s sur ce site. Un cookie est un petit fichier qui peut \u00eatre enregistr\u00e9 sur votre ordinateur lorsque vous visitez un site web. En principe, les cookies sont utilis\u00e9s pour offrir aux utilisateurs des fonctions suppl\u00e9mentaires sur un site web. Ils peuvent \u00eatre utilis\u00e9s, par exemple, pour faciliter votre navigation sur un site web, pour vous permettre de continuer \u00e0 utiliser un site web l\u00e0 o\u00f9 vous l&rsquo;avez laiss\u00e9 et\/ou pour enregistrer vos pr\u00e9f\u00e9rences et vos param\u00e8tres lorsque vous revenez sur le site. Les cookies ne peuvent pas acc\u00e9der \u00e0 d&rsquo;autres donn\u00e9es de votre ordinateur, ni les lire ou les modifier.<\/p>\n<p>La plupart des cookies de ce site sont des cookies de session. Elles sont automatiquement supprim\u00e9es lorsque vous quittez notre site. Les cookies permanents, en revanche, restent sur votre ordinateur jusqu&rsquo;\u00e0 ce que vous les supprimiez manuellement dans votre navigateur. Nous utilisons ces cookies permanents pour vous reconna\u00eetre la prochaine fois que vous visitez notre site.<\/p>\n<p>Si vous souhaitez contr\u00f4ler les cookies sur votre ordinateur, vous pouvez configurer votre navigateur de mani\u00e8re \u00e0 recevoir une notification lorsqu&rsquo;un site web souhaite enregistrer des cookies. Vous pouvez \u00e9galement bloquer ou supprimer les cookies s&rsquo;ils ont d\u00e9j\u00e0 \u00e9t\u00e9 enregistr\u00e9s sur votre ordinateur. Si vous souhaitez en savoir plus sur ces \u00e9tapes, utilisez la fonction \u00ab\u00a0Aide\u00a0\u00bb de votre navigateur.<\/p>\n<p>Veuillez noter que le blocage ou la suppression des cookies pourrait nuire \u00e0 votre exp\u00e9rience en ligne et vous emp\u00eacher de profiter pleinement de ce site.<\/p>\n<\/div><\/div><div class=\"w-separator size_small\"><\/div>[vc_raw_html]W3JjYi1jb25zZW50IHR5cGU9ImNoYW5nZSIgdGFnPSJhIiB0ZXh0PSJNb2RpZmllciBsZXMgcGFyYW3DqHRyZXMgZGUgY29uZmlkZW50aWFsaXTDqSJd[\/vc_raw_html][vc_raw_html]W3JjYi1jb25zZW50IHR5cGU9Imhpc3RvcnkiIHRhZz0iYSIgdGV4dD0iSGlzdG9yaXF1ZSBkZXMgcGFyYW3DqHRyZXMgZGUgY29uZmlkZW50aWFsaXTDqSJd[\/vc_raw_html][vc_raw_html]W3JjYi1jb25zZW50IHR5cGU9InJldm9rZSIgdGFnPSJhIiB0ZXh0PSJSw6l2b3F1ZXIgbGVzIGNvbnNlbnRlbWVudHMiIHN1Y2Nlc3NtZXNzYWdlPSJEdSBoYXN0IGRpZSBFaW53aWxsaWd1bmcgZXJmb2xncmVpY2ggd2lkZXJydWZlbi4gRGllIFNlaXRlIHdpcmQgbnVuIG5ldSBnZWxhZGVuLiJd[\/vc_raw_html]<div class=\"w-separator size_small\"><\/div><div class=\"wpb_text_column\"><div class=\"wpb_wrapper\"><p><strong>Finalit\u00e9s du traitement des donn\u00e9es<\/strong><\/p>\n<p>Nous traiterons vos donn\u00e9es \u00e0 caract\u00e8re personnel aux fins suivantes :<\/p>\n<ul>\n<li>pour vous fournir ce site web et pour continuer \u00e0 l&rsquo;am\u00e9liorer<\/li>\n<li>pour pouvoir \u00e9tablir des statistiques d&rsquo;utilisation<\/li>\n<li>pour d\u00e9tecter, pr\u00e9venir et enqu\u00eater sur les attaques contre notre site web<\/li>\n<li>pour r\u00e9pondre \u00e0 vos demandes<\/li>\n<li>pour vous inscrire \u00e9ventuellement \u00e0 la newsletter<\/li>\n<\/ul>\n<p><strong>Bases juridiques du traitement<\/strong><\/p>\n<p>La base juridique du traitement de vos donn\u00e9es personnelles est notre int\u00e9r\u00eat l\u00e9gitime pr\u00e9pond\u00e9rant (conform\u00e9ment \u00e0 l&rsquo;article 6, paragraphe 1, point f), du RGPD), qui consiste \u00e0 atteindre les objectifs mentionn\u00e9s au point 5 ci-dessus.<\/p>\n<p><strong>Transfert de vos donn\u00e9es personnelles<\/strong><\/p>\n<p>Aux fins susmentionn\u00e9es, nous transmettrons vos donn\u00e9es \u00e0 caract\u00e8re personnel aux destinataires suivants :<\/p>\n<p>Google Maps et Google Fonts (uniquement votre adresse IP) : Google Inc, 1600 Amphitheatre Parkway, Mountain View, CA 94043, \u00c9tats-Unis (\u00ab\u00a0Google\u00a0\u00bb). Certains des destinataires susmentionn\u00e9s se trouvent en dehors de votre pays ou y traitent vos donn\u00e9es \u00e0 caract\u00e8re personnel. Le niveau de protection des donn\u00e9es dans d&rsquo;autres pays peut ne pas correspondre \u00e0 celui de votre pays. Nous ne transf\u00e9rons toutefois vos donn\u00e9es personnelles que vers des pays pour lesquels la Commission europ\u00e9enne a d\u00e9cid\u00e9 qu&rsquo;ils disposaient d&rsquo;un niveau de protection des donn\u00e9es ad\u00e9quat ou avec lesquels des accords garantissent un niveau de protection des donn\u00e9es \u00e9quivalent.<\/p>\n<p><strong>Google Analytics<\/strong><\/p>\n<p>Ce site web utilise Google Analytics, un service d&rsquo;analyse web de Google Inc, 1600 Amphitheatre Parkway, Mountain View, CA 94043, USA (\u00ab\u00a0Google\u00a0\u00bb). Google Analytics utilise des \u00ab\u00a0cookies\u00a0\u00bb, des fichiers texte qui sont enregistr\u00e9s sur votre ordinateur et qui permettent d&rsquo;analyser votre utilisation du site web. Nous traitons vos donn\u00e9es sur la base de notre int\u00e9r\u00eat l\u00e9gitime pr\u00e9pond\u00e9rant \u00e0 \u00e9tablir de mani\u00e8re rentable des statistiques d&rsquo;acc\u00e8s au site Web faciles \u00e0 utiliser (article 6, paragraphe 1, point f du RGPD).<\/p>\n<p>Les donn\u00e9es g\u00e9n\u00e9r\u00e9es par les cookies concernant votre utilisation du site (y compris votre adresse IP et les URL des pages web consult\u00e9es) seront transmises et stock\u00e9es par Google sur des serveurs situ\u00e9s aux \u00c9tats-Unis. Nous n&rsquo;enregistrons aucune de vos donn\u00e9es collect\u00e9es en relation avec Google Analytics.<\/p>\n<p>Ce site web utilise la possibilit\u00e9 d&rsquo;anonymisation IP offerte par Google Analytics. Votre adresse IP est donc raccourcie\/anonymis\u00e9e par Google d\u00e8s que Google re\u00e7oit votre adresse IP. Google utilisera ces informations pour notre compte afin d&rsquo;\u00e9valuer votre utilisation du site, de compiler des rapports sur l&rsquo;activit\u00e9 du site et de nous fournir d&rsquo;autres services li\u00e9s \u00e0 l&rsquo;activit\u00e9 du site et \u00e0 l&rsquo;utilisation d&rsquo;Internet. L&rsquo;adresse IP transmise par votre navigateur dans le cadre de Google Analytics n&rsquo;est pas recoup\u00e9e avec d&rsquo;autres donn\u00e9es par Google. Vous pouvez emp\u00eacher l&rsquo;enregistrement des cookies en configurant votre logiciel de navigation en cons\u00e9quence. Nous attirons toutefois votre attention sur le fait que, dans ce cas, il se peut que vous ne puissiez pas utiliser toutes les fonctions de ce site web dans leur int\u00e9gralit\u00e9.<\/p>\n<p>Vous pouvez en outre emp\u00eacher Google de collecter vos donn\u00e9es en relation avec Google Analytics en t\u00e9l\u00e9chargeant et en installant le plug-in de navigateur disponible sous le lien suivant <a href=\"http:\/\/tools.google.com\/dlpage\/gaoptout?hl=de\" target=\"_blank\" rel=\"noopener\">: http:\/\/tools.google.com\/dlpage\/gaoptout?hl=de<\/a><\/p>\n<p>Vous trouverez de plus amples informations sur les conditions d&rsquo;utilisation de Google ainsi que sur la d\u00e9claration de confidentialit\u00e9 de Google \u00e0 l&rsquo;adresse <a href=\"http:\/\/www.google.com\/analytics\/terms\/de.html\" target=\"_blank\" rel=\"noopener\">suivante : http:\/\/www.google.com\/analytics\/terms\/de.html<\/a><\/p>\n<p><strong>Facebook Remarketing<\/strong><\/p>\n<p>Dans le cadre de notre offre en ligne, des \u00ab\u00a0pixels Facebook\u00a0\u00bb du r\u00e9seau social Facebook, qui est exploit\u00e9 par Facebook Inc, 1 Hacker Way, Menlo Park, CA 94025, USA, ou si vous r\u00e9sidez dans l&rsquo;UE, Facebook Ireland Ltd, 4 Grand Canal Square, Grand Canal Harbour, Dublin 2, Irlande (\u00ab\u00a0Facebook\u00a0\u00bb), sont utilis\u00e9s. \u00c0 l&rsquo;aide du pixel Facebook, Facebook est en mesure de d\u00e9terminer les visiteurs de notre offre comme groupe cible pour l&rsquo;affichage d&rsquo;annonces, dites \u00ab\u00a0Facebook-Ads\u00a0\u00bb. En cons\u00e9quence, nous utilisons le pixel Facebook pour afficher les Facebook-Ads que nous avons plac\u00e9es uniquement aux utilisateurs de Facebook qui ont \u00e9galement montr\u00e9 un int\u00e9r\u00eat pour notre offre Internet. Cela signifie qu&rsquo;\u00e0 l&rsquo;aide du pixel Facebook, nous voulons nous assurer que nos Facebook-Ads correspondent \u00e0 l&rsquo;int\u00e9r\u00eat potentiel des utilisateurs et qu&rsquo;elles n&rsquo;ont pas un effet de harc\u00e8lement. Le pixel Facebook nous permet \u00e9galement de suivre l&rsquo;efficacit\u00e9 des publicit\u00e9s Facebook \u00e0 des fins statistiques et d&rsquo;\u00e9tude de march\u00e9, en nous indiquant si les utilisateurs ont \u00e9t\u00e9 redirig\u00e9s vers notre site web apr\u00e8s avoir cliqu\u00e9 sur une publicit\u00e9 Facebook.<\/p>\n<p>Le pixel Facebook est directement int\u00e9gr\u00e9 par Facebook lors de la consultation de nos pages web et peut enregistrer un cookie, c&rsquo;est-\u00e0-dire un petit fichier, sur votre appareil. Si vous vous connectez ensuite \u00e0 Facebook ou si vous visitez Facebook alors que vous \u00eates connect\u00e9, la visite de notre offre est not\u00e9e dans votre profil. Les donn\u00e9es collect\u00e9es \u00e0 votre sujet sont anonymes pour nous et ne nous permettent donc pas de conna\u00eetre l&rsquo;identit\u00e9 des utilisateurs. Toutefois, les donn\u00e9es sont enregistr\u00e9es et trait\u00e9es par Facebook, ce qui permet d&rsquo;\u00e9tablir un lien avec le profil de l&rsquo;utilisateur concern\u00e9. Le traitement des donn\u00e9es par Facebook s&rsquo;effectue dans le cadre de la politique d&rsquo;utilisation des donn\u00e9es de Facebook. En cons\u00e9quence, vous pouvez obtenir plus d&rsquo;informations sur le fonctionnement du pixel de remarketing et, en g\u00e9n\u00e9ral, sur l&rsquo;affichage des annonces Facebook, dans la politique d&rsquo;utilisation des donn\u00e9es de Facebook <a href=\"https:\/\/www.facebook.com\/policy.php\" target=\"_blank\" rel=\"noopener\">: https:\/\/www.facebook.com\/policy.php.<\/a><\/p>\n<p>Vous pouvez vous opposer \u00e0 la collecte par le pixel Facebook et \u00e0 l&rsquo;utilisation de vos donn\u00e9es pour afficher des annonces Facebook. Pour ce faire, vous pouvez vous rendre sur la page mise en place par Facebook et suivre les instructions relatives aux param\u00e8tres de la publicit\u00e9 bas\u00e9e sur l&rsquo;utilisation <a href=\"https:\/\/www.facebook.com\/settings?tab=ads\" target=\"_blank\" rel=\"noopener\">: https:\/\/www.facebook.com\/settings?tab=ads<\/a> ou d\u00e9clarer votre opposition via le site am\u00e9ricain <a href=\"http:\/\/www.aboutads.info\/choices\/\" target=\"_blank\" rel=\"noopener\">http:\/\/www.aboutads.info\/choices\/<\/a> ou le site de l&rsquo;UE <a href=\"http:\/\/www.youronlinechoices.com\/\" target=\"_blank\" rel=\"noopener\">http:\/\/www.youronlinechoices.com\/<\/a>. Les param\u00e8tres sont ind\u00e9pendants de la plateforme, c&rsquo;est-\u00e0-dire qu&rsquo;ils sont repris pour tous les appareils, tels que les ordinateurs de bureau ou les appareils mobiles.<\/p>\n<p><strong>Plugin social<\/strong><\/p>\n<p><strong>D\u00e9claration de protection des donn\u00e9es pour l&rsquo;utilisation des plugins Facebook (bouton \u00ab\u00a0J&rsquo;aime\u00a0\u00bb)<\/strong><\/p>\n<p>Des plugins du r\u00e9seau social Facebook, 1601 South California Avenue, Palo Alto, CA 94304, USA, sont int\u00e9gr\u00e9s sur nos pages. Vous reconnaissez les plugins Facebook au logo Facebook ou au bouton \u00ab\u00a0J&rsquo;aime\u00a0\u00bb (\u00ab\u00a0Like\u00a0\u00bb) sur notre site. Vous trouverez un aper\u00e7u des plugins Facebook ici <a href=\"http:\/\/developers.facebook.com\/docs\/plugins\/\" target=\"_blank\" rel=\"noopener\">: http:\/\/developers.facebook.com\/docs\/plugins\/.<\/a> Lorsque vous visitez nos pages, une connexion directe entre votre navigateur et le serveur Facebook est \u00e9tablie via le plugin. Facebook re\u00e7oit ainsi l&rsquo;information que vous avez visit\u00e9 notre site web avec votre adresse IP. Si vous cliquez sur le bouton \u00ab\u00a0J&rsquo;aime\u00a0\u00bb de Facebook alors que vous \u00eates connect\u00e9 \u00e0 votre compte Facebook, vous pouvez lier le contenu de nos pages \u00e0 votre profil Facebook. Cela permet \u00e0 Facebook d&rsquo;attribuer la visite de nos pages \u00e0 votre compte d&rsquo;utilisateur. Nous attirons votre attention sur le fait qu&rsquo;en tant que fournisseur des pages, nous n&rsquo;avons pas connaissance du contenu des donn\u00e9es transmises ni de leur utilisation par Facebook. Vous trouverez de plus amples informations \u00e0 ce sujet dans la d\u00e9claration de confidentialit\u00e9 de facebook \u00e0 l&rsquo;adresse <a href=\"http:\/\/de-de.facebook.com\/policy.php\" target=\"_blank\" rel=\"noopener\">http:\/\/de-de.facebook.com\/policy.php.<\/a> Si vous ne souhaitez pas que Facebook puisse attribuer la visite de nos pages \u00e0 votre compte d&rsquo;utilisateur Facebook, veuillez vous d\u00e9connecter de votre compte d&rsquo;utilisateur Facebook.<\/p>\n<p><strong>D\u00e9claration de confidentialit\u00e9 pour l&rsquo;utilisation de Twitter<\/strong><\/p>\n<p>Sur nos pages, des fonctions du service Twitter sont int\u00e9gr\u00e9es. Ces fonctions sont propos\u00e9es par Twitter Inc, Twitter, Inc. 1355 Market St, Suite 900, San Francisco, CA 94103, USA. En utilisant Twitter et la fonction \u00ab\u00a0Re-Tweet\u00a0\u00bb, les pages web que vous visitez sont reli\u00e9es \u00e0 votre compte Twitter et communiqu\u00e9es \u00e0 d&rsquo;autres utilisateurs. Ce faisant, des donn\u00e9es sont \u00e9galement transmises \u00e0 Twitter. Nous attirons votre attention sur le fait qu&rsquo;en tant que fournisseur des pages, nous n&rsquo;avons pas connaissance du contenu des donn\u00e9es transmises ni de leur utilisation par Twitter. Vous trouverez de plus amples informations \u00e0 ce sujet dans la d\u00e9claration de protection des donn\u00e9es de Twitter sous  <a href=\"http:\/\/twitter.com\/privacy\" target=\"_blank\" rel=\"noopener\">http:\/\/twitter.com\/privacy.<\/a> Vous pouvez modifier vos param\u00e8tres de confidentialit\u00e9 sur Twitter dans les param\u00e8tres de votre compte \u00e0 l&rsquo;<a href=\"http:\/\/twitter.com\/account\/settings\" target=\"_blank\" rel=\"noopener\">adresse suivante : http:\/\/twitter.com\/account\/settings<\/a>.<\/p>\n<p><strong>YouTube<\/strong><\/p>\n<p>Notre site web utilise des plugins du site YouTube exploit\u00e9 par Google. L&rsquo;exploitant de ces pages est YouTube, LLC, 901 Cherry Ave., San Bruno, CA 94066, USA. Lorsque vous visitez l&rsquo;une de nos pages \u00e9quip\u00e9es d&rsquo;un plug-in YouTube, une connexion est \u00e9tablie avec les serveurs de YouTube. Le serveur YouTube est alors inform\u00e9 des pages que vous avez visit\u00e9es. Si vous \u00eates connect\u00e9 \u00e0 votre compte YouTube, vous permettez \u00e0 YouTube d&rsquo;associer votre comportement de navigation directement \u00e0 votre profil personnel. Vous pouvez emp\u00eacher cela en vous d\u00e9connectant de votre compte YouTube. L&rsquo;utilisation de YouTube se fait dans l&rsquo;int\u00e9r\u00eat d&rsquo;une pr\u00e9sentation attrayante de nos offres en ligne. Cela constitue un int\u00e9r\u00eat l\u00e9gitime au sens de l&rsquo;article 6, paragraphe 1, point f) du RGPD. Vous trouverez de plus amples informations sur le traitement des donn\u00e9es des utilisateurs dans la d\u00e9claration de protection des donn\u00e9es de YouTube sous :  <a href=\"https:\/\/www.google.de\/intl\/de\/policies\/privacy\" target=\"_blank\" rel=\"noopener\">https:\/\/www.google.de\/intl\/de\/policies\/privacy.<\/a><\/p>\n<p><strong>D\u00e9claration de confidentialit\u00e9 pour l&rsquo;utilisation d&rsquo;Instagram<\/strong><\/p>\n<p>Sur nos pages, des fonctions du service Instagram sont int\u00e9gr\u00e9es. Ces fonctions sont propos\u00e9es par Instagram Inc., 1601 Willow Road, Menlo Park, CA, 94025, USA. Si vous \u00eates connect\u00e9 \u00e0 votre compte Instagram, vous pouvez, en cliquant sur le bouton Instagram, relier le contenu de nos pages \u00e0 votre profil Instagram. Instagram peut ainsi associer la visite de nos pages \u00e0 votre compte d&rsquo;utilisateur. Nous attirons votre attention sur le fait qu&rsquo;en tant que fournisseur des pages, nous n&rsquo;avons pas connaissance du contenu des donn\u00e9es transmises ni de leur utilisation par Instagram.<\/p>\n<p>Pour plus d&rsquo;informations, veuillez consulter la d\u00e9claration de confidentialit\u00e9 d&rsquo;Instagram <a href=\"http:\/\/instagram.com\/about\/legal\/privacy\/\" target=\"_blank\" rel=\"noopener\">: http:\/\/instagram.com\/about\/legal\/privacy\/<\/a><\/p>\n<p><strong>Fichiers journaux du serveur<\/strong><\/p>\n<p>Le fournisseur de ce site web collecte et enregistre automatiquement des informations dans ce que l&rsquo;on appelle des fichiers journaux du serveur, que votre navigateur nous transmet automatiquement. Il s&rsquo;agit de<\/p>\n<ul>\n<li>Type et version du navigateur<\/li>\n<li>le syst\u00e8me d&rsquo;exploitation utilis\u00e9<\/li>\n<li>URL de r\u00e9f\u00e9rence<\/li>\n<li>nom d&rsquo;h\u00f4te de l&rsquo;ordinateur qui acc\u00e8de au site<\/li>\n<li>Heure de la demande du serveur<\/li>\n<li>Adresse IP<\/li>\n<\/ul>\n<p>Ces donn\u00e9es ne sont pas recoup\u00e9es avec d&rsquo;autres sources de donn\u00e9es. Nous nous r\u00e9servons le droit de v\u00e9rifier ces donn\u00e9es ult\u00e9rieurement si nous avons connaissance d&rsquo;indices concrets d&rsquo;une utilisation ill\u00e9gale.<\/p>\n<p><strong>Dur\u00e9e et stockage<\/strong><\/p>\n<p>En principe, nous conserverons vos donn\u00e9es pendant une dur\u00e9e de trois mois. Un stockage plus long n&rsquo;a lieu que dans la mesure o\u00f9 cela est n\u00e9cessaire pour enqu\u00eater sur des attaques constat\u00e9es sur notre site web.<\/p>\n<p>Si vous vous inscrivez par \u00e9crit ou sur notre site web, nous conserverons vos donn\u00e9es aussi longtemps que votre compte existera et ensuite seulement aussi longtemps que les obligations l\u00e9gales le pr\u00e9voient.<\/p>\n<p><strong>Cryptage SSL<\/strong><\/p>\n<p>Ce site utilise un cryptage SSL pour des raisons de s\u00e9curit\u00e9 et pour prot\u00e9ger la transmission de contenus confidentiels, tels que les demandes que vous nous envoyez. Vous reconnaissez une connexion crypt\u00e9e au fait que la ligne d&rsquo;adresse du navigateur passe de \u00ab\u00a0http:\/\/\u00a0\u00bb \u00e0 \u00ab\u00a0https:\/\/\u00a0\u00bb et au symbole du cadenas dans la ligne de votre navigateur.<\/p>\n<p>Si le cryptage SSL est activ\u00e9, les donn\u00e9es que vous nous transmettez ne peuvent pas \u00eatre lues par des tiers.<\/p>\n<p><strong>Vos droits en mati\u00e8re de donn\u00e9es personnelles<\/strong><\/p>\n<p>Vous \u00eates notamment autoris\u00e9 (dans les conditions pr\u00e9vues par le droit applicable) \u00e0 (i) v\u00e9rifier si nous d\u00e9tenons des donn\u00e9es personnelles vous concernant et lesquelles, et obtenir des copies de ces donn\u00e9es (ii) demander la rectification, l&rsquo;ajout ou l&rsquo;effacement de vos donn\u00e9es personnelles qui sont inexactes ou qui ne sont pas trait\u00e9es conform\u00e9ment \u00e0 la loi, (iii) nous demander de restreindre le traitement de vos donn\u00e9es \u00e0 caract\u00e8re personnel ; et (iv) dans certaines circonstances, de vous opposer au traitement de vos donn\u00e9es \u00e0 caract\u00e8re personnel ou de retirer le consentement que vous avez donn\u00e9 pr\u00e9c\u00e9demment pour ce traitement, (v) demander la portabilit\u00e9 des donn\u00e9es, (vi) conna\u00eetre l&rsquo;identit\u00e9 des tiers auxquels vos donn\u00e9es personnelles sont transmises ; et (vii) de d\u00e9poser une plainte aupr\u00e8s de l&rsquo;autorit\u00e9 comp\u00e9tente.<\/p>\n<p><strong>Coordonn\u00e9es<\/strong><\/p>\n<p>Si vous avez des questions ou des demandes concernant le traitement de vos donn\u00e9es personnelles, veuillez vous adresser \u00e0 :<\/p>\n<p><strong>FRESHLine Europe GmbH<\/strong><br \/>\nHermannsdorf 2a<br \/>\n3304 St. Georgen am Ybbsfelde<br \/>\nAutriche<\/p>\n<p>T\u00e9l : <a href=\"tel:+43%207473%2030%20900\">+43 7473 30 900<\/a><br \/>\nCourrier \u00e9lectronique : <a href=\"mailto:office@freshline-europe.com\">office@freshline-europe.com<\/a><br \/>\nInternet : <a href=\"https:\/\/freshline-europe.com\/fr\/\" target=\"_blank\" rel=\"noopener\">www.freshline-europe.com<\/a><\/p>\n<p>Derni\u00e8re mise \u00e0 jour le 3 d\u00e9cembre 2022<\/p>\n<\/div><\/div><\/div><\/div><\/div><\/div><\/div><\/section>\n","protected":false},"excerpt":{"rendered":"[vc_custom_heading text=\"Protection des donn\u00e9es\" font_container=\"tag:h3|text_align:left\" use_theme_fonts=\"yes\"]La protection de vos donn\u00e9es personnelles nous tient particuli\u00e8rement \u00e0 c\u0153ur. Nous traitons donc vos donn\u00e9es exclusivement sur la base des dispositions l\u00e9gales. Cette d\u00e9claration de confidentialit\u00e9 ne concerne que ce site web. Si vous \u00eates redirig\u00e9 vers d&rsquo;autres sites via des liens sur nos pages, informez-vous directement sur le...","protected":false},"author":1,"featured_media":0,"parent":0,"menu_order":0,"comment_status":"closed","ping_status":"closed","template":"","meta":{"footnotes":""},"class_list":["post-793","page","type-page","status-publish","hentry"],"_links":{"self":[{"href":"https:\/\/freshline-europe.com\/fr\/wp-json\/wp\/v2\/pages\/793","targetHints":{"allow":["GET"]}}],"collection":[{"href":"https:\/\/freshline-europe.com\/fr\/wp-json\/wp\/v2\/pages"}],"about":[{"href":"https:\/\/freshline-europe.com\/fr\/wp-json\/wp\/v2\/types\/page"}],"author":[{"embeddable":true,"href":"https:\/\/freshline-europe.com\/fr\/wp-json\/wp\/v2\/users\/1"}],"replies":[{"embeddable":true,"href":"https:\/\/freshline-europe.com\/fr\/wp-json\/wp\/v2\/comments?post=793"}],"version-history":[{"count":7,"href":"https:\/\/freshline-europe.com\/fr\/wp-json\/wp\/v2\/pages\/793\/revisions"}],"predecessor-version":[{"id":1974,"href":"https:\/\/freshline-europe.com\/fr\/wp-json\/wp\/v2\/pages\/793\/revisions\/1974"}],"wp:attachment":[{"href":"https:\/\/freshline-europe.com\/fr\/wp-json\/wp\/v2\/media?parent=793"}],"curies":[{"name":"wp","href":"https:\/\/api.w.org\/{rel}","templated":true}]}}