{"id":842,"date":"2022-12-04T11:32:54","date_gmt":"2022-12-04T10:32:54","guid":{"rendered":"https:\/\/freshline-europe.com\/telechargements\/"},"modified":"2022-12-18T10:31:21","modified_gmt":"2022-12-18T09:31:21","slug":"telechargements","status":"publish","type":"page","link":"https:\/\/freshline-europe.com\/fr\/telechargements\/","title":{"rendered":"T\u00e9l\u00e9chargements"},"content":{"rendered":"<section class=\"l-section wpb_row us_custom_664ab32c has_text_color height_medium with_img\"><div class=\"l-section-img\" role=\"img\" aria-label=\"Image\" data-img-width=\"1500\" data-img-height=\"700\" style=\"background-image: url(https:\/\/freshline-europe.com\/wp-content\/uploads\/2022\/07\/Musterheader.jpg);\"><\/div><div class=\"l-section-overlay\" style=\"background:rgba(26,26,26,0.30)\"><\/div><div class=\"l-section-h i-cf\"><div class=\"g-cols vc_row via_flex valign_top type_default stacking_default\"><div class=\"vc_col-sm-12 wpb_column vc_column_container\"><div class=\"vc_column-inner\"><div class=\"wpb_wrapper\">[vc_custom_heading text=\u00a0\u00bbT\u00e9l\u00e9chargements\u00a0\u00bb font_container=\u00a0\u00bbtag:h1|text_align:left\u00a0\u00bb use_theme_fonts=\u00a0\u00bbyes\u00a0\u00bb]<\/div><\/div><\/div><\/div><\/div><\/section><section class=\"l-section wpb_row height_medium\"><div class=\"l-section-h i-cf\"><div class=\"g-cols vc_row via_flex valign_top type_default stacking_default\"><div class=\"vc_col-sm-12 wpb_column vc_column_container\"><div class=\"vc_column-inner\"><div class=\"wpb_wrapper\">[vc_custom_heading text=\u00a0\u00bbInformations \u00e0 t\u00e9l\u00e9charger\u00a0\u00bb font_container=\u00a0\u00bbtag:h4|text_align:left\u00a0\u00bb use_theme_fonts=\u00a0\u00bbyes\u00a0\u00bb]<div class=\"wpb_text_column us_custom_71d3e3d1\"><div class=\"wpb_wrapper\"><p>Vous trouverez ici des t\u00e9l\u00e9chargements de divers documents, licences, conditions g\u00e9n\u00e9rales et bien plus encore. Notre rubrique T\u00e9l\u00e9chargements est r\u00e9guli\u00e8rement \u00e9largie et actualis\u00e9e. N&rsquo;h\u00e9sitez pas \u00e0 nous contacter si vous avez des questions. Pour vos demandes, le mieux est d&rsquo;utiliser notre <a href=\"https:\/\/freshline-europe.com\/fr\/contact\/\">formulaire de contact<\/a>.<\/p>\n<\/div><\/div><div class=\"w-separator size_medium\"><\/div><div class=\"g-cols wpb_row via_flex valign_top type_default stacking_default\"><div class=\"vc_col-sm-6 wpb_column vc_column_container\"><div class=\"vc_column-inner\"><div class=\"wpb_wrapper\"><div class=\"wpb_text_column us_custom_5f058685\"><div class=\"wpb_wrapper\"><p><span style=\"color: #1b1b1b;\"><i class=\"fas\" style=\"font-size: 15px;\"><\/i> <a style=\"color: #333333;\" href=\"http:\/\/freshline-europe.com\/wp-content\/uploads\/2022\/12\/Allgemeine-Oesterreichische-Spediteurbedingungen-AOESp.pdf\" target=\"_blank\" rel=\"noopener\">Allgemeine \u00f6sterr. Conditions d&rsquo;exp\u00e9dition AOESp<\/a><\/span><\/p>\n<\/div><\/div><\/div><\/div><\/div><div class=\"vc_col-sm-6 wpb_column vc_column_container\"><div class=\"vc_column-inner\"><div class=\"wpb_wrapper\"><div class=\"wpb_text_column us_custom_0ae403e1\"><div class=\"wpb_wrapper\"><p><span style=\"color: #1b1b1b;\"><i class=\"fas\" style=\"font-size: 15px;\"> <a style=\"color: #333333;\" href=\"http:\/\/freshline-europe.com\/wp-content\/uploads\/2022\/12\/AGB-zu-Ladeauftrag-an-Dienstleister.pdf\" target=\"_blank\" rel=\"noopener\">CGV pour ordre de chargement \u00e0 un prestataire de services<\/a><\/i><\/span><\/p>\n<\/div><\/div><\/div><\/div><\/div><\/div><div class=\"w-separator size_custom\" style=\"height:25px\"><\/div><div class=\"g-cols wpb_row via_flex valign_top type_default stacking_default\"><div class=\"vc_col-sm-6 wpb_column vc_column_container\"><div class=\"vc_column-inner\"><div class=\"wpb_wrapper\"><div class=\"wpb_text_column us_custom_3995f6d2\"><div class=\"wpb_wrapper\"><p><span style=\"color: #1b1b1b;\"><i class=\"fas\" style=\"font-size: 15px;\"> <a style=\"color: #333333;\" href=\"http:\/\/freshline-europe.com\/wp-content\/uploads\/2022\/12\/AGB-fuer-die-Transportuebernahme-Auftragsbestaetigung.pdf\" target=\"_blank\" rel=\"noopener\">CGV Prise en charge du transport Confirmation de commande<\/a><\/i><\/span><\/p>\n<\/div><\/div><\/div><\/div><\/div><div class=\"vc_col-sm-6 wpb_column vc_column_container\"><div class=\"vc_column-inner\"><div class=\"wpb_wrapper\"><div class=\"wpb_text_column us_custom_080ac385\"><div class=\"wpb_wrapper\"><p><span style=\"color: #1b1b1b;\"><i class=\"fas\" style=\"font-size: 15px;\"> <a style=\"color: #333333;\" href=\"http:\/\/freshline-europe.com\/wp-content\/uploads\/2022\/12\/EU-Lizenz.pdf\" target=\"_blank\" rel=\"noopener\">Licence UE<\/a><\/i><\/span><\/p>\n<\/div><\/div><\/div><\/div><\/div><\/div><div class=\"w-separator size_custom\" style=\"height:25px\"><\/div><div class=\"g-cols wpb_row via_flex valign_top type_default stacking_default\"><div class=\"vc_col-sm-6 wpb_column vc_column_container\"><div class=\"vc_column-inner\"><div class=\"wpb_wrapper\"><div class=\"wpb_text_column us_custom_3995f6d2\"><div class=\"wpb_wrapper\"><p><span style=\"color: #1b1b1b;\"><i class=\"fas\" style=\"font-size: 15px;\"> <a style=\"color: #333333;\" href=\"http:\/\/freshline-europe.com\/wp-content\/uploads\/2022\/12\/CMR-Versicherungsbestaetigung-2023.pdf\" target=\"_blank\" rel=\"noopener\">Confirmation d&rsquo;assurance CMR<\/a><\/i><\/span><\/p>\n<\/div><\/div><\/div><\/div><\/div><div class=\"vc_col-sm-6 wpb_column vc_column_container\"><div class=\"vc_column-inner\"><div class=\"wpb_wrapper\"><div class=\"wpb_text_column us_custom_080ac385\"><div class=\"wpb_wrapper\"><p><span style=\"color: #1b1b1b;\"><i class=\"fas\" style=\"font-size: 15px;\"> <a style=\"color: #333333;\" href=\"http:\/\/freshline-europe.com\/wp-content\/uploads\/2022\/12\/Datenschutzgrundverordnung.pdf\" target=\"_blank\" rel=\"noopener\">R\u00e8glement g\u00e9n\u00e9ral sur la protection des donn\u00e9es<\/a><\/i><\/span><\/p>\n<\/div><\/div><\/div><\/div><\/div><\/div><\/div><\/div><\/div><\/div><\/div><\/section>\n","protected":false},"excerpt":{"rendered":"[vc_custom_heading text=\"T\u00e9l\u00e9chargements\" font_container=\"tag:h1|text_align:left\" use_theme_fonts=\"yes\"][vc_custom_heading text=\"Informations \u00e0 t\u00e9l\u00e9charger\" font_container=\"tag:h4|text_align:left\" use_theme_fonts=\"yes\"]Vous trouverez ici des t\u00e9l\u00e9chargements de divers documents, licences, conditions g\u00e9n\u00e9rales et bien plus encore. Notre rubrique T\u00e9l\u00e9chargements est r\u00e9guli\u00e8rement \u00e9largie et actualis\u00e9e. N&rsquo;h\u00e9sitez pas \u00e0 nous contacter si vous avez des questions. Pour vos demandes, le mieux est d&rsquo;utiliser notre formulaire de contact. Allgemeine \u00f6sterr. Conditions...","protected":false},"author":1,"featured_media":0,"parent":0,"menu_order":0,"comment_status":"closed","ping_status":"closed","template":"","meta":{"footnotes":""},"class_list":["post-842","page","type-page","status-publish","hentry"],"_links":{"self":[{"href":"https:\/\/freshline-europe.com\/fr\/wp-json\/wp\/v2\/pages\/842","targetHints":{"allow":["GET"]}}],"collection":[{"href":"https:\/\/freshline-europe.com\/fr\/wp-json\/wp\/v2\/pages"}],"about":[{"href":"https:\/\/freshline-europe.com\/fr\/wp-json\/wp\/v2\/types\/page"}],"author":[{"embeddable":true,"href":"https:\/\/freshline-europe.com\/fr\/wp-json\/wp\/v2\/users\/1"}],"replies":[{"embeddable":true,"href":"https:\/\/freshline-europe.com\/fr\/wp-json\/wp\/v2\/comments?post=842"}],"version-history":[{"count":8,"href":"https:\/\/freshline-europe.com\/fr\/wp-json\/wp\/v2\/pages\/842\/revisions"}],"predecessor-version":[{"id":1920,"href":"https:\/\/freshline-europe.com\/fr\/wp-json\/wp\/v2\/pages\/842\/revisions\/1920"}],"wp:attachment":[{"href":"https:\/\/freshline-europe.com\/fr\/wp-json\/wp\/v2\/media?parent=842"}],"curies":[{"name":"wp","href":"https:\/\/api.w.org\/{rel}","templated":true}]}}