{"id":894,"date":"2022-07-12T10:12:37","date_gmt":"2022-07-12T08:12:37","guid":{"rendered":"https:\/\/freshline-europe.com\/contact\/"},"modified":"2023-05-25T16:11:42","modified_gmt":"2023-05-25T14:11:42","slug":"contact","status":"publish","type":"page","link":"https:\/\/freshline-europe.com\/fr\/contact\/","title":{"rendered":"Contact"},"content":{"rendered":"<section class=\"l-section wpb_row us_custom_664ab32c has_text_color height_medium with_img\"><div class=\"l-section-img\" role=\"img\" aria-label=\"Image\" data-img-width=\"1500\" data-img-height=\"700\" style=\"background-image: url(https:\/\/freshline-europe.com\/wp-content\/uploads\/2022\/07\/Musterheader.jpg);\"><\/div><div class=\"l-section-overlay\" style=\"background:rgba(26,26,26,0.30)\"><\/div><div class=\"l-section-h i-cf\"><div class=\"g-cols vc_row via_flex valign_top type_default stacking_default\"><div class=\"vc_col-sm-12 wpb_column vc_column_container\"><div class=\"vc_column-inner\"><div class=\"wpb_wrapper\">[vc_custom_heading text=\u00a0\u00bbContact\u00a0\u00bb font_container=\u00a0\u00bbtag:h1|text_align:left\u00a0\u00bb use_theme_fonts=\u00a0\u00bbyes\u00a0\u00bb]<\/div><\/div><\/div><\/div><\/div><\/section><section class=\"l-section wpb_row height_medium\"><div class=\"l-section-h i-cf\"><div class=\"g-cols vc_row via_flex valign_top type_default stacking_default\"><div class=\"vc_col-sm-12 wpb_column vc_column_container\"><div class=\"vc_column-inner\"><div class=\"wpb_wrapper\">[vc_custom_heading text=\u00a0\u00bbCoordonn\u00e9es\u00a0\u00bb font_container=\u00a0\u00bbtag:h3|text_align:left\u00a0\u00bb use_theme_fonts=\u00a0\u00bbyes\u00a0\u00bb]<div class=\"g-cols wpb_row via_flex valign_top type_default stacking_default\"><div class=\"vc_col-sm-6 wpb_column vc_column_container\"><div class=\"vc_column-inner\"><div class=\"wpb_wrapper\"><div class=\"wpb_text_column\"><div class=\"wpb_wrapper\"><p><strong>FRESHLine Europe GmbH<\/strong><br \/>\nHermannsdorf 2a<br \/>\n3304 St. Georgen am Ybbsfelde<br \/>\nAutriche<\/p>\n<p>T\u00e9l : <a href=\"tel:+43%207473%2030%20900\">+43 7473 30 900<\/a><br \/>\nCourrier \u00e9lectronique : <a href=\"mailto:office@freshline-europe.com\">office@freshline-europe.com<\/a><br \/>\nInternet : <a href=\"https:\/\/freshline-europe.com\/fr\/\" target=\"_blank\" rel=\"noopener\">www.freshline-europe.com<\/a><\/p>\n<\/div><\/div><\/div><\/div><\/div><div class=\"vc_col-sm-6 wpb_column vc_column_container\"><div class=\"vc_column-inner\"><div class=\"wpb_wrapper\"><div class=\"wpb_text_column\"><div class=\"wpb_wrapper\"><p><strong>FRESHLine Europe s.r.o.<\/strong><br \/>\nSukova 2<br \/>\n370 05 \u010cesk\u00e9 Bud\u011bjovice<br \/>\nR\u00e9publique tch\u00e8que<\/p>\n<p>T\u00e9l : <a href=\"tel:+420%20388%20880%20125\">+420 388 880 125<\/a><br \/>\nCourrier \u00e9lectronique : <a href=\"mailto:office@freshline-europe.com\">office@freshline-europe.com<\/a><br \/>\nInternet : <a href=\"https:\/\/freshline-europe.com\/fr\/\" target=\"_blank\" rel=\"noopener\">www.freshline-europe.com<\/a><\/p>\n<\/div><\/div><\/div><\/div><\/div><\/div><div class=\"w-separator size_custom\" style=\"height:10px\"><\/div>[vc_custom_heading text=\u00a0\u00bbFormulaire de contact\u00a0\u00bb font_container=\u00a0\u00bbtag:h3|text_align:left\u00a0\u00bb use_theme_fonts=\u00a0\u00bbyes\u00a0\u00bb]<form class=\"w-form  us-field-style_1 layout_ver show_message_after_sending for_cform us_form_1\" action=\"https:\/\/freshline-europe.com\/fr\/wp-json\/wp\/v2\/pages\/894\" method=\"post\"><div class=\"w-form-h\"><div class=\"w-form-row for_text with_icon\">\r\n\t\t<div class=\"w-form-row-field\">\r\n\t\t\t\t<i class=\"fas fa-user\"><\/i>\t\t<input aria-label=\"Votre nom\" type=\"text\" name=\"us_form_1_text_1\" value placeholder=\"Votre nom\"\/>\r\n\t\t\t<\/div>\r\n\t\t<div class=\"w-form-row-state\">Vous devez remplir ce champ<\/div>\r\n<\/div>\r\n<div class=\"w-form-row for_email required with_icon\">\r\n\t\t<div class=\"w-form-row-field\">\r\n\t\t\t\t<i class=\"fas fa-envelope\"><\/i>\t\t<input aria-label=\"Votre adresse e-mail\" type=\"email\" name=\"us_form_1_email_1\" value placeholder=\"Votre adresse e-mail *\" data-required=\"true\" aria-required=\"true\"\/>\r\n\t\t\t<\/div>\r\n\t\t<div class=\"w-form-row-state\">Veuillez saisir une adresse e-mail valide.<\/div>\r\n<\/div>\r\n<div class=\"w-form-row for_text with_icon\">\r\n\t\t<div class=\"w-form-row-field\">\r\n\t\t\t\t<i class=\"fas fa-phone\"><\/i>\t\t<input aria-label=\"Votre num\u00e9ro de t\u00e9l\u00e9phone\" type=\"text\" name=\"us_form_1_text_2\" value placeholder=\"Votre num\u00e9ro de t\u00e9l\u00e9phone\"\/>\r\n\t\t\t<\/div>\r\n\t\t<div class=\"w-form-row-state\">Vous devez remplir ce champ<\/div>\r\n<\/div>\r\n<div class=\"w-form-row for_textarea required with_icon\">\r\n\t\t<div class=\"w-form-row-field\">\r\n\t\t\t\t<i class=\"fas fa-pen\"><\/i>\t\t<textarea aria-label=\"Votre message pour nous\" name=\"us_form_1_textarea_1\" placeholder=\"Votre message pour nous *\" data-required=\"true\" aria-required=\"true\"><\/textarea>\r\n\t\t\t<\/div>\r\n\t\t<div class=\"w-form-row-state\">Vous devez remplir ce champ<\/div>\r\n<\/div>\r\n<div class=\"w-form-row for_agreement required\">\r\n\t\t<div class=\"w-form-row-field\">\r\n\t\t\t\t<label>\r\n\t\t\t<input type=\"checkbox\" value=\"1\" data-required=\"true\" aria-required=\"true\" name=\"us_form_1_agreement_1\"\/>\r\n\t\t\t<span>Par la pr\u00e9sente, j'accepte que les donn\u00e9es que j'ai saisies dans le formulaire de contact soient enregistr\u00e9es \u00e9lectroniquement, trait\u00e9es et utilis\u00e9es dans le but de me contacter. Je suis conscient(e) que je peux r\u00e9voquer mon consentement \u00e0 tout moment.<\/span>\r\n\t\t<\/label>\r\n\t\t\t<\/div>\r\n\t\t<div class=\"w-form-row-state\">Vous devez accepter les conditions pour continuer<\/div>\r\n<\/div>\r\n<div class=\"w-form-row for_captcha has_label required with_icon\">\r\n\t<div class=\"w-form-row-label\">\r\n\t\t<span>Antispam, veuillez r\u00e9soudre le calcul suivant :   <span>21 + 7 = ?<\/span><\/span>\r\n\t<\/div>\r\n\t<div class=\"w-form-row-field\">\r\n\t\t\t\t<input type=\"hidden\" name=\"us_form_1_captcha_1_hash\" value=\"8b5236c7e191a00bb1f58332b9814832\" \/>\r\n\t\t<i class=\"fas fa-check-circle\"><\/i>\t\t<input aria-label=\"Antispam, veuillez r\u00e9soudre le calcul suivant :  \" type=\"text\" name=\"us_form_1_captcha_1\" placeholder data-required=\"true\" aria-required=\"true\"\/>\r\n\t\t\t<\/div>\r\n\t\t<div class=\"w-form-row-state\">Entrer le r\u00e9sultat de l'op\u00e9ration pour continuer<\/div>\r\n<\/div>\r\n<input type=\"hidden\" name=\"action\" value=\"us_ajax_cform\" \/>\r\n<input type=\"hidden\" name=\"post_id\" value=\"0\" \/>\r\n<input type=\"hidden\" name=\"form_index\" value=\"1\" \/>\r\n<div class=\"w-form-row for_submit align_none\"><button class=\"w-btn us-btn-style_1 icon_atleft\" type=\"submit\" aria-label=\"Envoyer le formulaire\"><span class=\"g-preloader type_1\"><\/span><i class=\"fas fa-share\"><\/i><span class=\"w-btn-label\">Envoyer le formulaire<\/span><\/button><\/div><\/div><div class=\"w-form-message\"><\/div><div class=\"w-form-json hidden\" onclick='return {&quot;ajaxurl&quot;:&quot;https:\\\/\\\/freshline-europe.com\\\/wp-admin\\\/admin-ajax.php&quot;,&quot;messages&quot;:{&quot;err_empty&quot;:&quot;Vous devez remplir ce champ&quot;,&quot;err_size&quot;:&quot;La taille du fichier ne peut pas d\\u00e9passer %s Mo&quot;,&quot;err_extension&quot;:&quot;Le type de fichier %s n&#039;est pas autoris\\u00e9&quot;,&quot;err_recaptcha_keys&quot;:&quot;Les cl\\u00e9s reCAPTCHA sont incorrectes&quot;}}'><\/div><\/form><div class=\"w-separator size_custom\" style=\"height:10px\"><\/div>[vc_custom_heading text=\u00a0\u00bbPlan d&rsquo;acc\u00e8s\u00a0\u00bb font_container=\u00a0\u00bbtag:h3|text_align:left\u00a0\u00bb use_theme_fonts=\u00a0\u00bbyes\u00a0\u00bb]<div class=\"g-cols wpb_row via_flex valign_top type_default stacking_default\"><div class=\"vc_col-sm-6 wpb_column vc_column_container\"><div class=\"vc_column-inner\"><div class=\"wpb_wrapper\"><div class=\"wpb_text_column\"><div class=\"wpb_wrapper\"><p style=\"text-align: center;\"><strong>FRESHLine Europe GmbH, Autriche<\/strong><\/p>\n<\/div><\/div><div class=\"w-separator size_custom\" style=\"height:10px\"><\/div>[vc_raw_html]PGlmcmFtZSBzcmM9Imh0dHBzOi8vd3d3Lmdvb2dsZS5jb20vbWFwcy9lbWJlZD9wYj0hMW0xOCExbTEyITFtMyExZDI2NjMuNTUwNjA3MDE5NDg0ITJkMTQuOTYwMzE1OTUxNzk5ODc0ITNkNDguMTE4OTA0MTc5MTE5OSEybTMhMWYwITJmMCEzZjAhM20yITFpMTAyNCEyaTc2OCE0ZjEzLjEhM20zITFtMiExczB4NDc3MjQ3ZWU4Yjc5MThmMSUzQTB4NmVlNWFmNTIxNTE1MzBkMiEyc0ZSRVNITGluZSUyMEV1cm9wZSUyMEdtYkghNWUwITNtMiExc2RlITJzYXQhNHYxNjcwMDgwMTE0NDQ1ITVtMiExc2RlITJzYXQiIHdpZHRoPSIzNjAwIiBoZWlnaHQ9IjQ1MCIgc3R5bGU9ImJvcmRlcjowOyIgYWxsb3dmdWxsc2NyZWVuPSIiIGxvYWRpbmc9ImxhenkiIHJlZmVycmVycG9saWN5PSJuby1yZWZlcnJlci13aGVuLWRvd25ncmFkZSI+PC9pZnJhbWU+[\/vc_raw_html]<\/div><\/div><\/div><div class=\"vc_col-sm-6 wpb_column vc_column_container\"><div class=\"vc_column-inner\"><div class=\"wpb_wrapper\"><div class=\"wpb_text_column\"><div class=\"wpb_wrapper\"><p style=\"text-align: center;\"><strong>FRESHLine Europe s.r.o., R\u00e9publique tch\u00e8que<\/strong><\/p>\n<\/div><\/div><div class=\"w-separator size_custom\" style=\"height:10px\"><\/div>[vc_raw_html]PGlmcmFtZSBzcmM9Imh0dHBzOi8vd3d3Lmdvb2dsZS5jb20vbWFwcy9lbWJlZD9wYj0hMW0xOCExbTEyITFtMyExZDI2MTguNzAwODA0MjI4Njg2ITJkMTQuNDU1NDMyNDUxODIwNTIyITNkNDguOTc4MjE5NTc5MTk3NzYhMm0zITFmMCEyZjAhM2YwITNtMiExaTEwMjQhMmk3NjghNGYxMy4xITNtMyExbTIhMXMweDQ3NzM1MDI5ZGNiNzA0YzMlM0EweDZiMmQwM2Q0OTI1NTc5YTUhMnNTdWtvdmElMjAyJTJDJTIwMzcwJTIwMDUlMjAlQzQlOENlc2slQzMlQTklMjBCdWQlQzQlOUJqb3ZpY2UlMkMlMjBUc2NoZWNoaWVuITVlMCEzbTIhMXNkZSEyc2F0ITR2MTY3MDA4MDE3NTYyOCE1bTIhMXNkZSEyc2F0IiB3aWR0aD0iMzYwMCIgaGVpZ2h0PSI0NTAiIHN0eWxlPSJib3JkZXI6MDsiIGFsbG93ZnVsbHNjcmVlbj0iIiBsb2FkaW5nPSJsYXp5IiByZWZlcnJlcnBvbGljeT0ibm8tcmVmZXJyZXItd2hlbi1kb3duZ3JhZGUiPjwvaWZyYW1lPg==[\/vc_raw_html]<\/div><\/div><\/div><\/div><\/div><\/div><\/div><\/div><\/div><\/section>\n","protected":false},"excerpt":{"rendered":"[vc_custom_heading text=\"Contact\" font_container=\"tag:h1|text_align:left\" use_theme_fonts=\"yes\"][vc_custom_heading text=\"Coordonn\u00e9es\" font_container=\"tag:h3|text_align:left\" use_theme_fonts=\"yes\"]FRESHLine Europe GmbH Hermannsdorf 2a 3304 St. Georgen am Ybbsfelde Autriche T\u00e9l : +43 7473 30 900 Courrier \u00e9lectronique : office@freshline-europe.com Internet : www.freshline-europe.com FRESHLine Europe s.r.o. Sukova 2 370 05 \u010cesk\u00e9 Bud\u011bjovice R\u00e9publique tch\u00e8que T\u00e9l : +420 388 880 125 Courrier \u00e9lectronique : office@freshline-europe.com Internet : www.freshline-europe.com [vc_custom_heading...","protected":false},"author":1,"featured_media":0,"parent":0,"menu_order":0,"comment_status":"closed","ping_status":"closed","template":"","meta":{"footnotes":""},"class_list":["post-894","page","type-page","status-publish","hentry"],"_links":{"self":[{"href":"https:\/\/freshline-europe.com\/fr\/wp-json\/wp\/v2\/pages\/894","targetHints":{"allow":["GET"]}}],"collection":[{"href":"https:\/\/freshline-europe.com\/fr\/wp-json\/wp\/v2\/pages"}],"about":[{"href":"https:\/\/freshline-europe.com\/fr\/wp-json\/wp\/v2\/types\/page"}],"author":[{"embeddable":true,"href":"https:\/\/freshline-europe.com\/fr\/wp-json\/wp\/v2\/users\/1"}],"replies":[{"embeddable":true,"href":"https:\/\/freshline-europe.com\/fr\/wp-json\/wp\/v2\/comments?post=894"}],"version-history":[{"count":11,"href":"https:\/\/freshline-europe.com\/fr\/wp-json\/wp\/v2\/pages\/894\/revisions"}],"predecessor-version":[{"id":1954,"href":"https:\/\/freshline-europe.com\/fr\/wp-json\/wp\/v2\/pages\/894\/revisions\/1954"}],"wp:attachment":[{"href":"https:\/\/freshline-europe.com\/fr\/wp-json\/wp\/v2\/media?parent=894"}],"curies":[{"name":"wp","href":"https:\/\/api.w.org\/{rel}","templated":true}]}}