{"id":916,"date":"2022-07-12T10:13:19","date_gmt":"2022-07-12T08:13:19","guid":{"rendered":"https:\/\/freshline-europe.com\/mentions-legales\/"},"modified":"2023-05-25T16:12:15","modified_gmt":"2023-05-25T14:12:15","slug":"mentions-legales","status":"publish","type":"page","link":"https:\/\/freshline-europe.com\/fr\/mentions-legales\/","title":{"rendered":"Mentions l\u00e9gales"},"content":{"rendered":"<section class=\"l-section wpb_row height_medium\"><div class=\"l-section-h i-cf\"><div class=\"g-cols vc_row via_flex valign_top type_default stacking_default\"><div class=\"vc_col-sm-12 wpb_column vc_column_container\"><div class=\"vc_column-inner\"><div class=\"wpb_wrapper\">[vc_custom_heading text=\u00a0\u00bbMentions l\u00e9gales\u00a0\u00bb font_container=\u00a0\u00bbtag:h3|text_align:left\u00a0\u00bb use_theme_fonts=\u00a0\u00bbyes\u00a0\u00bb]<div class=\"g-cols wpb_row via_flex valign_top type_default stacking_default\"><div class=\"vc_col-sm-6 wpb_column vc_column_container\"><div class=\"vc_column-inner\"><div class=\"wpb_wrapper\"><div class=\"wpb_text_column\"><div class=\"wpb_wrapper\"><p><strong>FRESHLine Europe GmbH<\/strong><br \/>\nHermannsdorf 2a<br \/>\n3304 St. Georgen am Ybbsfelde<br \/>\nAutriche<\/p>\n<p>T\u00e9l : <a href=\"tel:+43%207473%2030%20900\">+43 7473 30 900<\/a><br \/>\nCourrier \u00e9lectronique : <a href=\"mailto:office@freshline-europe.com\">office@freshline-europe.com<\/a><br \/>\nInternet : <a href=\"https:\/\/freshline-europe.com\/fr\/\" target=\"_blank\" rel=\"noopener\">www.freshline-europe.com<\/a><\/p>\n<p>Registre du commerce : FN 552403 h<br \/>\nUID : ATU76741616<\/p>\n<\/div><\/div><\/div><\/div><\/div><div class=\"vc_col-sm-6 wpb_column vc_column_container\"><div class=\"vc_column-inner\"><div class=\"wpb_wrapper\"><div class=\"wpb_text_column\"><div class=\"wpb_wrapper\"><p><strong>FRESHLine Europe s.r.o.<\/strong><br \/>\nSukova 2<br \/>\n370 05 \u010cesk\u00e9 Bud\u011bjovice<br \/>\nR\u00e9publique tch\u00e8que<\/p>\n<p>T\u00e9l : <a href=\"tel:+420%20388%20880%20125\">+420 388 880 125<\/a><br \/>\nCourrier \u00e9lectronique : <a href=\"mailto:office@freshline-europe.com\">office@freshline-europe.com<\/a><br \/>\nInternet : <a href=\"https:\/\/freshline-europe.com\/fr\/\" target=\"_blank\" rel=\"noopener\">www.freshline-europe.com<\/a><\/p>\n<p>UID : CZ03966909<\/p>\n<\/div><\/div><\/div><\/div><\/div><\/div><div class=\"w-separator size_small with_line width_default thick_1 style_solid color_border align_center\"><div class=\"w-separator-h\"><\/div><\/div><div class=\"wpb_text_column\"><div class=\"wpb_wrapper\"><p><strong>Oberbank AG<\/strong> (compte EURO)<br \/>\nIBAN AT10 1500 0002 4128 5006<br \/>\nBIC : OBKLAT2L<\/p>\n<p><strong>Sparkasse Nieder\u00f6sterreich Mitte West AG<\/strong> (compte EURO)<br \/>\nIBAN : AT89 2025 6000 0061 0683<br \/>\nBIC : SPSPAT 21XXX<\/p>\n<p>Nous travaillons exclusivement sur la base des \u00ab\u00a0Conditions g\u00e9n\u00e9rales des transporteurs autrichiens\u00a0\u00bb (A\u00d6Sp), derni\u00e8re version.<br \/>\nLe tribunal comp\u00e9tent et le lieu d&rsquo;ex\u00e9cution sont St. P\u00f6lten.<br \/>\nDirecteur g\u00e9n\u00e9ral : Christoph Kralowetz<\/p>\n<\/div><\/div><div class=\"w-separator size_small with_line width_default thick_1 style_solid color_border align_center\"><div class=\"w-separator-h\"><\/div><\/div><div class=\"g-cols wpb_row via_flex valign_top type_default stacking_default\"><div class=\"vc_col-sm-12 wpb_column vc_column_container\"><div class=\"vc_column-inner\"><div class=\"wpb_wrapper\">[vc_custom_heading text=\u00a0\u00bbObligation d&rsquo;information\u00a0\u00bb font_container=\u00a0\u00bbtag:h3|text_align:left\u00a0\u00bb use_theme_fonts=\u00a0\u00bbyes\u00a0\u00bb]<\/div><\/div><\/div><\/div><div class=\"w-separator size_custom\" style=\"height:20px\"><\/div><div class=\"wpb_text_column\"><div class=\"wpb_wrapper\"><p><strong>Responsabilit\u00e9 pour le contenu de ce site web<\/strong><br \/>\nCe site web doit permettre au public d&rsquo;acc\u00e9der aux informations concernant FRESHLine Europe GmbH. Les informations contenues dans ce site web ont \u00e9t\u00e9 r\u00e9dig\u00e9es par nos soins en toute bonne foi. Malgr\u00e9 tout le soin apport\u00e9, l&rsquo;exactitude, l&rsquo;actualit\u00e9 et la justesse des informations propos\u00e9es ici ne peuvent \u00eatre garanties. Si nous prenons connaissance de fautes ou d&rsquo;erreurs, nous nous efforcerons de les corriger. Nous vous remercions d&rsquo;adresser toute remarque \u00e0 ce sujet \u00e0 notre r\u00e9daction.<\/p>\n<p><strong>Responsabilit\u00e9 pour les hyperliens<\/strong><br \/>\nNous avons plac\u00e9 sur nos pages des liens vers d&rsquo;autres sites sur Internet. Pour tous ces liens, nous n&rsquo;avons aucune influence sur la conception et le contenu des pages li\u00e9es. Nous nous distan\u00e7ons donc express\u00e9ment du contenu de ces pages li\u00e9es et ne les adoptons pas. Ceci s&rsquo;applique au contenu de tous les sites web externes accessibles via notre site web (\u00e9galement par le biais de banni\u00e8res, de livres d&rsquo;or ou de compteurs).<br \/>\nSi nous prenons connaissance d&rsquo;une activit\u00e9 ou d&rsquo;informations ill\u00e9gales sur un site Internet auquel nous renvoyons, nous supprimons imm\u00e9diatement le lien correspondant. Si vous avez connaissance d&rsquo;informations \u00e0 ce sujet, nous vous prions de nous envoyer un e-mail.<\/p>\n<p>Photo et vid\u00e9o de <a href=\"https:\/\/www.shutterstock.com\/\" target=\"_blank\" rel=\"noopener noreferrer\">Shutterstock<\/a> | Archives priv\u00e9es<br \/>\nSite web by <a href=\"http:\/\/max-online.at\" target=\"_blank\" rel=\"noopener\">max-online.at<\/a><\/p>\n<\/div><\/div><\/div><\/div><\/div><\/div><\/div><\/section>\n","protected":false},"excerpt":{"rendered":"[vc_custom_heading text=\"Mentions l\u00e9gales\" font_container=\"tag:h3|text_align:left\" use_theme_fonts=\"yes\"]FRESHLine Europe GmbH Hermannsdorf 2a 3304 St. Georgen am Ybbsfelde Autriche T\u00e9l : +43 7473 30 900 Courrier \u00e9lectronique : office@freshline-europe.com Internet : www.freshline-europe.com Registre du commerce : FN 552403 h UID : ATU76741616 FRESHLine Europe s.r.o. Sukova 2 370 05 \u010cesk\u00e9 Bud\u011bjovice R\u00e9publique tch\u00e8que T\u00e9l : +420 388 880 125...","protected":false},"author":1,"featured_media":0,"parent":0,"menu_order":0,"comment_status":"closed","ping_status":"closed","template":"","meta":{"footnotes":""},"class_list":["post-916","page","type-page","status-publish","hentry"],"_links":{"self":[{"href":"https:\/\/freshline-europe.com\/fr\/wp-json\/wp\/v2\/pages\/916","targetHints":{"allow":["GET"]}}],"collection":[{"href":"https:\/\/freshline-europe.com\/fr\/wp-json\/wp\/v2\/pages"}],"about":[{"href":"https:\/\/freshline-europe.com\/fr\/wp-json\/wp\/v2\/types\/page"}],"author":[{"embeddable":true,"href":"https:\/\/freshline-europe.com\/fr\/wp-json\/wp\/v2\/users\/1"}],"replies":[{"embeddable":true,"href":"https:\/\/freshline-europe.com\/fr\/wp-json\/wp\/v2\/comments?post=916"}],"version-history":[{"count":6,"href":"https:\/\/freshline-europe.com\/fr\/wp-json\/wp\/v2\/pages\/916\/revisions"}],"predecessor-version":[{"id":2012,"href":"https:\/\/freshline-europe.com\/fr\/wp-json\/wp\/v2\/pages\/916\/revisions\/2012"}],"wp:attachment":[{"href":"https:\/\/freshline-europe.com\/fr\/wp-json\/wp\/v2\/media?parent=916"}],"curies":[{"name":"wp","href":"https:\/\/api.w.org\/{rel}","templated":true}]}}