{"id":839,"date":"2022-12-04T11:32:54","date_gmt":"2022-12-04T10:32:54","guid":{"rendered":"https:\/\/freshline-europe.com\/letoeltesek\/"},"modified":"2022-12-18T10:31:21","modified_gmt":"2022-12-18T09:31:21","slug":"letoeltesek","status":"publish","type":"page","link":"https:\/\/freshline-europe.com\/hu\/letoeltesek\/","title":{"rendered":"Let\u00f6lt\u00e9sek"},"content":{"rendered":"<section class=\"l-section wpb_row us_custom_664ab32c has_text_color height_medium with_img\"><div class=\"l-section-img\" role=\"img\" aria-label=\"K\u00e9p\" data-img-width=\"1500\" data-img-height=\"700\" style=\"background-image: url(https:\/\/freshline-europe.com\/wp-content\/uploads\/2022\/07\/Musterheader.jpg);\"><\/div><div class=\"l-section-overlay\" style=\"background:rgba(26,26,26,0.30)\"><\/div><div class=\"l-section-h i-cf\"><div class=\"g-cols vc_row via_flex valign_top type_default stacking_default\"><div class=\"vc_col-sm-12 wpb_column vc_column_container\"><div class=\"vc_column-inner\"><div class=\"wpb_wrapper\">[vc_custom_heading text=&#8221;Let\u00f6lt\u00e9sek&#8221; font_container=&#8221;tag:h1|text_align:left&#8221; use_theme_fonts=&#8221;yes&#8221;]<\/div><\/div><\/div><\/div><\/div><\/section><section class=\"l-section wpb_row height_medium\"><div class=\"l-section-h i-cf\"><div class=\"g-cols vc_row via_flex valign_top type_default stacking_default\"><div class=\"vc_col-sm-12 wpb_column vc_column_container\"><div class=\"vc_column-inner\"><div class=\"wpb_wrapper\">[vc_custom_heading text=&#8221;Inform\u00e1ci\u00f3 let\u00f6lt\u00e9se&#8221; font_container=&#8221;tag:h4|text_align:left&#8221; use_theme_fonts=&#8221;yes&#8221;]<div class=\"wpb_text_column us_custom_71d3e3d1\"><div class=\"wpb_wrapper\"><p>Itt k\u00fcl\u00f6nb\u00f6z\u0151 dokumentumok, licencek, \u00e1ltal\u00e1nos szerz\u0151d\u00e9si felt\u00e9telek \u00e9s m\u00e9g sok m\u00e1s let\u00f6lthet\u0151 dokumentum tal\u00e1lhat\u00f3. Let\u00f6lt\u00e9si r\u00e9szleg\u00fcnk folyamatosan b\u0151v\u00fcl \u00e9s friss\u00fcl. Ha b\u00e1rmilyen k\u00e9rd\u00e9se van, k\u00e9rj\u00fck, forduljon hozz\u00e1nk bizalommal. \u00c9rdekl\u0151d\u00e9s\u00e9hez a legjobb, ha a <a href=\"https:\/\/freshline-europe.com\/hu\/kapcsolat\/\">kapcsolatfelv\u00e9teli \u0171rlapunkat<\/a> haszn\u00e1lja.<\/p>\n<\/div><\/div><div class=\"w-separator size_medium\"><\/div><div class=\"g-cols wpb_row via_flex valign_top type_default stacking_default\"><div class=\"vc_col-sm-6 wpb_column vc_column_container\"><div class=\"vc_column-inner\"><div class=\"wpb_wrapper\"><div class=\"wpb_text_column us_custom_5f058685\"><div class=\"wpb_wrapper\"><p><span style=\"color: #1b1b1b;\"><i class=\"fas\" style=\"font-size: 15px;\"><\/i> <a style=\"color: #333333;\" href=\"http:\/\/freshline-europe.com\/wp-content\/uploads\/2022\/12\/Allgemeine-Oesterreichische-Spediteurbedingungen-AOESp.pdf\" target=\"_blank\" rel=\"noopener\">Allgemeine \u00f6sterr. Sz\u00e1ll\u00edtm\u00e1nyoz\u00e1si felt\u00e9telek AOESp<\/a><\/span><\/p>\n<\/div><\/div><\/div><\/div><\/div><div class=\"vc_col-sm-6 wpb_column vc_column_container\"><div class=\"vc_column-inner\"><div class=\"wpb_wrapper\"><div class=\"wpb_text_column us_custom_0ae403e1\"><div class=\"wpb_wrapper\"><p><span style=\"color: #1b1b1b;\"><i class=\"fas\" style=\"font-size: 15px;\"> <a style=\"color: #333333;\" href=\"http:\/\/freshline-europe.com\/wp-content\/uploads\/2022\/12\/AGB-zu-Ladeauftrag-an-Dienstleister.pdf\" target=\"_blank\" rel=\"noopener\">\u00c1ltal\u00e1nos felt\u00e9telek a szolg\u00e1ltat\u00f3nak sz\u00f3l\u00f3 megrendel\u00e9s bet\u00f6lt\u00e9s\u00e9re vonatkoz\u00f3an<\/a><\/i><\/span><\/p>\n<\/div><\/div><\/div><\/div><\/div><\/div><div class=\"w-separator size_custom\" style=\"height:25px\"><\/div><div class=\"g-cols wpb_row via_flex valign_top type_default stacking_default\"><div class=\"vc_col-sm-6 wpb_column vc_column_container\"><div class=\"vc_column-inner\"><div class=\"wpb_wrapper\"><div class=\"wpb_text_column us_custom_3995f6d2\"><div class=\"wpb_wrapper\"><p><span style=\"color: #1b1b1b;\"><i class=\"fas\" style=\"font-size: 15px;\"> <a style=\"color: #333333;\" href=\"http:\/\/freshline-europe.com\/wp-content\/uploads\/2022\/12\/AGB-fuer-die-Transportuebernahme-Auftragsbestaetigung.pdf\" target=\"_blank\" rel=\"noopener\">\u00c1ltal\u00e1nos Szerz\u0151d\u00e9si Felt\u00e9telek Sz\u00e1ll\u00edt\u00e1s \u00e1tv\u00e9tele Megrendel\u00e9s visszaigazol\u00e1sa<\/a><\/i><\/span><\/p>\n<\/div><\/div><\/div><\/div><\/div><div class=\"vc_col-sm-6 wpb_column vc_column_container\"><div class=\"vc_column-inner\"><div class=\"wpb_wrapper\"><div class=\"wpb_text_column us_custom_080ac385\"><div class=\"wpb_wrapper\"><p><span style=\"color: #1b1b1b;\"><i class=\"fas\" style=\"font-size: 15px;\"> <a style=\"color: #333333;\" href=\"http:\/\/freshline-europe.com\/wp-content\/uploads\/2022\/12\/EU-Lizenz.pdf\" target=\"_blank\" rel=\"noopener\">EU enged\u00e9ly<\/a><\/i><\/span><\/p>\n<\/div><\/div><\/div><\/div><\/div><\/div><div class=\"w-separator size_custom\" style=\"height:25px\"><\/div><div class=\"g-cols wpb_row via_flex valign_top type_default stacking_default\"><div class=\"vc_col-sm-6 wpb_column vc_column_container\"><div class=\"vc_column-inner\"><div class=\"wpb_wrapper\"><div class=\"wpb_text_column us_custom_3995f6d2\"><div class=\"wpb_wrapper\"><p><span style=\"color: #1b1b1b;\"><i class=\"fas\" style=\"font-size: 15px;\"> <a style=\"color: #333333;\" href=\"http:\/\/freshline-europe.com\/wp-content\/uploads\/2022\/12\/CMR-Versicherungsbestaetigung-2023.pdf\" target=\"_blank\" rel=\"noopener\">CMR biztos\u00edt\u00e1si igazol\u00e1s<\/a><\/i><\/span><\/p>\n<\/div><\/div><\/div><\/div><\/div><div class=\"vc_col-sm-6 wpb_column vc_column_container\"><div class=\"vc_column-inner\"><div class=\"wpb_wrapper\"><div class=\"wpb_text_column us_custom_080ac385\"><div class=\"wpb_wrapper\"><p><span style=\"color: #1b1b1b;\"><i class=\"fas\" style=\"font-size: 15px;\"> <a style=\"color: #333333;\" href=\"http:\/\/freshline-europe.com\/wp-content\/uploads\/2022\/12\/Datenschutzgrundverordnung.pdf\" target=\"_blank\" rel=\"noopener\">\u00c1ltal\u00e1nos adatv\u00e9delmi rendelet<\/a><\/i><\/span><\/p>\n<\/div><\/div><\/div><\/div><\/div><\/div><\/div><\/div><\/div><\/div><\/div><\/section>\n","protected":false},"excerpt":{"rendered":"[vc_custom_heading text=\"Let\u00f6lt\u00e9sek\" font_container=\"tag:h1|text_align:left\" use_theme_fonts=\"yes\"][vc_custom_heading text=\"Inform\u00e1ci\u00f3 let\u00f6lt\u00e9se\" font_container=\"tag:h4|text_align:left\" use_theme_fonts=\"yes\"]Itt k\u00fcl\u00f6nb\u00f6z\u0151 dokumentumok, licencek, \u00e1ltal\u00e1nos szerz\u0151d\u00e9si felt\u00e9telek \u00e9s m\u00e9g sok m\u00e1s let\u00f6lthet\u0151 dokumentum tal\u00e1lhat\u00f3. Let\u00f6lt\u00e9si r\u00e9szleg\u00fcnk folyamatosan b\u0151v\u00fcl \u00e9s friss\u00fcl. Ha b\u00e1rmilyen k\u00e9rd\u00e9se van, k\u00e9rj\u00fck, forduljon hozz\u00e1nk bizalommal. \u00c9rdekl\u0151d\u00e9s\u00e9hez a legjobb, ha a kapcsolatfelv\u00e9teli \u0171rlapunkat haszn\u00e1lja. Allgemeine \u00f6sterr. Sz\u00e1ll\u00edtm\u00e1nyoz\u00e1si felt\u00e9telek AOESp \u00c1ltal\u00e1nos felt\u00e9telek a szolg\u00e1ltat\u00f3nak sz\u00f3l\u00f3 megrendel\u00e9s bet\u00f6lt\u00e9s\u00e9re...","protected":false},"author":1,"featured_media":0,"parent":0,"menu_order":0,"comment_status":"closed","ping_status":"closed","template":"","meta":{"footnotes":""},"class_list":["post-839","page","type-page","status-publish","hentry"],"_links":{"self":[{"href":"https:\/\/freshline-europe.com\/hu\/wp-json\/wp\/v2\/pages\/839","targetHints":{"allow":["GET"]}}],"collection":[{"href":"https:\/\/freshline-europe.com\/hu\/wp-json\/wp\/v2\/pages"}],"about":[{"href":"https:\/\/freshline-europe.com\/hu\/wp-json\/wp\/v2\/types\/page"}],"author":[{"embeddable":true,"href":"https:\/\/freshline-europe.com\/hu\/wp-json\/wp\/v2\/users\/1"}],"replies":[{"embeddable":true,"href":"https:\/\/freshline-europe.com\/hu\/wp-json\/wp\/v2\/comments?post=839"}],"version-history":[{"count":8,"href":"https:\/\/freshline-europe.com\/hu\/wp-json\/wp\/v2\/pages\/839\/revisions"}],"predecessor-version":[{"id":1921,"href":"https:\/\/freshline-europe.com\/hu\/wp-json\/wp\/v2\/pages\/839\/revisions\/1921"}],"wp:attachment":[{"href":"https:\/\/freshline-europe.com\/hu\/wp-json\/wp\/v2\/media?parent=839"}],"curies":[{"name":"wp","href":"https:\/\/api.w.org\/{rel}","templated":true}]}}