{"id":909,"date":"2022-07-12T10:13:07","date_gmt":"2022-07-12T08:13:07","guid":{"rendered":"https:\/\/freshline-europe.com\/suetik\/"},"modified":"2023-05-25T16:12:04","modified_gmt":"2023-05-25T14:12:04","slug":"suetik","status":"publish","type":"page","link":"https:\/\/freshline-europe.com\/hu\/suetik\/","title":{"rendered":"Cookies"},"content":{"rendered":"<section class=\"l-section wpb_row height_medium\"><div class=\"l-section-h i-cf\"><div class=\"g-cols vc_row via_flex valign_top type_default stacking_default\"><div class=\"vc_col-sm-12 wpb_column vc_column_container\"><div class=\"vc_column-inner\"><div class=\"wpb_wrapper\">[vc_custom_heading text=&#8221;Cookies&#8221; font_container=&#8221;tag:h3|text_align:left&#8221; use_theme_fonts=&#8221;yes&#8221;]<div class=\"wpb_text_column\"><div class=\"wpb_wrapper\"><p>Annak \u00e9rdek\u00e9ben, hogy ez a weboldal megfelel\u0151en m\u0171k\u00f6dj\u00f6n, n\u00e9ha kis f\u00e1jlokat &#8211; \u00fagynevezett s\u00fctiket &#8211; helyez\u00fcnk el az \u00d6n eszk\u00f6z\u00e9n. Ez a legt\u00f6bb nagy weboldal eset\u00e9ben bevett gyakorlat.<\/p>\n<p><strong>Mik azok a s\u00fctik?<\/strong><\/p>\n<p>A cookie egy kis sz\u00f6veges f\u00e1jl, amelyet egy webport\u00e1l hagy az \u00d6n sz\u00e1m\u00edt\u00f3g\u00e9p\u00e9n, t\u00e1blag\u00e9p\u00e9n vagy okostelefonj\u00e1n, amikor \u00d6n megl\u00e1togatja azt. Ez lehet\u0151v\u00e9 teszi, hogy a port\u00e1l bizonyos bejegyz\u00e9sekre \u00e9s be\u00e1ll\u00edt\u00e1sokra (pl. bejelentkez\u00e9s, nyelv, bet\u0171m\u00e9ret \u00e9s egy\u00e9b megjelen\u00edt\u00e9si preferenci\u00e1k) egy bizonyos id\u0151n kereszt\u00fcl &#8222;eml\u00e9kezzen&#8221;, \u00e9s \u00d6nnek ne kelljen azokat minden egyes alkalommal \u00fajra megadni, amikor megl\u00e1togatja a port\u00e1lt \u00e9s navig\u00e1l rajta.<\/p>\n<p><strong>Hogyan haszn\u00e1ljuk a s\u00fctiket?<\/strong><\/p>\n<p>Oldalainkon s\u00fctiket haszn\u00e1lunk a k\u00f6vetkez\u0151k t\u00e1rol\u00e1s\u00e1ra<\/p>\n<ul>\n<li>a k\u00e9perny\u0151 megjelen\u00edt\u00e9si be\u00e1ll\u00edt\u00e1sai , pl. kontraszt \u00e9s bet\u0171m\u00e9ret<\/li>\n<li>A tartalom hasznoss\u00e1g\u00e1r\u00f3l sz\u00f3l\u00f3 felm\u00e9r\u00e9sben val\u00f3 esetleges r\u00e9szv\u00e9tele (hogy ne egy felugr\u00f3 ablak k\u00e9rje \u00d6nt \u00fajra a v\u00e1laszad\u00e1sra).<\/li>\n<li>az \u00d6n d\u00f6nt\u00e9se a s\u00fctik haszn\u00e1lata mellett (vagy ellen) ezen a port\u00e1lon.<\/li>\n<\/ul>\n<p>Az oldalainkra be\u00e1gyazott egyes vide\u00f3k is haszn\u00e1lnak s\u00fctiket, hogy anonim statisztik\u00e1kat k\u00e9sz\u00edtsenek a kor\u00e1bban megl\u00e1togatott oldalakr\u00f3l \u00e9s a kiv\u00e1lasztott vide\u00f3kr\u00f3l.<\/p>\n<p>A s\u00fctik elfogad\u00e1sa nem felt\u00e9tlen\u00fcl sz\u00fcks\u00e9ges a port\u00e1l haszn\u00e1lat\u00e1hoz, de kellemesebb\u00e9 teszi a b\u00f6ng\u00e9sz\u00e9st. A cookie-kat letilthatja vagy t\u00f6r\u00f6lheti &#8211; ez azonban befoly\u00e1solhatja a weboldal egyes funkci\u00f3it.<\/p>\n<p>A s\u00fctik seg\u00edts\u00e9g\u00e9vel gy\u0171jt\u00f6tt inform\u00e1ci\u00f3kat nem haszn\u00e1ljuk fel az \u00d6n azonos\u00edt\u00e1s\u00e1ra, \u00e9s az adatok teljes m\u00e9rt\u00e9kben a mi ellen\u0151rz\u00e9s\u00fcnk alatt \u00e1llnak. A s\u00fctik az itt eml\u00edtetteken k\u00edv\u00fcl semmilyen m\u00e1s c\u00e9lt nem szolg\u00e1lnak.<\/p>\n<p><strong>A s\u00fctik ellen\u0151rz\u00e9se<\/strong><\/p>\n<p>A s\u00fctiket tetsz\u00e9s szerint ellen\u0151rizheti \u00e9s\/vagy t\u00f6r\u00f6lheti. A hogyanr\u00f3l itt t\u00e1j\u00e9koz\u00f3dhat: <a href=\"http:\/\/www.allaboutcookies.org\/ge\/\" target=\"_blank\" rel=\"nofollow noopener\">allaboutcookies.org<\/a>. A sz\u00e1m\u00edt\u00f3g\u00e9p\u00e9n t\u00e1rolt \u00f6sszes cookie-t t\u00f6r\u00f6lheti, \u00e9s a legt\u00f6bb b\u00f6ng\u00e9sz\u0151t \u00fagy \u00e1ll\u00edthatja be, hogy megakad\u00e1lyozza a cookie-k t\u00e1rol\u00e1s\u00e1t. De akkor el\u0151fordulhat, hogy minden egyes alkalommal, amikor megl\u00e1togat egy oldalt, manu\u00e1lisan kell elv\u00e9geznie n\u00e9h\u00e1ny be\u00e1ll\u00edt\u00e1st, \u00e9s el kell fogadnia n\u00e9h\u00e1ny funkci\u00f3 k\u00e1rosod\u00e1s\u00e1t.<\/p>\n<\/div><\/div><div class=\"w-separator size_small\"><\/div>[vc_raw_html]W3JjYi1jb25zZW50IHR5cGU9ImNoYW5nZSIgdGFnPSJhIiB0ZXh0PSJBZGF0dsOpZGVsbWkgYmXDoWxsw610w6Fzb2sgbcOzZG9zw610w6FzYSJd[\/vc_raw_html][vc_raw_html]W3JjYi1jb25zZW50IHR5cGU9Imhpc3RvcnkiIHRhZz0iYSIgdGV4dD0iQXogYWRhdHbDqWRlbG1pIGJlw6FsbMOtdMOhc29rIHTDtnJ0w6luZXRlIl0=[\/vc_raw_html][vc_raw_html]W3JjYi1jb25zZW50IHR5cGU9InJldm9rZSIgdGFnPSJhIiB0ZXh0PSJIb3p6w6Fqw6FydWzDoXNvayB2aXNzemF2b27DoXNhIiBzdWNjZXNzbWVzc2FnZT0iRHUgaGFzdCBkaWUgRWlud2lsbGlndW5nIGVyZm9sZ3JlaWNoIHdpZGVycnVmZW4uIERpZSBTZWl0ZSB3aXJkIG51biBuZXUgZ2VsYWRlbi4iXQ==[\/vc_raw_html]<\/div><\/div><\/div><\/div><\/div><\/section>\n","protected":false},"excerpt":{"rendered":"[vc_custom_heading text=\"Cookies\" font_container=\"tag:h3|text_align:left\" use_theme_fonts=\"yes\"]Annak \u00e9rdek\u00e9ben, hogy ez a weboldal megfelel\u0151en m\u0171k\u00f6dj\u00f6n, n\u00e9ha kis f\u00e1jlokat &#8211; \u00fagynevezett s\u00fctiket &#8211; helyez\u00fcnk el az \u00d6n eszk\u00f6z\u00e9n. Ez a legt\u00f6bb nagy weboldal eset\u00e9ben bevett gyakorlat. Mik azok a s\u00fctik? A cookie egy kis sz\u00f6veges f\u00e1jl, amelyet egy webport\u00e1l hagy az \u00d6n sz\u00e1m\u00edt\u00f3g\u00e9p\u00e9n, t\u00e1blag\u00e9p\u00e9n vagy okostelefonj\u00e1n, amikor \u00d6n megl\u00e1togatja azt....","protected":false},"author":1,"featured_media":0,"parent":0,"menu_order":0,"comment_status":"closed","ping_status":"closed","template":"","meta":{"footnotes":""},"class_list":["post-909","page","type-page","status-publish","hentry"],"_links":{"self":[{"href":"https:\/\/freshline-europe.com\/hu\/wp-json\/wp\/v2\/pages\/909","targetHints":{"allow":["GET"]}}],"collection":[{"href":"https:\/\/freshline-europe.com\/hu\/wp-json\/wp\/v2\/pages"}],"about":[{"href":"https:\/\/freshline-europe.com\/hu\/wp-json\/wp\/v2\/types\/page"}],"author":[{"embeddable":true,"href":"https:\/\/freshline-europe.com\/hu\/wp-json\/wp\/v2\/users\/1"}],"replies":[{"embeddable":true,"href":"https:\/\/freshline-europe.com\/hu\/wp-json\/wp\/v2\/comments?post=909"}],"version-history":[{"count":9,"href":"https:\/\/freshline-europe.com\/hu\/wp-json\/wp\/v2\/pages\/909\/revisions"}],"predecessor-version":[{"id":1996,"href":"https:\/\/freshline-europe.com\/hu\/wp-json\/wp\/v2\/pages\/909\/revisions\/1996"}],"wp:attachment":[{"href":"https:\/\/freshline-europe.com\/hu\/wp-json\/wp\/v2\/media?parent=909"}],"curies":[{"name":"wp","href":"https:\/\/api.w.org\/{rel}","templated":true}]}}