{"id":921,"date":"2022-07-12T10:13:19","date_gmt":"2022-07-12T08:13:19","guid":{"rendered":"https:\/\/freshline-europe.com\/impresszum\/"},"modified":"2023-05-25T16:12:15","modified_gmt":"2023-05-25T14:12:15","slug":"impresszum","status":"publish","type":"page","link":"https:\/\/freshline-europe.com\/hu\/impresszum\/","title":{"rendered":"Impresszum"},"content":{"rendered":"<section class=\"l-section wpb_row height_medium\"><div class=\"l-section-h i-cf\"><div class=\"g-cols vc_row via_flex valign_top type_default stacking_default\"><div class=\"vc_col-sm-12 wpb_column vc_column_container\"><div class=\"vc_column-inner\"><div class=\"wpb_wrapper\">[vc_custom_heading text=&#8221;Impresszum&#8221; font_container=&#8221;tag:h3|text_align:left&#8221; use_theme_fonts=&#8221;yes&#8221;]<div class=\"g-cols wpb_row via_flex valign_top type_default stacking_default\"><div class=\"vc_col-sm-6 wpb_column vc_column_container\"><div class=\"vc_column-inner\"><div class=\"wpb_wrapper\"><div class=\"wpb_text_column\"><div class=\"wpb_wrapper\"><p><strong>FRESHLine Europe GmbH<\/strong><br \/>\nHermannsdorf 2a<br \/>\n3304 St. Georgen am Ybbsfelde<br \/>\nAusztria<\/p>\n<p>Tel: <a href=\"tel:+43%207473%2030%20900\">+43 7473 30 900<\/a><br \/>\nE-mail: <a href=\"mailto:office@freshline-europe.com\">office@freshline-europe.com<\/a><br \/>\nInternet: <a href=\"https:\/\/freshline-europe.com\/hu\/\" target=\"_blank\" rel=\"noopener\">www.freshline-europe.com<\/a><\/p>\n<p>C\u00e9gjegyz\u00e9k: FN 552403 h<br \/>\nUID: ATU76741616<\/p>\n<\/div><\/div><\/div><\/div><\/div><div class=\"vc_col-sm-6 wpb_column vc_column_container\"><div class=\"vc_column-inner\"><div class=\"wpb_wrapper\"><div class=\"wpb_text_column\"><div class=\"wpb_wrapper\"><p><strong>FRESHLine Europe s.r.o.<\/strong><br \/>\nSukova 2<br \/>\n370 05 \u010cesk\u00e9 Bud\u011bjovice (\u010cesk\u00e9 Bud\u011bjovice)<br \/>\nCseh K\u00f6zt\u00e1rsas\u00e1g<\/p>\n<p>Tel: <a href=\"tel:+420%20388%20880%20125\">+420 388 880 125<\/a><br \/>\nE-mail: <a href=\"mailto:office@freshline-europe.com\">office@freshline-europe.com<\/a><br \/>\nInternet: <a href=\"https:\/\/freshline-europe.com\/hu\/\" target=\"_blank\" rel=\"noopener\">www.freshline-europe.com<\/a><\/p>\n<p>UID: CZ03966909<\/p>\n<\/div><\/div><\/div><\/div><\/div><\/div><div class=\"w-separator size_small with_line width_default thick_1 style_solid color_border align_center\"><div class=\"w-separator-h\"><\/div><\/div><div class=\"wpb_text_column\"><div class=\"wpb_wrapper\"><p><strong>Oberbank AG<\/strong> (EURO sz\u00e1mla)<br \/>\nIBAN AT10 1500 0002 4128 5006<br \/>\nBIC: OBKLAT2L<\/p>\n<p><strong>Sparkasse Nieder\u00f6sterreich Mitte West AG<\/strong> (EURO sz\u00e1mla)<br \/>\nIBAN: AT89 2025 6000 0061 0683<br \/>\nBIC : SPSPAT 21XXX<\/p>\n<p>Kiz\u00e1r\u00f3lag az &#8222;\u00c1ltal\u00e1nos osztr\u00e1k sz\u00e1ll\u00edtm\u00e1nyoz\u00e1si felt\u00e9telek&#8221; (A\u00d6Sp) leg\u00fajabb v\u00e1ltozata alapj\u00e1n dolgozunk.<br \/>\nA joghat\u00f3s\u00e1g \u00e9s a teljes\u00edt\u00e9s helye St. P\u00f6lten.<br \/>\n\u00dcgyvezet\u0151 igazgat\u00f3: Christoph Kralowetz<\/p>\n<\/div><\/div><div class=\"w-separator size_small with_line width_default thick_1 style_solid color_border align_center\"><div class=\"w-separator-h\"><\/div><\/div><div class=\"g-cols wpb_row via_flex valign_top type_default stacking_default\"><div class=\"vc_col-sm-12 wpb_column vc_column_container\"><div class=\"vc_column-inner\"><div class=\"wpb_wrapper\">[vc_custom_heading text=&#8221;T\u00e1j\u00e9koztat\u00e1si k\u00f6telezetts\u00e9g&#8221; font_container=&#8221;tag:h3|text_align:left&#8221; use_theme_fonts=&#8221;yes&#8221;]<\/div><\/div><\/div><\/div><div class=\"w-separator size_custom\" style=\"height:20px\"><\/div><div class=\"wpb_text_column\"><div class=\"wpb_wrapper\"><p><strong>A weboldal tartalm\u00e1\u00e9rt val\u00f3 felel\u0151ss\u00e9g<\/strong><br \/>\nEz a weboldal a FRESHLine Europe GmbH-ra vonatkoz\u00f3 inform\u00e1ci\u00f3khoz val\u00f3 nyilv\u00e1nos hozz\u00e1f\u00e9r\u00e9st hivatott biztos\u00edtani. A weboldalon tal\u00e1lhat\u00f3 inform\u00e1ci\u00f3kat legjobb tud\u00e1sunk \u00e9s meggy\u0151z\u0151d\u00e9s\u00fcnk szerint k\u00e9sz\u00edtett\u00fck. Minden gondoss\u00e1g ellen\u00e9re azonban az itt k\u00f6z\u00f6lt inform\u00e1ci\u00f3k abszol\u00fat pontoss\u00e1ga, naprak\u00e9szs\u00e9ge \u00e9s helyess\u00e9ge nem garant\u00e1lhat\u00f3. Ha b\u00e1rmilyen hib\u00e1r\u00f3l vagy t\u00e9ved\u00e9sr\u0151l tudom\u00e1st szerz\u00fcnk, igyeksz\u00fcnk azokat kijav\u00edtani. H\u00e1l\u00e1sak lenn\u00e9nk minden inform\u00e1ci\u00f3\u00e9rt, amellyel a t\u00e9m\u00e1val kapcsolatban rendelkezhet.<\/p>\n<p><strong>Felel\u0151ss\u00e9g a hiperlinkek\u00e9rt<\/strong><br \/>\nOldalainkon m\u00e1s internetes oldalakra mutat\u00f3 linkeket helyezt\u00fcnk el. Mindezen hivatkoz\u00e1sok eset\u00e9ben nincs befoly\u00e1sunk a hivatkozott oldalak kialak\u00edt\u00e1s\u00e1ra \u00e9s tartalm\u00e1ra. Ez\u00e9rt kifejezetten elhat\u00e1rol\u00f3dunk ezeknek a linkelt oldalaknak a tartalm\u00e1t\u00f3l, \u00e9s nem tessz\u00fck azokat magunk\u00e9v\u00e1. Ez vonatkozik minden olyan k\u00fcls\u0151 weboldal tartalm\u00e1ra, amely a weboldalunkon kereszt\u00fcl el\u00e9rhet\u0151 (bele\u00e9rtve a bannereket, vend\u00e9gk\u00f6nyveket vagy sz\u00e1ml\u00e1l\u00f3kat).<br \/>\nAmennyiben tudom\u00e1st szerz\u00fcnk b\u00e1rmilyen illeg\u00e1lis tev\u00e9kenys\u00e9gr\u0151l vagy inform\u00e1ci\u00f3r\u00f3l egy \u00e1ltalunk linkelt weboldalon, azonnal elt\u00e1vol\u00edtjuk a megfelel\u0151 linket. Ha b\u00e1rmilyen ismerete van err\u0151l, k\u00e9rj\u00fck, k\u00fcldj\u00f6n nek\u00fcnk egy e-mailt.<\/p>\n<p>Fot\u00f3- \u00e9s videofelv\u00e9telek a <a href=\"https:\/\/www.shutterstock.com\/\" target=\"_blank\" rel=\"noopener noreferrer\">Shutterstockt\u00f3l<\/a> | Private Archive<br \/>\nWeboldal \u00e1ltal <a href=\"http:\/\/max-online.at\" target=\"_blank\" rel=\"noopener\">max-online.at<\/a><\/p>\n<\/div><\/div><\/div><\/div><\/div><\/div><\/div><\/section>\n","protected":false},"excerpt":{"rendered":"[vc_custom_heading text=\"Impresszum\" font_container=\"tag:h3|text_align:left\" use_theme_fonts=\"yes\"]FRESHLine Europe GmbH Hermannsdorf 2a 3304 St. Georgen am Ybbsfelde Ausztria Tel: +43 7473 30 900 E-mail: office@freshline-europe.com Internet: www.freshline-europe.com C\u00e9gjegyz\u00e9k: FN 552403 h UID: ATU76741616 FRESHLine Europe s.r.o. Sukova 2 370 05 \u010cesk\u00e9 Bud\u011bjovice (\u010cesk\u00e9 Bud\u011bjovice) Cseh K\u00f6zt\u00e1rsas\u00e1g Tel: +420 388 880 125 E-mail: office@freshline-europe.com Internet: www.freshline-europe.com UID: CZ03966909 Oberbank AG...","protected":false},"author":1,"featured_media":0,"parent":0,"menu_order":0,"comment_status":"closed","ping_status":"closed","template":"","meta":{"footnotes":""},"class_list":["post-921","page","type-page","status-publish","hentry"],"_links":{"self":[{"href":"https:\/\/freshline-europe.com\/hu\/wp-json\/wp\/v2\/pages\/921","targetHints":{"allow":["GET"]}}],"collection":[{"href":"https:\/\/freshline-europe.com\/hu\/wp-json\/wp\/v2\/pages"}],"about":[{"href":"https:\/\/freshline-europe.com\/hu\/wp-json\/wp\/v2\/types\/page"}],"author":[{"embeddable":true,"href":"https:\/\/freshline-europe.com\/hu\/wp-json\/wp\/v2\/users\/1"}],"replies":[{"embeddable":true,"href":"https:\/\/freshline-europe.com\/hu\/wp-json\/wp\/v2\/comments?post=921"}],"version-history":[{"count":6,"href":"https:\/\/freshline-europe.com\/hu\/wp-json\/wp\/v2\/pages\/921\/revisions"}],"predecessor-version":[{"id":2014,"href":"https:\/\/freshline-europe.com\/hu\/wp-json\/wp\/v2\/pages\/921\/revisions\/2014"}],"wp:attachment":[{"href":"https:\/\/freshline-europe.com\/hu\/wp-json\/wp\/v2\/media?parent=921"}],"curies":[{"name":"wp","href":"https:\/\/api.w.org\/{rel}","templated":true}]}}