{"id":840,"date":"2022-12-04T11:32:54","date_gmt":"2022-12-04T10:32:54","guid":{"rendered":"https:\/\/freshline-europe.com\/do-pobrania\/"},"modified":"2022-12-18T10:31:21","modified_gmt":"2022-12-18T09:31:21","slug":"do-pobrania","status":"publish","type":"page","link":"https:\/\/freshline-europe.com\/pl\/do-pobrania\/","title":{"rendered":"Do pobrania"},"content":{"rendered":"<section class=\"l-section wpb_row us_custom_664ab32c has_text_color height_medium with_img\"><div class=\"l-section-img\" role=\"img\" aria-label=\"Obrazek\" data-img-width=\"1500\" data-img-height=\"700\" style=\"background-image: url(https:\/\/freshline-europe.com\/wp-content\/uploads\/2022\/07\/Musterheader.jpg);\"><\/div><div class=\"l-section-overlay\" style=\"background:rgba(26,26,26,0.30)\"><\/div><div class=\"l-section-h i-cf\"><div class=\"g-cols vc_row via_flex valign_top type_default stacking_default\"><div class=\"vc_col-sm-12 wpb_column vc_column_container\"><div class=\"vc_column-inner\"><div class=\"wpb_wrapper\">[vc_custom_heading text=&#8221;Do pobrania&#8221; font_container=&#8221;tag:h1|text_align:left&#8221; use_theme_fonts=&#8221;yes&#8221;]<\/div><\/div><\/div><\/div><\/div><\/section><section class=\"l-section wpb_row height_medium\"><div class=\"l-section-h i-cf\"><div class=\"g-cols vc_row via_flex valign_top type_default stacking_default\"><div class=\"vc_col-sm-12 wpb_column vc_column_container\"><div class=\"vc_column-inner\"><div class=\"wpb_wrapper\">[vc_custom_heading text=&#8221;Informacje do pobrania&#8221; font_container=&#8221;tag:h4|text_align:left&#8221; use_theme_fonts=&#8221;yes&#8221;]<div class=\"wpb_text_column us_custom_71d3e3d1\"><div class=\"wpb_wrapper\"><p>Tutaj mo\u017cna znale\u017a\u0107 pliki do pobrania dla r\u00f3\u017cnych dokument\u00f3w, licencji, og\u00f3lnych warunk\u00f3w handlowych i wiele innych. Nasz dzia\u0142 download jest stale rozbudowywany i aktualizowany. W razie jakichkolwiek pyta\u0144 prosimy o kontakt. W przypadku zapyta\u0144 najlepiej skorzysta\u0107 z naszego <a href=\"https:\/\/freshline-europe.com\/pl\/kontakt\/\">formularza kontaktowego<\/a>.<\/p>\n<\/div><\/div><div class=\"w-separator size_medium\"><\/div><div class=\"g-cols wpb_row via_flex valign_top type_default stacking_default\"><div class=\"vc_col-sm-6 wpb_column vc_column_container\"><div class=\"vc_column-inner\"><div class=\"wpb_wrapper\"><div class=\"wpb_text_column us_custom_5f058685\"><div class=\"wpb_wrapper\"><p><span style=\"color: #1b1b1b;\"><i class=\"fas\" style=\"font-size: 15px;\"><\/i> <a style=\"color: #333333;\" href=\"http:\/\/freshline-europe.com\/wp-content\/uploads\/2022\/12\/Allgemeine-Oesterreichische-Spediteurbedingungen-AOESp.pdf\" target=\"_blank\" rel=\"noopener\">Allgemeine \u00f6sterr. Warunki spedytora AOESp<\/a><\/span><\/p>\n<\/div><\/div><\/div><\/div><\/div><div class=\"vc_col-sm-6 wpb_column vc_column_container\"><div class=\"vc_column-inner\"><div class=\"wpb_wrapper\"><div class=\"wpb_text_column us_custom_0ae403e1\"><div class=\"wpb_wrapper\"><p><span style=\"color: #1b1b1b;\"><i class=\"fas\" style=\"font-size: 15px;\"> <a style=\"color: #333333;\" href=\"http:\/\/freshline-europe.com\/wp-content\/uploads\/2022\/12\/AGB-zu-Ladeauftrag-an-Dienstleister.pdf\" target=\"_blank\" rel=\"noopener\">Og\u00f3lne warunki za\u0142adunku zlecenia do us\u0142ugodawcy<\/a><\/i><\/span><\/p>\n<\/div><\/div><\/div><\/div><\/div><\/div><div class=\"w-separator size_custom\" style=\"height:25px\"><\/div><div class=\"g-cols wpb_row via_flex valign_top type_default stacking_default\"><div class=\"vc_col-sm-6 wpb_column vc_column_container\"><div class=\"vc_column-inner\"><div class=\"wpb_wrapper\"><div class=\"wpb_text_column us_custom_3995f6d2\"><div class=\"wpb_wrapper\"><p><span style=\"color: #1b1b1b;\"><i class=\"fas\" style=\"font-size: 15px;\"> <a style=\"color: #333333;\" href=\"http:\/\/freshline-europe.com\/wp-content\/uploads\/2022\/12\/AGB-fuer-die-Transportuebernahme-Auftragsbestaetigung.pdf\" target=\"_blank\" rel=\"noopener\">Og\u00f3lne warunki handlowe Odbi\u00f3r transportu Potwierdzenie zam\u00f3wienia<\/a><\/i><\/span><\/p>\n<\/div><\/div><\/div><\/div><\/div><div class=\"vc_col-sm-6 wpb_column vc_column_container\"><div class=\"vc_column-inner\"><div class=\"wpb_wrapper\"><div class=\"wpb_text_column us_custom_080ac385\"><div class=\"wpb_wrapper\"><p><span style=\"color: #1b1b1b;\"><i class=\"fas\" style=\"font-size: 15px;\"> <a style=\"color: #333333;\" href=\"http:\/\/freshline-europe.com\/wp-content\/uploads\/2022\/12\/EU-Lizenz.pdf\" target=\"_blank\" rel=\"noopener\">Licencja UE<\/a><\/i><\/span><\/p>\n<\/div><\/div><\/div><\/div><\/div><\/div><div class=\"w-separator size_custom\" style=\"height:25px\"><\/div><div class=\"g-cols wpb_row via_flex valign_top type_default stacking_default\"><div class=\"vc_col-sm-6 wpb_column vc_column_container\"><div class=\"vc_column-inner\"><div class=\"wpb_wrapper\"><div class=\"wpb_text_column us_custom_3995f6d2\"><div class=\"wpb_wrapper\"><p><span style=\"color: #1b1b1b;\"><i class=\"fas\" style=\"font-size: 15px;\"> <a style=\"color: #333333;\" href=\"http:\/\/freshline-europe.com\/wp-content\/uploads\/2022\/12\/CMR-Versicherungsbestaetigung-2023.pdf\" target=\"_blank\" rel=\"noopener\">Potwierdzenie ubezpieczenia CMR<\/a><\/i><\/span><\/p>\n<\/div><\/div><\/div><\/div><\/div><div class=\"vc_col-sm-6 wpb_column vc_column_container\"><div class=\"vc_column-inner\"><div class=\"wpb_wrapper\"><div class=\"wpb_text_column us_custom_080ac385\"><div class=\"wpb_wrapper\"><p><span style=\"color: #1b1b1b;\"><i class=\"fas\" style=\"font-size: 15px;\"> <a style=\"color: #333333;\" href=\"http:\/\/freshline-europe.com\/wp-content\/uploads\/2022\/12\/Datenschutzgrundverordnung.pdf\" target=\"_blank\" rel=\"noopener\">Og\u00f3lne rozporz\u0105dzenie o ochronie danych<\/a><\/i><\/span><\/p>\n<\/div><\/div><\/div><\/div><\/div><\/div><\/div><\/div><\/div><\/div><\/div><\/section>\n","protected":false},"excerpt":{"rendered":"[vc_custom_heading text=\"Do pobrania\" font_container=\"tag:h1|text_align:left\" use_theme_fonts=\"yes\"][vc_custom_heading text=\"Informacje do pobrania\" font_container=\"tag:h4|text_align:left\" use_theme_fonts=\"yes\"]Tutaj mo\u017cna znale\u017a\u0107 pliki do pobrania dla r\u00f3\u017cnych dokument\u00f3w, licencji, og\u00f3lnych warunk\u00f3w handlowych i wiele innych. Nasz dzia\u0142 download jest stale rozbudowywany i aktualizowany. W razie jakichkolwiek pyta\u0144 prosimy o kontakt. W przypadku zapyta\u0144 najlepiej skorzysta\u0107 z naszego formularza kontaktowego. Allgemeine \u00f6sterr. Warunki spedytora AOESp Og\u00f3lne...","protected":false},"author":1,"featured_media":0,"parent":0,"menu_order":0,"comment_status":"closed","ping_status":"closed","template":"","meta":{"footnotes":""},"class_list":["post-840","page","type-page","status-publish","hentry"],"_links":{"self":[{"href":"https:\/\/freshline-europe.com\/pl\/wp-json\/wp\/v2\/pages\/840","targetHints":{"allow":["GET"]}}],"collection":[{"href":"https:\/\/freshline-europe.com\/pl\/wp-json\/wp\/v2\/pages"}],"about":[{"href":"https:\/\/freshline-europe.com\/pl\/wp-json\/wp\/v2\/types\/page"}],"author":[{"embeddable":true,"href":"https:\/\/freshline-europe.com\/pl\/wp-json\/wp\/v2\/users\/1"}],"replies":[{"embeddable":true,"href":"https:\/\/freshline-europe.com\/pl\/wp-json\/wp\/v2\/comments?post=840"}],"version-history":[{"count":8,"href":"https:\/\/freshline-europe.com\/pl\/wp-json\/wp\/v2\/pages\/840\/revisions"}],"predecessor-version":[{"id":1922,"href":"https:\/\/freshline-europe.com\/pl\/wp-json\/wp\/v2\/pages\/840\/revisions\/1922"}],"wp:attachment":[{"href":"https:\/\/freshline-europe.com\/pl\/wp-json\/wp\/v2\/media?parent=840"}],"curies":[{"name":"wp","href":"https:\/\/api.w.org\/{rel}","templated":true}]}}