{"id":861,"date":"2022-07-12T10:12:37","date_gmt":"2022-07-12T08:12:37","guid":{"rendered":"https:\/\/freshline-europe.com\/kontakt\/"},"modified":"2023-05-25T16:11:44","modified_gmt":"2023-05-25T14:11:44","slug":"kontakt","status":"publish","type":"page","link":"https:\/\/freshline-europe.com\/pl\/kontakt\/","title":{"rendered":"Kontakt"},"content":{"rendered":"<section class=\"l-section wpb_row us_custom_664ab32c has_text_color height_medium with_img\"><div class=\"l-section-img\" role=\"img\" aria-label=\"Obrazek\" data-img-width=\"1500\" data-img-height=\"700\" style=\"background-image: url(https:\/\/freshline-europe.com\/wp-content\/uploads\/2022\/07\/Musterheader.jpg);\"><\/div><div class=\"l-section-overlay\" style=\"background:rgba(26,26,26,0.30)\"><\/div><div class=\"l-section-h i-cf\"><div class=\"g-cols vc_row via_flex valign_top type_default stacking_default\"><div class=\"vc_col-sm-12 wpb_column vc_column_container\"><div class=\"vc_column-inner\"><div class=\"wpb_wrapper\">[vc_custom_heading text=&#8221;Kontakt&#8221; font_container=&#8221;tag:h1|text_align:left&#8221; use_theme_fonts=&#8221;yes&#8221;]<\/div><\/div><\/div><\/div><\/div><\/section><section class=\"l-section wpb_row height_medium\"><div class=\"l-section-h i-cf\"><div class=\"g-cols vc_row via_flex valign_top type_default stacking_default\"><div class=\"vc_col-sm-12 wpb_column vc_column_container\"><div class=\"vc_column-inner\"><div class=\"wpb_wrapper\">[vc_custom_heading text=&#8221;Dane kontaktowe&#8221; font_container=&#8221;tag:h3|text_align:left&#8221; use_theme_fonts=&#8221;yes&#8221;]<div class=\"g-cols wpb_row via_flex valign_top type_default stacking_default\"><div class=\"vc_col-sm-6 wpb_column vc_column_container\"><div class=\"vc_column-inner\"><div class=\"wpb_wrapper\"><div class=\"wpb_text_column\"><div class=\"wpb_wrapper\"><p><strong>FRESHLine Europe GmbH<\/strong><br \/>\nHermannsdorf 2a<br \/>\n3304 St. Georgen am Ybbsfelde<br \/>\nAustria<\/p>\n<p>Tel: <a href=\"tel:+43%207473%2030%20900\">+43 7473 30 900<\/a><br \/>\nE-mail: <a href=\"mailto:office@freshline-europe.com\">office@freshline-europe.com<\/a><br \/>\nInternet: <a href=\"https:\/\/freshline-europe.com\/pl\/\" target=\"_blank\" rel=\"noopener\">www.freshline-europe.com<\/a><\/p>\n<\/div><\/div><\/div><\/div><\/div><div class=\"vc_col-sm-6 wpb_column vc_column_container\"><div class=\"vc_column-inner\"><div class=\"wpb_wrapper\"><div class=\"wpb_text_column\"><div class=\"wpb_wrapper\"><p><strong>FRESHLine Europe s.r.o.<\/strong><br \/>\nSukova 2<br \/>\n370 05 Czeskie Budziejowice<br \/>\nCzechy<\/p>\n<p>Tel: <a href=\"tel:+420%20388%20880%20125\">+420 388 880 125<\/a><br \/>\nE-mail: <a href=\"mailto:office@freshline-europe.com\">office@freshline-europe.com<\/a><br \/>\nInternet: <a href=\"https:\/\/freshline-europe.com\/pl\/\" target=\"_blank\" rel=\"noopener\">www.freshline-europe.com<\/a><\/p>\n<\/div><\/div><\/div><\/div><\/div><\/div><div class=\"w-separator size_custom\" style=\"height:10px\"><\/div>[vc_custom_heading text=&#8221;Formularz kontaktowy&#8221; font_container=&#8221;tag:h3|text_align:left&#8221; use_theme_fonts=&#8221;yes&#8221;]<form class=\"w-form  us-field-style_1 layout_ver show_message_after_sending for_cform us_form_1\" action=\"https:\/\/freshline-europe.com\/pl\/wp-json\/wp\/v2\/pages\/861\" method=\"post\"><div class=\"w-form-h\"><div class=\"w-form-row for_text with_icon\">\r\n\t\t<div class=\"w-form-row-field\">\r\n\t\t\t\t<i class=\"fas fa-user\"><\/i>\t\t<input aria-label=\"Twoje imi\u0119 i nazwisko\" type=\"text\" name=\"us_form_1_text_1\" value placeholder=\"Twoje imi\u0119 i nazwisko\"\/>\r\n\t\t\t<\/div>\r\n\t\t<div class=\"w-form-row-state\">Wype\u0142nij to pole<\/div>\r\n<\/div>\r\n<div class=\"w-form-row for_email required with_icon\">\r\n\t\t<div class=\"w-form-row-field\">\r\n\t\t\t\t<i class=\"fas fa-envelope\"><\/i>\t\t<input aria-label=\"Tw\u00f3j adres e-mail\" type=\"email\" name=\"us_form_1_email_1\" value placeholder=\"Tw\u00f3j adres e-mail *\" data-required=\"true\" aria-required=\"true\"\/>\r\n\t\t\t<\/div>\r\n\t\t<div class=\"w-form-row-state\">Prosz\u0119 wpisa\u0107 prawid\u0142owy adres e-mail.<\/div>\r\n<\/div>\r\n<div class=\"w-form-row for_text with_icon\">\r\n\t\t<div class=\"w-form-row-field\">\r\n\t\t\t\t<i class=\"fas fa-phone\"><\/i>\t\t<input aria-label=\"Tw\u00f3j numer telefonu\" type=\"text\" name=\"us_form_1_text_2\" value placeholder=\"Tw\u00f3j numer telefonu\"\/>\r\n\t\t\t<\/div>\r\n\t\t<div class=\"w-form-row-state\">Wype\u0142nij to pole<\/div>\r\n<\/div>\r\n<div class=\"w-form-row for_textarea required with_icon\">\r\n\t\t<div class=\"w-form-row-field\">\r\n\t\t\t\t<i class=\"fas fa-pen\"><\/i>\t\t<textarea aria-label=\"Twoja wiadomo\u015b\u0107 dla nas\" name=\"us_form_1_textarea_1\" placeholder=\"Twoja wiadomo\u015b\u0107 dla nas *\" data-required=\"true\" aria-required=\"true\"><\/textarea>\r\n\t\t\t<\/div>\r\n\t\t<div class=\"w-form-row-state\">Wype\u0142nij to pole<\/div>\r\n<\/div>\r\n<div class=\"w-form-row for_agreement required\">\r\n\t\t<div class=\"w-form-row-field\">\r\n\t\t\t\t<label>\r\n\t\t\t<input type=\"checkbox\" value=\"1\" data-required=\"true\" aria-required=\"true\" name=\"us_form_1_agreement_1\"\/>\r\n\t\t\t<span>Wyra\u017cam zgod\u0119 na przechowywanie moich danych wpisanych w formularzu kontaktowym w formie elektronicznej oraz na ich przetwarzanie i wykorzystywanie w celu kontaktu ze mn\u0105. Jestem \u015bwiadomy, \u017ce w ka\u017cdej chwili mog\u0119 odwo\u0142a\u0107 swoj\u0105 zgod\u0119.<\/span>\r\n\t\t<\/label>\r\n\t\t\t<\/div>\r\n\t\t<div class=\"w-form-row-state\">Aby kontynuowa\u0107, musisz zaakceptowa\u0107 warunki<\/div>\r\n<\/div>\r\n<div class=\"w-form-row for_captcha has_label required with_icon\">\r\n\t<div class=\"w-form-row-label\">\r\n\t\t<span>Antyspam, Prosz\u0119 o rozwi\u0105zanie nast\u0119puj\u0105cej faktury:   <span>17 - 1 = ?<\/span><\/span>\r\n\t<\/div>\r\n\t<div class=\"w-form-row-field\">\r\n\t\t\t\t<input type=\"hidden\" name=\"us_form_1_captcha_1_hash\" value=\"2b3ce86a79c9116f4a59928f944bb085\" \/>\r\n\t\t<i class=\"fas fa-check-circle\"><\/i>\t\t<input aria-label=\"Antyspam, Prosz\u0119 o rozwi\u0105zanie nast\u0119puj\u0105cej faktury:  \" type=\"text\" name=\"us_form_1_captcha_1\" placeholder data-required=\"true\" aria-required=\"true\"\/>\r\n\t\t\t<\/div>\r\n\t\t<div class=\"w-form-row-state\">Wpisz wynik r\u00f3wnania, aby kontynuowa\u0107<\/div>\r\n<\/div>\r\n<input type=\"hidden\" name=\"action\" value=\"us_ajax_cform\" \/>\r\n<input type=\"hidden\" name=\"post_id\" value=\"0\" \/>\r\n<input type=\"hidden\" name=\"form_index\" value=\"1\" \/>\r\n<div class=\"w-form-row for_submit align_none\"><button class=\"w-btn us-btn-style_1 icon_atleft\" type=\"submit\" aria-label=\"Z\u0142\u00f3\u017c formularz\"><span class=\"g-preloader type_1\"><\/span><i class=\"fas fa-share\"><\/i><span class=\"w-btn-label\">Z\u0142\u00f3\u017c formularz<\/span><\/button><\/div><\/div><div class=\"w-form-message\"><\/div><div class=\"w-form-json hidden\" onclick='return {&quot;ajaxurl&quot;:&quot;https:\\\/\\\/freshline-europe.com\\\/wp-admin\\\/admin-ajax.php&quot;,&quot;messages&quot;:{&quot;err_empty&quot;:&quot;Wype\\u0142nij to pole&quot;,&quot;err_size&quot;:&quot;Rozmiar pliku nie mo\\u017ce przekracza\\u0107 %s MB&quot;,&quot;err_extension&quot;:&quot;Typ pliku %s jest niedozwolony&quot;,&quot;err_recaptcha_keys&quot;:&quot;Klucze reCAPTCHA s\\u0105 nieprawid\\u0142owe&quot;}}'><\/div><\/form><div class=\"w-separator size_custom\" style=\"height:10px\"><\/div>[vc_custom_heading text=&#8221;Kierunek&#8221; font_container=&#8221;tag:h3|text_align:left&#8221; use_theme_fonts=&#8221;yes&#8221;]<div class=\"g-cols wpb_row via_flex valign_top type_default stacking_default\"><div class=\"vc_col-sm-6 wpb_column vc_column_container\"><div class=\"vc_column-inner\"><div class=\"wpb_wrapper\"><div class=\"wpb_text_column\"><div class=\"wpb_wrapper\"><p style=\"text-align: center;\"><strong>FRESHLine Europe GmbH, Austria<\/strong><\/p>\n<\/div><\/div><div class=\"w-separator size_custom\" style=\"height:10px\"><\/div>[vc_raw_html]PGlmcmFtZSBzcmM9Imh0dHBzOi8vd3d3Lmdvb2dsZS5jb20vbWFwcy9lbWJlZD9wYj0hMW0xOCExbTEyITFtMyExZDI2NjMuNTUwNjA3MDE5NDg0ITJkMTQuOTYwMzE1OTUxNzk5ODc0ITNkNDguMTE4OTA0MTc5MTE5OSEybTMhMWYwITJmMCEzZjAhM20yITFpMTAyNCEyaTc2OCE0ZjEzLjEhM20zITFtMiExczB4NDc3MjQ3ZWU4Yjc5MThmMSUzQTB4NmVlNWFmNTIxNTE1MzBkMiEyc0ZSRVNITGluZSUyMEV1cm9wZSUyMEdtYkghNWUwITNtMiExc2RlITJzYXQhNHYxNjcwMDgwMTE0NDQ1ITVtMiExc2RlITJzYXQiIHdpZHRoPSIzNjAwIiBoZWlnaHQ9IjQ1MCIgc3R5bGU9ImJvcmRlcjowOyIgYWxsb3dmdWxsc2NyZWVuPSIiIGxvYWRpbmc9ImxhenkiIHJlZmVycmVycG9saWN5PSJuby1yZWZlcnJlci13aGVuLWRvd25ncmFkZSI+PC9pZnJhbWU+[\/vc_raw_html]<\/div><\/div><\/div><div class=\"vc_col-sm-6 wpb_column vc_column_container\"><div class=\"vc_column-inner\"><div class=\"wpb_wrapper\"><div class=\"wpb_text_column\"><div class=\"wpb_wrapper\"><p style=\"text-align: center;\"><strong>FRESHLine Europe s.r.o., Republika Czeska<\/strong><\/p>\n<\/div><\/div><div class=\"w-separator size_custom\" style=\"height:10px\"><\/div>[vc_raw_html]PGlmcmFtZSBzcmM9Imh0dHBzOi8vd3d3Lmdvb2dsZS5jb20vbWFwcy9lbWJlZD9wYj0hMW0xOCExbTEyITFtMyExZDI2MTguNzAwODA0MjI4Njg2ITJkMTQuNDU1NDMyNDUxODIwNTIyITNkNDguOTc4MjE5NTc5MTk3NzYhMm0zITFmMCEyZjAhM2YwITNtMiExaTEwMjQhMmk3NjghNGYxMy4xITNtMyExbTIhMXMweDQ3NzM1MDI5ZGNiNzA0YzMlM0EweDZiMmQwM2Q0OTI1NTc5YTUhMnNTdWtvdmElMjAyJTJDJTIwMzcwJTIwMDUlMjAlQzQlOENlc2slQzMlQTklMjBCdWQlQzQlOUJqb3ZpY2UlMkMlMjBUc2NoZWNoaWVuITVlMCEzbTIhMXNkZSEyc2F0ITR2MTY3MDA4MDE3NTYyOCE1bTIhMXNkZSEyc2F0IiB3aWR0aD0iMzYwMCIgaGVpZ2h0PSI0NTAiIHN0eWxlPSJib3JkZXI6MDsiIGFsbG93ZnVsbHNjcmVlbj0iIiBsb2FkaW5nPSJsYXp5IiByZWZlcnJlcnBvbGljeT0ibm8tcmVmZXJyZXItd2hlbi1kb3duZ3JhZGUiPjwvaWZyYW1lPg==[\/vc_raw_html]<\/div><\/div><\/div><\/div><\/div><\/div><\/div><\/div><\/div><\/section>\n","protected":false},"excerpt":{"rendered":"[vc_custom_heading text=\"Kontakt\" font_container=\"tag:h1|text_align:left\" use_theme_fonts=\"yes\"][vc_custom_heading text=\"Dane kontaktowe\" font_container=\"tag:h3|text_align:left\" use_theme_fonts=\"yes\"]FRESHLine Europe GmbH Hermannsdorf 2a 3304 St. Georgen am Ybbsfelde Austria Tel: +43 7473 30 900 E-mail: office@freshline-europe.com Internet: www.freshline-europe.com FRESHLine Europe s.r.o. Sukova 2 370 05 Czeskie Budziejowice Czechy Tel: +420 388 880 125 E-mail: office@freshline-europe.com Internet: www.freshline-europe.com [vc_custom_heading text=\"Formularz kontaktowy\" font_container=\"tag:h3|text_align:left\" use_theme_fonts=\"yes\"] Wype\u0142nij to pole Prosz\u0119...","protected":false},"author":1,"featured_media":0,"parent":0,"menu_order":0,"comment_status":"closed","ping_status":"closed","template":"","meta":{"footnotes":""},"class_list":["post-861","page","type-page","status-publish","hentry"],"_links":{"self":[{"href":"https:\/\/freshline-europe.com\/pl\/wp-json\/wp\/v2\/pages\/861","targetHints":{"allow":["GET"]}}],"collection":[{"href":"https:\/\/freshline-europe.com\/pl\/wp-json\/wp\/v2\/pages"}],"about":[{"href":"https:\/\/freshline-europe.com\/pl\/wp-json\/wp\/v2\/types\/page"}],"author":[{"embeddable":true,"href":"https:\/\/freshline-europe.com\/pl\/wp-json\/wp\/v2\/users\/1"}],"replies":[{"embeddable":true,"href":"https:\/\/freshline-europe.com\/pl\/wp-json\/wp\/v2\/comments?post=861"}],"version-history":[{"count":4,"href":"https:\/\/freshline-europe.com\/pl\/wp-json\/wp\/v2\/pages\/861\/revisions"}],"predecessor-version":[{"id":1960,"href":"https:\/\/freshline-europe.com\/pl\/wp-json\/wp\/v2\/pages\/861\/revisions\/1960"}],"wp:attachment":[{"href":"https:\/\/freshline-europe.com\/pl\/wp-json\/wp\/v2\/media?parent=861"}],"curies":[{"name":"wp","href":"https:\/\/api.w.org\/{rel}","templated":true}]}}