{"id":923,"date":"2022-07-12T10:13:19","date_gmt":"2022-07-12T08:13:19","guid":{"rendered":"https:\/\/freshline-europe.com\/nadruk\/"},"modified":"2023-05-25T16:12:16","modified_gmt":"2023-05-25T14:12:16","slug":"nadruk","status":"publish","type":"page","link":"https:\/\/freshline-europe.com\/pl\/nadruk\/","title":{"rendered":"Nadruk"},"content":{"rendered":"<section class=\"l-section wpb_row height_medium\"><div class=\"l-section-h i-cf\"><div class=\"g-cols vc_row via_flex valign_top type_default stacking_default\"><div class=\"vc_col-sm-12 wpb_column vc_column_container\"><div class=\"vc_column-inner\"><div class=\"wpb_wrapper\">[vc_custom_heading text=&#8221;Nadruk&#8221; font_container=&#8221;tag:h3|text_align:left&#8221; use_theme_fonts=&#8221;yes&#8221;]<div class=\"g-cols wpb_row via_flex valign_top type_default stacking_default\"><div class=\"vc_col-sm-6 wpb_column vc_column_container\"><div class=\"vc_column-inner\"><div class=\"wpb_wrapper\"><div class=\"wpb_text_column\"><div class=\"wpb_wrapper\"><p><strong>FRESHLine Europe GmbH<\/strong><br \/>\nHermannsdorf 2a<br \/>\n3304 St. Georgen am Ybbsfelde<br \/>\nAustria<\/p>\n<p>Tel: <a href=\"tel:+43%207473%2030%20900\">+43 7473 30 900<\/a><br \/>\nE-mail: <a href=\"mailto:office@freshline-europe.com\">office@freshline-europe.com<\/a><br \/>\nInternet: <a href=\"https:\/\/freshline-europe.com\/pl\/\" target=\"_blank\" rel=\"noopener\">www.freshline-europe.com<\/a><\/p>\n<p>Rejestr przedsi\u0119biorstw: FN 552403 h<br \/>\nUID: ATU76741616<\/p>\n<\/div><\/div><\/div><\/div><\/div><div class=\"vc_col-sm-6 wpb_column vc_column_container\"><div class=\"vc_column-inner\"><div class=\"wpb_wrapper\"><div class=\"wpb_text_column\"><div class=\"wpb_wrapper\"><p><strong>FRESHLine Europe s.r.o.<\/strong><br \/>\nSukova 2<br \/>\n370 05 Czeskie Budziejowice<br \/>\nCzechy<\/p>\n<p>Tel: <a href=\"tel:+420%20388%20880%20125\">+420 388 880 125<\/a><br \/>\nE-mail: <a href=\"mailto:office@freshline-europe.com\">office@freshline-europe.com<\/a><br \/>\nInternet: <a href=\"https:\/\/freshline-europe.com\/pl\/\" target=\"_blank\" rel=\"noopener\">www.freshline-europe.com<\/a><\/p>\n<p>UID: CZ03966909<\/p>\n<\/div><\/div><\/div><\/div><\/div><\/div><div class=\"w-separator size_small with_line width_default thick_1 style_solid color_border align_center\"><div class=\"w-separator-h\"><\/div><\/div><div class=\"wpb_text_column\"><div class=\"wpb_wrapper\"><p><strong>Oberbank AG<\/strong> (rachunek EURO)<br \/>\nIBAN AT10 1500 0002 4128 5006<br \/>\nBIC: OBKLAT2L<\/p>\n<p><strong>Sparkasse Nieder\u00f6sterreich Mitte West AG<\/strong> (rachunek EURO)<br \/>\nIBAN: AT89 2025 6000 0061 0683<br \/>\nBIC: SPSPAT 21XXX<\/p>\n<p>Pracujemy wy\u0142\u0105cznie w oparciu o &#8222;Og\u00f3lne Warunki Spedytor\u00f3w Austriackich&#8221; (A\u00d6Sp) w najnowszej wersji.<br \/>\nMiejscem jurysdykcji i wykonania jest St. P\u00f6lten.<br \/>\nDyrektor zarz\u0105dzaj\u0105cy: Christoph Kralowetz<\/p>\n<\/div><\/div><div class=\"w-separator size_small with_line width_default thick_1 style_solid color_border align_center\"><div class=\"w-separator-h\"><\/div><\/div><div class=\"g-cols wpb_row via_flex valign_top type_default stacking_default\"><div class=\"vc_col-sm-12 wpb_column vc_column_container\"><div class=\"vc_column-inner\"><div class=\"wpb_wrapper\">[vc_custom_heading text=&#8221;Obowi\u0105zek informowania&#8221; font_container=&#8221;tag:h3|text_align:left&#8221; use_theme_fonts=&#8221;yes&#8221;]<\/div><\/div><\/div><\/div><div class=\"w-separator size_custom\" style=\"height:20px\"><\/div><div class=\"wpb_text_column\"><div class=\"wpb_wrapper\"><p><strong>Odpowiedzialno\u015b\u0107 za tre\u015bci zawarte na tej stronie<\/strong><br \/>\nNiniejsza strona internetowa ma na celu zapewnienie publicznego dost\u0119pu do informacji o firmie FRESHLine Europe GmbH. Informacje zawarte na tej stronie zosta\u0142y przygotowane przez nas zgodnie z nasz\u0105 najlepsz\u0105 wiedz\u0105 i przekonaniem. Mimo zachowania nale\u017cytej staranno\u015bci nie mo\u017cna jednak zagwarantowa\u0107 ca\u0142kowitej dok\u0142adno\u015bci, aktualno\u015bci i poprawno\u015bci udost\u0119pnionych tu informacji. Je\u015bli dowiemy si\u0119 o jakichkolwiek b\u0142\u0119dach lub pomy\u0142kach, postaramy si\u0119 je poprawi\u0107. B\u0119dziemy wdzi\u0119czni za wszelkie informacje na ten temat.<\/p>\n<p><strong>Odpowiedzialno\u015b\u0107 za hiper\u0142\u0105cza<\/strong><br \/>\nNa naszych stronach umie\u015bcili\u015bmy linki do innych stron w Internecie. W przypadku wszystkich tych link\u00f3w nie mamy wp\u0142ywu na wygl\u0105d i zawarto\u015b\u0107 stron, do kt\u00f3rych prowadz\u0105 linki. Dlatego te\u017c wyra\u017anie dystansujemy si\u0119 od tre\u015bci zawartych na tych stronach i nie traktujemy ich jako w\u0142asne. Dotyczy to tre\u015bci wszystkich zewn\u0119trznych stron internetowych, do kt\u00f3rych mo\u017cna przej\u015b\u0107 za po\u015brednictwem naszej strony internetowej (w tym poprzez banery, ksi\u0119gi go\u015bci lub liczniki).<br \/>\nJe\u017celi dowiemy si\u0119 o jakiejkolwiek nielegalnej dzia\u0142alno\u015bci lub informacji na stronie internetowej, do kt\u00f3rej prowadzi nasz link, natychmiast usuniemy odpowiedni link. Je\u015bli masz jak\u0105\u015b wiedz\u0119 na ten temat, napisz do nas maila.<\/p>\n<p>Zdj\u0119cie i materia\u0142 wideo z <a href=\"https:\/\/www.shutterstock.com\/\" target=\"_blank\" rel=\"noopener noreferrer\">Shutterstock<\/a> | Archiwum prywatne<br \/>\nStrona internetowa autorstwa <a href=\"http:\/\/max-online.at\" target=\"_blank\" rel=\"noopener\">max-online.at<\/a><\/p>\n<\/div><\/div><\/div><\/div><\/div><\/div><\/div><\/section>\n","protected":false},"excerpt":{"rendered":"[vc_custom_heading text=\"Nadruk\" font_container=\"tag:h3|text_align:left\" use_theme_fonts=\"yes\"]FRESHLine Europe GmbH Hermannsdorf 2a 3304 St. Georgen am Ybbsfelde Austria Tel: +43 7473 30 900 E-mail: office@freshline-europe.com Internet: www.freshline-europe.com Rejestr przedsi\u0119biorstw: FN 552403 h UID: ATU76741616 FRESHLine Europe s.r.o. Sukova 2 370 05 Czeskie Budziejowice Czechy Tel: +420 388 880 125 E-mail: office@freshline-europe.com Internet: www.freshline-europe.com UID: CZ03966909 Oberbank AG (rachunek EURO)...","protected":false},"author":1,"featured_media":0,"parent":0,"menu_order":0,"comment_status":"closed","ping_status":"closed","template":"","meta":{"footnotes":""},"class_list":["post-923","page","type-page","status-publish","hentry"],"_links":{"self":[{"href":"https:\/\/freshline-europe.com\/pl\/wp-json\/wp\/v2\/pages\/923","targetHints":{"allow":["GET"]}}],"collection":[{"href":"https:\/\/freshline-europe.com\/pl\/wp-json\/wp\/v2\/pages"}],"about":[{"href":"https:\/\/freshline-europe.com\/pl\/wp-json\/wp\/v2\/types\/page"}],"author":[{"embeddable":true,"href":"https:\/\/freshline-europe.com\/pl\/wp-json\/wp\/v2\/users\/1"}],"replies":[{"embeddable":true,"href":"https:\/\/freshline-europe.com\/pl\/wp-json\/wp\/v2\/comments?post=923"}],"version-history":[{"count":6,"href":"https:\/\/freshline-europe.com\/pl\/wp-json\/wp\/v2\/pages\/923\/revisions"}],"predecessor-version":[{"id":2016,"href":"https:\/\/freshline-europe.com\/pl\/wp-json\/wp\/v2\/pages\/923\/revisions\/2016"}],"wp:attachment":[{"href":"https:\/\/freshline-europe.com\/pl\/wp-json\/wp\/v2\/media?parent=923"}],"curies":[{"name":"wp","href":"https:\/\/api.w.org\/{rel}","templated":true}]}}