{"id":987,"date":"2022-07-12T10:13:07","date_gmt":"2022-07-12T08:13:07","guid":{"rendered":"https:\/\/freshline-europe.com\/cookies\/"},"modified":"2023-05-25T16:12:05","modified_gmt":"2023-05-25T14:12:05","slug":"cookies","status":"publish","type":"page","link":"https:\/\/freshline-europe.com\/pl\/cookies\/","title":{"rendered":"Cookies"},"content":{"rendered":"<section class=\"l-section wpb_row height_medium\"><div class=\"l-section-h i-cf\"><div class=\"g-cols vc_row via_flex valign_top type_default stacking_default\"><div class=\"vc_col-sm-12 wpb_column vc_column_container\"><div class=\"vc_column-inner\"><div class=\"wpb_wrapper\">[vc_custom_heading text=&#8221;Cookies&#8221; font_container=&#8221;tag:h3|text_align:left&#8221; use_theme_fonts=&#8221;yes&#8221;]<div class=\"wpb_text_column\"><div class=\"wpb_wrapper\"><p>Aby ta strona internetowa mog\u0142a dzia\u0142a\u0107 prawid\u0142owo, czasami umieszczamy na Twoim urz\u0105dzeniu ma\u0142e pliki &#8211; znane jako pliki cookie. Jest to powszechna praktyka dla wi\u0119kszo\u015bci du\u017cych stron internetowych.<\/p>\n<p><strong>Co to s\u0105 ciasteczka?<\/strong><\/p>\n<p>Plik cookie to ma\u0142y plik tekstowy, kt\u00f3ry portal internetowy pozostawia na Twoim komputerze, komputerze typu tablet lub smartfonie, gdy go odwiedzasz. Dzi\u0119ki temu portal &#8222;zapami\u0119tuje&#8221; pewne wpisy i ustawienia (np. login, j\u0119zyk, rozmiar czcionki i inne preferencje dotycz\u0105ce wy\u015bwietlania) przez pewien czas, a u\u017cytkownik nie musi ich ponownie wprowadza\u0107 przy ka\u017cdej wizycie i nawigacji w portalu.<\/p>\n<p><strong>Jak wykorzystujemy pliki cookies?<\/strong><\/p>\n<p>Na naszych stronach u\u017cywamy plik\u00f3w cookies do przechowywania<\/p>\n<ul>\n<li>preferencje dotycz\u0105ce wy\u015bwietlania na ekranie, np. kontrast i rozmiar czcionki<\/li>\n<li>Tw\u00f3j ewentualny udzia\u0142 w ankiecie dotycz\u0105cej przydatno\u015bci tre\u015bci (aby\u015b nie by\u0142 ponownie monitowany przez wyskakuj\u0105ce okno do udzielenia odpowiedzi).<\/li>\n<li>Twoja decyzja o (lub przeciw) u\u017cywaniu plik\u00f3w cookies na tym portalu.<\/li>\n<\/ul>\n<p>R\u00f3wnie\u017c niekt\u00f3re filmy osadzone na naszych stronach wykorzystuj\u0105 pliki cookie do tworzenia anonimowych statystyk dotycz\u0105cych wcze\u015bniej odwiedzanych stron i wybranych film\u00f3w.<\/p>\n<p>Akceptacja plik\u00f3w cookies nie jest absolutnie konieczna do korzystania z portalu, ale uprzyjemnia surfowanie. Mo\u017cesz zablokowa\u0107 lub usun\u0105\u0107 pliki cookie &#8211; ale mo\u017ce to wp\u0142yn\u0105\u0107 na niekt\u00f3re funkcje tej strony.<\/p>\n<p>Informacje zbierane za pomoc\u0105 plik\u00f3w cookies nie s\u0105 wykorzystywane do identyfikacji u\u017cytkownika, a dane te s\u0105 ca\u0142kowicie pod nasz\u0105 kontrol\u0105. Pliki cookies nie s\u0142u\u017c\u0105 \u017cadnym innym celom ni\u017c wymienione tutaj.<\/p>\n<p><strong>Kontrola nad plikami cookie<\/strong><\/p>\n<p>Mo\u017cesz kontrolowa\u0107 i\/lub usuwa\u0107 pliki cookie wed\u0142ug w\u0142asnego uznania. Mo\u017cesz dowiedzie\u0107 si\u0119 jak to zrobi\u0107 tutaj: <a href=\"http:\/\/www.allaboutcookies.org\/ge\/\" target=\"_blank\" rel=\"nofollow noopener\">allaboutcookies.org<\/a>. Mo\u017cesz usun\u0105\u0107 wszystkie pliki cookie przechowywane na Twoim komputerze i ustawi\u0107 wi\u0119kszo\u015b\u0107 przegl\u0105darek, aby zapobiec przechowywaniu plik\u00f3w cookie. Ale wtedy mo\u017ce by\u0107 konieczne r\u0119czne wprowadzenie niekt\u00f3rych ustawie\u0144 za ka\u017cdym razem, gdy odwiedzasz stron\u0119 i akceptujesz upo\u015bledzenie niekt\u00f3rych funkcji.<\/p>\n<\/div><\/div><div class=\"w-separator size_small\"><\/div>[vc_raw_html]W3JjYi1jb25zZW50IHR5cGU9ImNoYW5nZSIgdGFnPSJhIiB0ZXh0PSJabWlhbmEgdXN0YXdpZcWEIHByeXdhdG5vxZtjaSJd[\/vc_raw_html][vc_raw_html]W3JjYi1jb25zZW50IHR5cGU9Imhpc3RvcnkiIHRhZz0iYSIgdGV4dD0iSGlzdG9yaWEgdXN0YXdpZcWEIHByeXdhdG5vxZtjaSJd[\/vc_raw_html][vc_raw_html]W3JjYi1jb25zZW50IHR5cGU9InJldm9rZSIgdGFnPSJhIiB0ZXh0PSJPZHdvxYJhbmllIHpnb2R5IiBzdWNjZXNzbWVzc2FnZT0iRHUgaGFzdCBkaWUgRWlud2lsbGlndW5nIGVyZm9sZ3JlaWNoIHdpZGVycnVmZW4uIERpZSBTZWl0ZSB3aXJkIG51biBuZXUgZ2VsYWRlbi4iXQ==[\/vc_raw_html]<\/div><\/div><\/div><\/div><\/div><\/section>\n","protected":false},"excerpt":{"rendered":"[vc_custom_heading text=\"Cookies\" font_container=\"tag:h3|text_align:left\" use_theme_fonts=\"yes\"]Aby ta strona internetowa mog\u0142a dzia\u0142a\u0107 prawid\u0142owo, czasami umieszczamy na Twoim urz\u0105dzeniu ma\u0142e pliki &#8211; znane jako pliki cookie. Jest to powszechna praktyka dla wi\u0119kszo\u015bci du\u017cych stron internetowych. Co to s\u0105 ciasteczka? Plik cookie to ma\u0142y plik tekstowy, kt\u00f3ry portal internetowy pozostawia na Twoim komputerze, komputerze typu tablet lub smartfonie, gdy go...","protected":false},"author":1,"featured_media":0,"parent":0,"menu_order":0,"comment_status":"closed","ping_status":"closed","template":"","meta":{"footnotes":""},"class_list":["post-987","page","type-page","status-publish","hentry"],"_links":{"self":[{"href":"https:\/\/freshline-europe.com\/pl\/wp-json\/wp\/v2\/pages\/987","targetHints":{"allow":["GET"]}}],"collection":[{"href":"https:\/\/freshline-europe.com\/pl\/wp-json\/wp\/v2\/pages"}],"about":[{"href":"https:\/\/freshline-europe.com\/pl\/wp-json\/wp\/v2\/types\/page"}],"author":[{"embeddable":true,"href":"https:\/\/freshline-europe.com\/pl\/wp-json\/wp\/v2\/users\/1"}],"replies":[{"embeddable":true,"href":"https:\/\/freshline-europe.com\/pl\/wp-json\/wp\/v2\/comments?post=987"}],"version-history":[{"count":7,"href":"https:\/\/freshline-europe.com\/pl\/wp-json\/wp\/v2\/pages\/987\/revisions"}],"predecessor-version":[{"id":1998,"href":"https:\/\/freshline-europe.com\/pl\/wp-json\/wp\/v2\/pages\/987\/revisions\/1998"}],"wp:attachment":[{"href":"https:\/\/freshline-europe.com\/pl\/wp-json\/wp\/v2\/media?parent=987"}],"curies":[{"name":"wp","href":"https:\/\/api.w.org\/{rel}","templated":true}]}}