{"id":775,"date":"2022-07-12T10:12:51","date_gmt":"2022-07-12T08:12:51","guid":{"rendered":"https:\/\/freshline-europe.com\/protectia-datelor\/"},"modified":"2023-05-25T16:12:00","modified_gmt":"2023-05-25T14:12:00","slug":"protectia-datelor","status":"publish","type":"page","link":"https:\/\/freshline-europe.com\/ro\/protectia-datelor\/","title":{"rendered":"Protec\u021bia datelor"},"content":{"rendered":"<section class=\"l-section wpb_row height_medium\"><div class=\"l-section-h i-cf\"><div class=\"g-cols vc_row via_flex valign_top type_default stacking_default\"><div class=\"vc_col-sm-12 wpb_column vc_column_container\"><div class=\"vc_column-inner\"><div class=\"wpb_wrapper\">[vc_custom_heading text=&#8221;Protec\u021bia datelor&#8221; font_container=&#8221;tag:h3|text_align:left&#8221; use_theme_fonts=&#8221;yes&#8221;]<div class=\"wpb_text_column\"><div class=\"wpb_wrapper\"><p>Protec\u021bia datelor dumneavoastr\u0103 cu caracter personal este o preocupare deosebit\u0103 pentru noi. Prin urmare, prelucr\u0103m datele dumneavoastr\u0103 exclusiv pe baza dispozi\u021biilor legale.<\/p>\n<p>Aceast\u0103 politic\u0103 de confiden\u021bialitate se aplic\u0103 numai acestui site web. \u00cen cazul \u00een care sunte\u021bi redirec\u021bionat c\u0103tre alte site-uri prin intermediul link-urilor de pe paginile noastre, v\u0103 rug\u0103m s\u0103 v\u0103 informa\u021bi direct pe site-ul redirec\u021bionat cu privire la modul \u00een care sunt tratate datele dumneavoastr\u0103. Datele dvs. personale (de exemplu, titlu, nume, adres\u0103, adres\u0103 de e-mail, num\u0103r de telefon, date bancare, num\u0103r de card de credit) vor fi prelucrate de noi numai \u00een conformitate cu prevederile legii austriece privind protec\u021bia datelor. Urm\u0103toarele reglement\u0103ri v\u0103 informeaz\u0103 cu privire la tipul, domeniul de aplicare \u0219i scopul colect\u0103rii, prelucr\u0103rii \u0219i utiliz\u0103rii datelor cu caracter personal.<\/p>\n<p>Utilizarea acestui site web este, \u00een general, posibil\u0103 f\u0103r\u0103 a furniza date cu caracter personal. \u00cen m\u0103sura \u00een care pe paginile noastre sunt colectate date cu caracter personal (de exemplu, nume, adres\u0103 sau adrese de e-mail), acest lucru se face \u00eentotdeauna, pe c\u00e2t posibil, pe baz\u0103 de voluntariat. Aceste date nu vor fi transmise unor ter\u021be p\u0103r\u021bi f\u0103r\u0103 consim\u021b\u0103m\u00e2ntul dumneavoastr\u0103 expres.<\/p>\n<p><strong>Contacta\u021bi<\/strong><\/p>\n<p>Dac\u0103 ne contacta\u021bi prin intermediul formularului de pe site sau prin e-mail, datele pe care le furniza\u021bi vor fi stocate de noi timp de \u0219ase luni \u00een scopul proces\u0103rii solicit\u0103rii \u0219i \u00een cazul unor \u00eentreb\u0103ri ulterioare. Nu transmitem aceste date f\u0103r\u0103 consim\u021b\u0103m\u00e2ntul dumneavoastr\u0103.<\/p>\n<p><strong>Ce date prelucr\u0103m pentru dumneavoastr\u0103<\/strong><\/p>\n<p>\u00cen cursul vizitei dvs. pe acest site web, vom colecta urm\u0103toarele informa\u021bii: Data \u0219i ora la care accesa\u021bi o pagin\u0103 de pe site-ul nostru web, adresa IP, numele \u0219i versiunea browserului dvs. web, pagina web (URL) pe care a\u021bi vizitat-o \u00eenainte de a accesa acest site web, anumite cookie-uri \u0219i informa\u021biile pe care le furniza\u021bi prin completarea formularului de contact sau prin abonarea la newsletter-ul nostru.<\/p>\n<p>Nu exist\u0103 nicio obliga\u021bie de a furniza efectiv datele pe care vi le solicit\u0103m pe site-ul nostru. Cu toate acestea, dac\u0103 nu face\u021bi acest lucru, nu ve\u021bi putea utiliza toate func\u021biile site-ului web.<\/p>\n<p><strong>Leg\u0103turi<\/strong><\/p>\n<p>Verific\u0103m cu mare aten\u021bie linkurile care p\u0103r\u0103sesc site-ul nostru din punct de vedere editorial. Cu toate acestea, nu ne asum\u0103m nicio responsabilitate sau r\u0103spundere pentru con\u021binutul paginilor cu link-uri de pe acest site sau de pe un alt site.<\/p>\n<p><strong>Cookies<\/strong><\/p>\n<p>Pe acest site web sunt utilizate a\u0219a-numitele cookie-uri. Un cookie este un fi\u0219ier de mici dimensiuni care poate fi stocat pe computerul dumneavoastr\u0103 atunci c\u00e2nd vizita\u021bi un site web. Practic, modulele cookie sunt utilizate pentru a oferi utilizatorilor func\u021bii suplimentare pe un site web. Acestea pot fi utilizate, de exemplu, pentru a v\u0103 ajuta s\u0103 naviga\u021bi pe un site web, pentru a v\u0103 permite s\u0103 continua\u021bi s\u0103 utiliza\u021bi un site web de unde l-a\u021bi l\u0103sat \u0219i\/sau pentru a v\u0103 re\u021bine preferin\u021bele \u0219i set\u0103rile atunci c\u00e2nd vizita\u021bi din nou site-ul web. Cookie-urile nu pot accesa, citi sau modifica alte date de pe computerul dumneavoastr\u0103.<\/p>\n<p>Majoritatea modulelor cookie de pe acest site web sunt a\u0219a-numitele module cookie de sesiune. Acestea sunt \u0219terse automat atunci c\u00e2nd p\u0103r\u0103si\u021bi din nou site-ul nostru. Pe de alt\u0103 parte, modulele cookie permanente r\u0103m\u00e2n pe computerul dumneavoastr\u0103 p\u00e2n\u0103 c\u00e2nd le \u0219terge\u021bi manual \u00een browserul dumneavoastr\u0103. Utiliz\u0103m astfel de module cookie persistente pentru a v\u0103 recunoa\u0219te la urm\u0103toarea vizit\u0103 pe site-ul nostru.<\/p>\n<p>Dac\u0103 dori\u021bi s\u0103 controla\u021bi modulele cookie de pe computerul dumneavoastr\u0103, pute\u021bi seta browserul s\u0103 v\u0103 notifice atunci c\u00e2nd un site web dore\u0219te s\u0103 stocheze module cookie. De asemenea, pute\u021bi bloca sau \u0219terge modulele cookie \u00een cazul \u00een care acestea au fost deja stocate pe computerul dumneavoastr\u0103. Dac\u0103 dori\u021bi s\u0103 afla\u021bi mai multe despre cum se stabilesc ace\u0219ti pa\u0219i, v\u0103 rug\u0103m s\u0103 utiliza\u021bi func\u021bia &#8222;Ajutor&#8221; din browserul dumneavoastr\u0103.<\/p>\n<p>V\u0103 rug\u0103m s\u0103 re\u021bine\u021bi c\u0103 blocarea sau \u0219tergerea modulelor cookie ar putea afecta experien\u021ba dvs. online \u0219i v-ar putea \u00eempiedica s\u0103 folosi\u021bi pe deplin acest site web.<\/p>\n<\/div><\/div><div class=\"w-separator size_small\"><\/div>[vc_raw_html]W3JjYi1jb25zZW50IHR5cGU9ImNoYW5nZSIgdGFnPSJhIiB0ZXh0PSJNb2RpZmljYcibaSBzZXTEg3JpbGUgZGUgY29uZmlkZW7Im2lhbGl0YXRlIl0=[\/vc_raw_html][vc_raw_html]W3JjYi1jb25zZW50IHR5cGU9Imhpc3RvcnkiIHRhZz0iYSIgdGV4dD0iSXN0b3JpYyBhbCBzZXTEg3JpbG9yIGRlIGNvbmZpZGVuyJtpYWxpdGF0ZSJd[\/vc_raw_html][vc_raw_html]W3JjYi1jb25zZW50IHR5cGU9InJldm9rZSIgdGFnPSJhIiB0ZXh0PSJSZXZvY2FyZWEgY29uc2ltyJvEg21pbnRlbG9yIiBzdWNjZXNzbWVzc2FnZT0iRHUgaGFzdCBkaWUgRWlud2lsbGlndW5nIGVyZm9sZ3JlaWNoIHdpZGVycnVmZW4uIERpZSBTZWl0ZSB3aXJkIG51biBuZXUgZ2VsYWRlbi4iXQ==[\/vc_raw_html]<div class=\"w-separator size_small\"><\/div><div class=\"wpb_text_column\"><div class=\"wpb_wrapper\"><p><strong>Scopurile prelucr\u0103rii datelor<\/strong><\/p>\n<p>Vom prelucra datele dumneavoastr\u0103 cu caracter personal \u00een urm\u0103toarele scopuri:<\/p>\n<ul>\n<li>pentru a v\u0103 oferi acest site web \u0219i pentru a \u00eembun\u0103t\u0103\u021bi \u00een continuare acest site web<\/li>\n<li>pentru a putea crea statistici de utilizare<\/li>\n<li>pentru a putea detecta, preveni \u0219i investiga atacurile asupra site-ului nostru web<\/li>\n<li>pentru a r\u0103spunde la solicit\u0103rile dumneavoastr\u0103<\/li>\n<li>pentru a v\u0103 abona eventual la newsletter<\/li>\n<\/ul>\n<p><strong>Temeiul juridic al prelucr\u0103rii<\/strong><\/p>\n<p>Temeiul juridic pentru prelucrarea datelor dumneavoastr\u0103 cu caracter personal este interesul nostru legitim superior (\u00een conformitate cu articolul 6 alineatul (1) litera (f) din Regulamentul general al UE privind protec\u021bia datelor), care este de a realiza scopurile men\u021bionate la punctul 5 de mai sus.<\/p>\n<p><strong>Transmiterea datelor dumneavoastr\u0103 cu caracter personal<\/strong><\/p>\n<p>\u00cen scopurile de mai sus, vom transfera datele dumneavoastr\u0103 cu caracter personal c\u0103tre urm\u0103torii destinatari:<\/p>\n<p>Google Maps \u0219i Google Fonts (cu excep\u021bia adresei dumneavoastr\u0103 IP): Google Inc, 1600 Amphitheatre Parkway, Mountain View, CA 94043, SUA (&#8222;Google&#8221;). Unii dintre destinatarii men\u021biona\u021bi mai sus se afl\u0103 \u00een afara \u021b\u0103rii dumneavoastr\u0103 sau prelucreaz\u0103 datele dumneavoastr\u0103 cu caracter personal acolo. Este posibil ca nivelul de protec\u021bie a datelor \u00een alte \u021b\u0103ri s\u0103 nu fie acela\u0219i cu cel din \u021bara dumneavoastr\u0103. Cu toate acestea, transfer\u0103m datele dumneavoastr\u0103 cu caracter personal numai c\u0103tre \u021b\u0103ri pentru care Comisia UE a decis c\u0103 au un nivel adecvat de protec\u021bie a datelor sau cu care exist\u0103 acorduri care asigur\u0103 un nivel adecvat de protec\u021bie a datelor.<\/p>\n<p><strong>Google Analytics<\/strong><\/p>\n<p>Acest site utilizeaz\u0103 Google Analytics, un serviciu de analiz\u0103 web furnizat de Google Inc, 1600 Amphitheatre Parkway, Mountain View, CA 94043, SUA (&#8222;Google&#8221;). Google Analytics utilizeaz\u0103 &#8222;cookie-uri&#8221;, care sunt fi\u0219iere text plasate pe computerul dumneavoastr\u0103, pentru a ajuta site-ul web s\u0103 analizeze modul \u00een care utilizatorii utilizeaz\u0103 site-ul. Prelucr\u0103m datele dumneavoastr\u0103 pe baza interesului nostru legitim primordial de a compila statistici u\u0219or de utilizat privind accesul la site-ul web \u00eentr-un mod rentabil [articolul 6 alineatul (1) litera (f) din Regulamentul general privind protec\u021bia datelor].<\/p>\n<p>Informa\u021biile generate de cookie cu privire la utilizarea de c\u0103tre dvs. a acestui site web (inclusiv adresa dvs. IP \u0219i URL-urile site-urilor web accesate) vor fi transmise \u0219i stocate de Google pe serverele din Statele Unite. Nu stoc\u0103m niciunul dintre datele dvs. colectate \u00een leg\u0103tur\u0103 cu Google Analytics.<\/p>\n<p>Acest site utilizeaz\u0103 op\u021biunea de anonimizare a IP-ului oferit\u0103 de Google Analytics. Prin urmare, adresa dvs. IP va fi scurtat\u0103\/anonimizat\u0103 de Google imediat ce Google prime\u0219te adresa dvs. IP. \u00cen numele nostru, Google va utiliza aceste informa\u021bii \u00een scopul de a evalua utilizarea de c\u0103tre dvs. a site-ului web, de a compila rapoarte privind activitatea site-ului web \u0219i de a ne furniza alte servicii legate de activitatea site-ului web \u0219i de utilizarea internetului. Adresa IP transmis\u0103 de browserul dvs. ca parte a Google Analytics nu va fi combinat\u0103 cu alte date de c\u0103tre Google. Pute\u021bi \u00eempiedica stocarea modulelor cookie prin setarea corespunz\u0103toare a browserului dumneavoastr\u0103. Cu toate acestea, am dori s\u0103 subliniem c\u0103, \u00een acest caz, este posibil s\u0103 nu pute\u021bi utiliza toate func\u021biile acestui site web \u00een toat\u0103 amploarea lor.<\/p>\n<p>De asemenea, pute\u021bi \u00eempiedica Google s\u0103 colecteze datele dumneavoastr\u0103 \u00een leg\u0103tur\u0103 cu Google Analytics prin desc\u0103rcarea \u0219i instalarea plug-in-ului pentru browser disponibil la urm\u0103torul link: <a href=\"http:\/\/tools.google.com\/dlpage\/gaoptout?hl=de\" target=\"_blank\" rel=\"noopener\">http:\/\/tools.google.com\/dlpage\/gaoptout?hl=de<\/a>.<\/p>\n<p>Pentru mai multe informa\u021bii despre termenii de utilizare \u0219i politica de confiden\u021bialitate a Google, v\u0103 rug\u0103m s\u0103 vizita\u021bi <a href=\"http:\/\/www.google.com\/analytics\/terms\/de.html\" target=\"_blank\" rel=\"noopener\">http:\/\/www.google.com\/analytics\/terms\/de.html<\/a>.<\/p>\n<p><strong>Facebook Remarketing<\/strong><\/p>\n<p>\u00cen cadrul ofertei noastre online, sunt utiliza\u021bi a\u0219a-numi\u021bii &#8222;pixeli Facebook&#8221; ai re\u021belei sociale Facebook, care este operat\u0103 de Facebook Inc., 1 Hacker Way, Menlo Park, CA 94025, SUA, sau, dac\u0103 sunte\u021bi rezident al UE, Facebook Ireland Ltd, 4 Grand Canal Square, Grand Canal Harbour, Dublin 2, Irlanda (&#8222;Facebook&#8221;), sau, dac\u0103 sunte\u021bi rezident al UE, Facebook Ireland Ltd, 4 Grand Canal Square, Grand Canal Harbour, Dublin 2, Irlanda (&#8222;Facebook&#8221;). Cu ajutorul pixelului Facebook, este posibil ca Facebook s\u0103 determine vizitatorii ofertei noastre ca grup \u021bint\u0103 pentru afi\u0219area de reclame, a\u0219a-numitele &#8222;reclame Facebook&#8221;. \u00cen consecin\u021b\u0103, folosim pixelul Facebook pentru a afi\u0219a anun\u021burile Facebook plasate de noi doar acelor utilizatori Facebook care \u0219i-au ar\u0103tat interesul pentru site-ul nostru. Acest lucru \u00eenseamn\u0103 c\u0103, cu ajutorul pixelului Facebook, dorim s\u0103 ne asigur\u0103m c\u0103 anun\u021burile noastre pe Facebook corespund interesului poten\u021bial al utilizatorilor \u0219i nu au un efect de h\u0103r\u021buire. Cu ajutorul pixelului Facebook, putem, de asemenea, s\u0103 urm\u0103rim eficien\u021ba anun\u021burilor Facebook \u00een scopuri statistice \u0219i de cercetare de pia\u021b\u0103, v\u0103z\u00e2nd dac\u0103 utilizatorii au fost redirec\u021biona\u021bi c\u0103tre site-ul nostru web dup\u0103 ce au dat click pe un anun\u021b Facebook.<\/p>\n<p>Pixelul Facebook este integrat direct de Facebook atunci c\u00e2nd vizita\u021bi site-ul nostru web \u0219i poate salva un a\u0219a-numit cookie, adic\u0103 un fi\u0219ier de mici dimensiuni, pe dispozitivul dumneavoastr\u0103. Dac\u0103 v\u0103 conecta\u021bi ulterior la Facebook sau vizita\u021bi Facebook \u00een timp ce sunte\u021bi conectat, vizita dvs. pe site-ul nostru va fi notat\u0103 \u00een profilul dvs. Datele colectate despre dvs. sunt anonime pentru noi, astfel \u00eenc\u00e2t nu ne permit s\u0103 tragem nicio concluzie cu privire la identitatea utilizatorului. Cu toate acestea, datele sunt stocate \u0219i prelucrate de Facebook, astfel \u00eenc\u00e2t s\u0103 fie posibil\u0103 o conexiune la profilul respectiv al utilizatorului. Prelucrarea datelor de c\u0103tre Facebook are loc \u00een cadrul politicii de utilizare a datelor de c\u0103tre Facebook. \u00cen consecin\u021b\u0103, pute\u021bi g\u0103si mai multe informa\u021bii despre modul \u00een care func\u021bioneaz\u0103 pixelul de remarketing \u0219i, \u00een general, despre modul \u00een care sunt afi\u0219ate reclamele Facebook, \u00een politica de utilizare a datelor de c\u0103tre Facebook: <a href=\"https:\/\/www.facebook.com\/policy.php\" target=\"_blank\" rel=\"noopener\">https:\/\/www.facebook.com\/policy.php<\/a>.<\/p>\n<p>Pute\u021bi s\u0103 v\u0103 opune\u021bi colect\u0103rii de c\u0103tre pixelul Facebook \u0219i utiliz\u0103rii datelor dvs. pentru a afi\u0219a reclame Facebook. Pentru a face acest lucru, pute\u021bi vizita pagina creat\u0103 de Facebook \u0219i pute\u021bi urma instruc\u021biunile de acolo privind set\u0103rile pentru publicitatea bazat\u0103 pe utilizare: <a href=\"https:\/\/www.facebook.com\/settings?tab=ads\" target=\"_blank\" rel=\"noopener\">https:\/\/www.facebook.com\/settings?tab=ads<\/a> sau v\u0103 pute\u021bi declara opozi\u021bia prin intermediul paginii din SUA <a href=\"http:\/\/www.aboutads.info\/choices\/\" target=\"_blank\" rel=\"noopener\">http:\/\/www.aboutads.info\/choices\/<\/a> sau a paginii din UE <a href=\"http:\/\/www.youronlinechoices.com\/\" target=\"_blank\" rel=\"noopener\">http:\/\/www.youronlinechoices.com\/<\/a>. Set\u0103rile sunt independente de platform\u0103, adic\u0103 se aplic\u0103 tuturor dispozitivelor, cum ar fi computerele desktop sau dispozitivele mobile.<\/p>\n<p><strong>Plugin social<\/strong><\/p>\n<p><strong>Politica de confiden\u021bialitate pentru utilizarea plugin-urilor Facebook (buton Like)<\/strong><\/p>\n<p>Pe paginile noastre sunt integrate plugin-uri ale re\u021belei sociale Facebook, 1601 South California Avenue, Palo Alto, CA 94304, SUA. Pute\u021bi recunoa\u0219te plugin-urile Facebook dup\u0103 logo-ul Facebook sau dup\u0103 butonul &#8222;Like&#8221; de pe site-ul nostru. Pute\u021bi g\u0103si o prezentare general\u0103 a plugin-urilor Facebook aici: <a href=\"http:\/\/developers.facebook.com\/docs\/plugins\/\" target=\"_blank\" rel=\"noopener\">http:\/\/developers.facebook.com\/docs\/plugins\/<\/a>. Atunci c\u00e2nd vizita\u021bi paginile noastre, se stabile\u0219te o conexiune direct\u0103 \u00eentre browserul dvs. \u0219i serverul Facebook prin intermediul plugin-ului. Facebook prime\u0219te astfel informa\u021bia c\u0103 a\u021bi vizitat site-ul nostru web cu adresa dumneavoastr\u0103 IP. Dac\u0103 face\u021bi clic pe butonul &#8222;\u00cemi place&#8221; de pe Facebook \u00een timp ce sunte\u021bi conectat la contul dvs. de Facebook, pute\u021bi conecta con\u021binutul paginilor noastre la profilul dvs. de Facebook. Acest lucru permite Facebook s\u0103 atribuie vizitarea paginilor noastre contului dumneavoastr\u0103 de utilizator. Dorim s\u0103 subliniem faptul c\u0103 noi, \u00een calitate de furnizor de pagini, nu avem cuno\u0219tin\u021b\u0103 de con\u021binutul datelor transmise sau de utilizarea acestora de c\u0103tre Facebook. Pentru mai multe informa\u021bii, v\u0103 rug\u0103m s\u0103 consulta\u021bi politica de confiden\u021bialitate a Facebook la <a href=\"http:\/\/de-de.facebook.com\/policy.php\" target=\"_blank\" rel=\"noopener\">http:\/\/de-de.facebook.com\/policy.php<\/a>. Dac\u0103 nu dori\u021bi ca Facebook s\u0103 poat\u0103 atribui vizitarea paginilor noastre de c\u0103tre dvs. la contul dvs. de utilizator Facebook, v\u0103 rug\u0103m s\u0103 v\u0103 deconecta\u021bi din contul dvs. de utilizator Facebook.<\/p>\n<p><strong>Politica de confiden\u021bialitate pentru utilizarea Twitter<\/strong><\/p>\n<p>Func\u021biile serviciului Twitter sunt integrate pe paginile noastre. Aceste func\u021bii sunt oferite de Twitter Inc, Twitter, Inc. 1355 Market St, Suite 900, San Francisco, CA 94103, SUA. Prin utilizarea Twitter \u0219i a func\u021biei &#8222;Re-Tweet&#8221;, site-urile web pe care le vizita\u021bi sunt legate de contul dvs. de Twitter \u0219i sunt aduse la cuno\u0219tin\u021ba altor utilizatori. \u00cen acest proces, datele sunt transmise \u0219i c\u0103tre Twitter. Dorim s\u0103 subliniem faptul c\u0103 noi, \u00een calitate de furnizor al paginilor, nu avem cuno\u0219tin\u021b\u0103 de con\u021binutul datelor transmise sau de utilizarea acestora de c\u0103tre Twitter. Pute\u021bi g\u0103si mai multe informa\u021bii despre acest lucru \u00een politica de confiden\u021bialitate a Twitter la adresa  <a href=\"http:\/\/twitter.com\/privacy\" target=\"_blank\" rel=\"noopener\">http:\/\/twitter.com\/privacy<\/a>. V\u0103 pute\u021bi modifica set\u0103rile de confiden\u021bialitate Twitter \u00een set\u0103rile contului dvs. la <a href=\"http:\/\/twitter.com\/account\/settings\" target=\"_blank\" rel=\"noopener\">http:\/\/twitter.com\/account\/settings<\/a>.<\/p>\n<p><strong>YouTube<\/strong><\/p>\n<p>Site-ul nostru utilizeaz\u0103 plugin-uri de pe site-ul YouTube operat de Google. Operatorul paginilor este YouTube, LLC, 901 Cherry Ave, San Bruno, CA 94066, SUA. Atunci c\u00e2nd vizita\u021bi una dintre paginile noastre echipate cu un plugin YouTube, se stabile\u0219te o conexiune la serverele YouTube. Aceasta \u00eei spune serverului YouTube care dintre paginile noastre a\u021bi vizitat. Dac\u0103 sunte\u021bi conectat la contul dvs. de YouTube, permite\u021bi YouTube s\u0103 atribuie comportamentul dvs. de navigare direct profilului dvs. personal. Pute\u021bi preveni acest lucru deconect\u00e2ndu-v\u0103 de pe contul YouTube. YouTube este utilizat \u00een interesul unei prezent\u0103ri atractive a ofertelor noastre online. Acest lucru reprezint\u0103 un interes legitim \u00een sensul art. 6 alin. 1 lit. f DSGVO. Mai multe informa\u021bii privind gestionarea datelor utilizatorilor pot fi g\u0103site \u00een politica de confiden\u021bialitate a YouTube la adresa:  <a href=\"https:\/\/www.google.de\/intl\/de\/policies\/privacy\" target=\"_blank\" rel=\"noopener\">https:\/\/www.google.de\/intl\/de\/policies\/privacy<\/a>.<\/p>\n<p><strong>Politica de confiden\u021bialitate pentru utilizarea Instagram<\/strong><\/p>\n<p>Func\u021biile serviciului Instagram sunt integrate pe paginile noastre. Aceste func\u021bii sunt oferite de Instagram Inc., 1601 Willow Road, Menlo Park, CA, 94025, SUA. Dac\u0103 sunte\u021bi conectat la contul dvs. de Instagram, pute\u021bi lega con\u021binutul paginilor noastre de profilul dvs. de Instagram f\u0103c\u00e2nd clic pe butonul Instagram. Acest lucru permite Instagram s\u0103 asocieze vizita dvs. pe paginile noastre cu contul dvs. de utilizator. Dorim s\u0103 subliniem faptul c\u0103 noi, \u00een calitate de furnizor al paginilor, nu avem cuno\u0219tin\u021b\u0103 de con\u021binutul datelor transmise sau de utilizarea acestora de c\u0103tre Instagram.<\/p>\n<p>Pentru mai multe informa\u021bii, v\u0103 rug\u0103m s\u0103 consulta\u021bi politica de confiden\u021bialitate a Instagram: <a href=\"http:\/\/instagram.com\/about\/legal\/privacy\/\" target=\"_blank\" rel=\"noopener\">http:\/\/instagram.com\/about\/legal\/privacy\/<\/a><\/p>\n<p><strong>Fi\u0219iere jurnal de server<\/strong><\/p>\n<p>Furnizorul acestui site web colecteaz\u0103 \u0219i stocheaz\u0103 automat informa\u021bii \u00een a\u0219a-numitele fi\u0219iere jurnal de server, pe care browserul dvs. ni le transmite automat. Acestea sunt:<\/p>\n<ul>\n<li>Tipul \u0219i versiunea browserului<\/li>\n<li>Sistemul de operare utilizat<\/li>\n<li>URL de referin\u021b\u0103<\/li>\n<li>Numele de gazd\u0103 al computerului care acceseaz\u0103<\/li>\n<li>Ora solicit\u0103rii serverului<\/li>\n<li>Adresa IP<\/li>\n<\/ul>\n<p>Aceste date nu sunt fuzionate cu alte surse de date. Ne rezerv\u0103m dreptul de a verifica retrospectiv aceste date \u00een cazul \u00een care lu\u0103m cuno\u0219tin\u021b\u0103 de indicii specifice de utilizare ilegal\u0103.<\/p>\n<p><strong>Durata \u0219i depozitarea<\/strong><\/p>\n<p>\u00cen general, vom stoca datele dumneavoastr\u0103 pentru o perioad\u0103 de trei luni. O stocare mai lung\u0103 are loc numai \u00een m\u0103sura \u00een care acest lucru este necesar pentru a investiga atacurile detectate pe site-ul nostru web.<\/p>\n<p>Dac\u0103 v\u0103 \u00eenregistra\u021bi \u00een scris sau pe site-ul nostru, vom stoca datele dvs. \u00een orice caz at\u00e2t timp c\u00e2t exist\u0103 contul dvs. \u0219i, dup\u0103 aceea, doar at\u00e2t timp c\u00e2t o cer obliga\u021biile legale.<\/p>\n<p><strong>Criptare SSL<\/strong><\/p>\n<p>Acest site utilizeaz\u0103 criptarea SSL din motive de securitate \u0219i pentru a proteja transmiterea de con\u021binut confiden\u021bial, cum ar fi cererile de informa\u021bii pe care ni le trimite\u021bi. Pute\u021bi recunoa\u0219te o conexiune criptat\u0103 prin faptul c\u0103 linia de adres\u0103 a browserului se schimb\u0103 din &#8222;http:\/\/&#8221; \u00een &#8222;https:\/\/&#8221; \u0219i prin simbolul de blocare din linia browserului.<\/p>\n<p>Dac\u0103 este activat\u0103 criptarea SSL, datele pe care ni le transmite\u021bi nu pot fi citite de c\u0103tre ter\u021bi.<\/p>\n<p><strong>Drepturile dumneavoastr\u0103 \u00een leg\u0103tur\u0103 cu datele cu caracter personal<\/strong><\/p>\n<p>Ave\u021bi dreptul, inter alia (sub rezerva condi\u021biilor prev\u0103zute de legisla\u021bia aplicabil\u0103), (i) pentru a verifica dac\u0103 \u0219i ce date cu caracter personal de\u021binem despre dumneavoastr\u0103 \u0219i pentru a ob\u021bine copii ale acestor date, (ii) s\u0103 solicita\u021bi rectificarea, integrarea sau \u0219tergerea datelor dumneavoastr\u0103 cu caracter personal care sunt incorecte sau care nu sunt prelucrate \u00een conformitate cu legea, (iii) s\u0103 ne solicita\u021bi s\u0103 restric\u021bion\u0103m prelucrarea datelor dumneavoastr\u0103 cu caracter personal; \u0219i (iv) s\u0103 v\u0103 opune\u021bi prelucr\u0103rii datelor dumneavoastr\u0103 cu caracter personal \u00een anumite circumstan\u021be sau s\u0103 v\u0103 retrage\u021bi consim\u021b\u0103m\u00e2ntul dat anterior pentru prelucrare, (v) s\u0103 solicite portabilitatea datelor, (vi) s\u0103 cunoasc\u0103 identitatea oric\u0103rei ter\u021be p\u0103r\u021bi c\u0103reia \u00eei sunt transferate datele dumneavoastr\u0103 cu caracter personal; \u0219i (vii) s\u0103 depun\u0103 o pl\u00e2ngere la autoritatea competent\u0103.<\/p>\n<p><strong>Detalii de contact<\/strong><\/p>\n<p>Dac\u0103 ave\u021bi \u00eentreb\u0103ri sau nel\u0103muriri cu privire la prelucrarea datelor dumneavoastr\u0103 cu caracter personal, v\u0103 rug\u0103m s\u0103 contacta\u021bi:<\/p>\n<p><strong>FRESHLine Europe GmbH<\/strong><br \/>\nHermannsdorf 2a<br \/>\n3304 St. Georgen am Ybbsfelde<br \/>\nAustria<\/p>\n<p>Tel: <a href=\"tel:+43%207473%2030%20900\">+43 7473 30 900<\/a><br \/>\nE-mail: <a href=\"mailto:office@freshline-europe.com\">office@freshline-europe.com<\/a><br \/>\nInternet: <a href=\"https:\/\/freshline-europe.com\/ro\/\" target=\"_blank\" rel=\"noopener\">www.freshline-europe.com<\/a><\/p>\n<p>Ultima actualizare 3 decembrie 2022<\/p>\n<\/div><\/div><\/div><\/div><\/div><\/div><\/div><\/section>\n","protected":false},"excerpt":{"rendered":"[vc_custom_heading text=\"Protec\u021bia datelor\" font_container=\"tag:h3|text_align:left\" use_theme_fonts=\"yes\"]Protec\u021bia datelor dumneavoastr\u0103 cu caracter personal este o preocupare deosebit\u0103 pentru noi. Prin urmare, prelucr\u0103m datele dumneavoastr\u0103 exclusiv pe baza dispozi\u021biilor legale. Aceast\u0103 politic\u0103 de confiden\u021bialitate se aplic\u0103 numai acestui site web. \u00cen cazul \u00een care sunte\u021bi redirec\u021bionat c\u0103tre alte site-uri prin intermediul link-urilor de pe paginile noastre, v\u0103 rug\u0103m s\u0103...","protected":false},"author":1,"featured_media":0,"parent":0,"menu_order":0,"comment_status":"closed","ping_status":"closed","template":"","meta":{"footnotes":""},"class_list":["post-775","page","type-page","status-publish","hentry"],"_links":{"self":[{"href":"https:\/\/freshline-europe.com\/ro\/wp-json\/wp\/v2\/pages\/775","targetHints":{"allow":["GET"]}}],"collection":[{"href":"https:\/\/freshline-europe.com\/ro\/wp-json\/wp\/v2\/pages"}],"about":[{"href":"https:\/\/freshline-europe.com\/ro\/wp-json\/wp\/v2\/types\/page"}],"author":[{"embeddable":true,"href":"https:\/\/freshline-europe.com\/ro\/wp-json\/wp\/v2\/users\/1"}],"replies":[{"embeddable":true,"href":"https:\/\/freshline-europe.com\/ro\/wp-json\/wp\/v2\/comments?post=775"}],"version-history":[{"count":4,"href":"https:\/\/freshline-europe.com\/ro\/wp-json\/wp\/v2\/pages\/775\/revisions"}],"predecessor-version":[{"id":1982,"href":"https:\/\/freshline-europe.com\/ro\/wp-json\/wp\/v2\/pages\/775\/revisions\/1982"}],"wp:attachment":[{"href":"https:\/\/freshline-europe.com\/ro\/wp-json\/wp\/v2\/media?parent=775"}],"curies":[{"name":"wp","href":"https:\/\/api.w.org\/{rel}","templated":true}]}}