{"id":880,"date":"2022-12-04T11:32:54","date_gmt":"2022-12-04T10:32:54","guid":{"rendered":"https:\/\/freshline-europe.com\/descarcari\/"},"modified":"2022-12-18T10:31:21","modified_gmt":"2022-12-18T09:31:21","slug":"descarcari","status":"publish","type":"page","link":"https:\/\/freshline-europe.com\/ro\/descarcari\/","title":{"rendered":"Desc\u0103rc\u0103ri"},"content":{"rendered":"<section class=\"l-section wpb_row us_custom_664ab32c has_text_color height_medium with_img\"><div class=\"l-section-img\" role=\"img\" aria-label=\"Imagine\" data-img-width=\"1500\" data-img-height=\"700\" style=\"background-image: url(https:\/\/freshline-europe.com\/wp-content\/uploads\/2022\/07\/Musterheader.jpg);\"><\/div><div class=\"l-section-overlay\" style=\"background:rgba(26,26,26,0.30)\"><\/div><div class=\"l-section-h i-cf\"><div class=\"g-cols vc_row via_flex valign_top type_default stacking_default\"><div class=\"vc_col-sm-12 wpb_column vc_column_container\"><div class=\"vc_column-inner\"><div class=\"wpb_wrapper\">[vc_custom_heading text=&#8221;Desc\u0103rc\u0103ri&#8221; font_container=&#8221;tag:h1|text_align:left&#8221; use_theme_fonts=&#8221;yes&#8221;]<\/div><\/div><\/div><\/div><\/div><\/section><section class=\"l-section wpb_row height_medium\"><div class=\"l-section-h i-cf\"><div class=\"g-cols vc_row via_flex valign_top type_default stacking_default\"><div class=\"vc_col-sm-12 wpb_column vc_column_container\"><div class=\"vc_column-inner\"><div class=\"wpb_wrapper\">[vc_custom_heading text=&#8221;Desc\u0103rca\u021bi informa\u021bii&#8221; font_container=&#8221;tag:h4|text_align:left&#8221; use_theme_fonts=&#8221;yes&#8221;]<div class=\"wpb_text_column us_custom_71d3e3d1\"><div class=\"wpb_wrapper\"><p>Aici ve\u021bi g\u0103si desc\u0103rc\u0103ri pentru diverse documente, licen\u021be, termeni \u0219i condi\u021bii generale \u0219i multe altele. Sec\u021biunea noastr\u0103 de desc\u0103rc\u0103ri este \u00een mod constant extins\u0103 \u0219i actualizat\u0103. Dac\u0103 ave\u021bi \u00eentreb\u0103ri, v\u0103 rug\u0103m s\u0103 nu ezita\u021bi s\u0103 ne contacta\u021bi. Pentru \u00eentreb\u0103rile dumneavoastr\u0103, cel mai bine este s\u0103 folosi\u021bi <a href=\"https:\/\/freshline-europe.com\/ro\/contactati\/\">formularul<\/a> nostru <a href=\"https:\/\/freshline-europe.com\/ro\/contactati\/\">de contact<\/a>.<\/p>\n<\/div><\/div><div class=\"w-separator size_medium\"><\/div><div class=\"g-cols wpb_row via_flex valign_top type_default stacking_default\"><div class=\"vc_col-sm-6 wpb_column vc_column_container\"><div class=\"vc_column-inner\"><div class=\"wpb_wrapper\"><div class=\"wpb_text_column us_custom_5f058685\"><div class=\"wpb_wrapper\"><p><span style=\"color: #1b1b1b;\"><i class=\"fas\" style=\"font-size: 15px;\"><\/i> <a style=\"color: #333333;\" href=\"http:\/\/freshline-europe.com\/wp-content\/uploads\/2022\/12\/Allgemeine-Oesterreichische-Spediteurbedingungen-AOESp.pdf\" target=\"_blank\" rel=\"noopener\">Allgemeine \u00f6sterr. Condi\u021bii de expeditor de m\u0103rfuri AOESp<\/a><\/span><\/p>\n<\/div><\/div><\/div><\/div><\/div><div class=\"vc_col-sm-6 wpb_column vc_column_container\"><div class=\"vc_column-inner\"><div class=\"wpb_wrapper\"><div class=\"wpb_text_column us_custom_0ae403e1\"><div class=\"wpb_wrapper\"><p><span style=\"color: #1b1b1b;\"><i class=\"fas\" style=\"font-size: 15px;\"> <a style=\"color: #333333;\" href=\"http:\/\/freshline-europe.com\/wp-content\/uploads\/2022\/12\/AGB-zu-Ladeauftrag-an-Dienstleister.pdf\" target=\"_blank\" rel=\"noopener\">Termeni \u0219i condi\u021bii generale de \u00eenc\u0103rcare a comenzii c\u0103tre furnizorul de servicii<\/a><\/i><\/span><\/p>\n<\/div><\/div><\/div><\/div><\/div><\/div><div class=\"w-separator size_custom\" style=\"height:25px\"><\/div><div class=\"g-cols wpb_row via_flex valign_top type_default stacking_default\"><div class=\"vc_col-sm-6 wpb_column vc_column_container\"><div class=\"vc_column-inner\"><div class=\"wpb_wrapper\"><div class=\"wpb_text_column us_custom_3995f6d2\"><div class=\"wpb_wrapper\"><p><span style=\"color: #1b1b1b;\"><i class=\"fas\" style=\"font-size: 15px;\"> <a style=\"color: #333333;\" href=\"http:\/\/freshline-europe.com\/wp-content\/uploads\/2022\/12\/AGB-fuer-die-Transportuebernahme-Auftragsbestaetigung.pdf\" target=\"_blank\" rel=\"noopener\">Termeni \u0219i condi\u021bii generale Acceptarea transportului Confirmarea comenzii Confirmarea comenzii<\/a><\/i><\/span><\/p>\n<\/div><\/div><\/div><\/div><\/div><div class=\"vc_col-sm-6 wpb_column vc_column_container\"><div class=\"vc_column-inner\"><div class=\"wpb_wrapper\"><div class=\"wpb_text_column us_custom_080ac385\"><div class=\"wpb_wrapper\"><p><span style=\"color: #1b1b1b;\"><i class=\"fas\" style=\"font-size: 15px;\"> <a style=\"color: #333333;\" href=\"http:\/\/freshline-europe.com\/wp-content\/uploads\/2022\/12\/EU-Lizenz.pdf\" target=\"_blank\" rel=\"noopener\">Licen\u021ba UE<\/a><\/i><\/span><\/p>\n<\/div><\/div><\/div><\/div><\/div><\/div><div class=\"w-separator size_custom\" style=\"height:25px\"><\/div><div class=\"g-cols wpb_row via_flex valign_top type_default stacking_default\"><div class=\"vc_col-sm-6 wpb_column vc_column_container\"><div class=\"vc_column-inner\"><div class=\"wpb_wrapper\"><div class=\"wpb_text_column us_custom_3995f6d2\"><div class=\"wpb_wrapper\"><p><span style=\"color: #1b1b1b;\"><i class=\"fas\" style=\"font-size: 15px;\"> <a style=\"color: #333333;\" href=\"http:\/\/freshline-europe.com\/wp-content\/uploads\/2022\/12\/CMR-Versicherungsbestaetigung-2023.pdf\" target=\"_blank\" rel=\"noopener\">Confirmarea asigur\u0103rii CMR<\/a><\/i><\/span><\/p>\n<\/div><\/div><\/div><\/div><\/div><div class=\"vc_col-sm-6 wpb_column vc_column_container\"><div class=\"vc_column-inner\"><div class=\"wpb_wrapper\"><div class=\"wpb_text_column us_custom_080ac385\"><div class=\"wpb_wrapper\"><p><span style=\"color: #1b1b1b;\"><i class=\"fas\" style=\"font-size: 15px;\"> <a style=\"color: #333333;\" href=\"http:\/\/freshline-europe.com\/wp-content\/uploads\/2022\/12\/Datenschutzgrundverordnung.pdf\" target=\"_blank\" rel=\"noopener\">Regulamentul general privind protec\u021bia datelor<\/a><\/i><\/span><\/p>\n<\/div><\/div><\/div><\/div><\/div><\/div><\/div><\/div><\/div><\/div><\/div><\/section>\n","protected":false},"excerpt":{"rendered":"[vc_custom_heading text=\"Desc\u0103rc\u0103ri\" font_container=\"tag:h1|text_align:left\" use_theme_fonts=\"yes\"][vc_custom_heading text=\"Desc\u0103rca\u021bi informa\u021bii\" font_container=\"tag:h4|text_align:left\" use_theme_fonts=\"yes\"]Aici ve\u021bi g\u0103si desc\u0103rc\u0103ri pentru diverse documente, licen\u021be, termeni \u0219i condi\u021bii generale \u0219i multe altele. Sec\u021biunea noastr\u0103 de desc\u0103rc\u0103ri este \u00een mod constant extins\u0103 \u0219i actualizat\u0103. Dac\u0103 ave\u021bi \u00eentreb\u0103ri, v\u0103 rug\u0103m s\u0103 nu ezita\u021bi s\u0103 ne contacta\u021bi. Pentru \u00eentreb\u0103rile dumneavoastr\u0103, cel mai bine este s\u0103 folosi\u021bi formularul nostru...","protected":false},"author":1,"featured_media":0,"parent":0,"menu_order":0,"comment_status":"closed","ping_status":"closed","template":"","meta":{"footnotes":""},"class_list":["post-880","page","type-page","status-publish","hentry"],"_links":{"self":[{"href":"https:\/\/freshline-europe.com\/ro\/wp-json\/wp\/v2\/pages\/880","targetHints":{"allow":["GET"]}}],"collection":[{"href":"https:\/\/freshline-europe.com\/ro\/wp-json\/wp\/v2\/pages"}],"about":[{"href":"https:\/\/freshline-europe.com\/ro\/wp-json\/wp\/v2\/types\/page"}],"author":[{"embeddable":true,"href":"https:\/\/freshline-europe.com\/ro\/wp-json\/wp\/v2\/users\/1"}],"replies":[{"embeddable":true,"href":"https:\/\/freshline-europe.com\/ro\/wp-json\/wp\/v2\/comments?post=880"}],"version-history":[{"count":13,"href":"https:\/\/freshline-europe.com\/ro\/wp-json\/wp\/v2\/pages\/880\/revisions"}],"predecessor-version":[{"id":1923,"href":"https:\/\/freshline-europe.com\/ro\/wp-json\/wp\/v2\/pages\/880\/revisions\/1923"}],"wp:attachment":[{"href":"https:\/\/freshline-europe.com\/ro\/wp-json\/wp\/v2\/media?parent=880"}],"curies":[{"name":"wp","href":"https:\/\/api.w.org\/{rel}","templated":true}]}}