{"id":980,"date":"2022-07-12T10:13:19","date_gmt":"2022-07-12T08:13:19","guid":{"rendered":"https:\/\/freshline-europe.com\/imprimare\/"},"modified":"2023-05-25T16:12:16","modified_gmt":"2023-05-25T14:12:16","slug":"imprimare","status":"publish","type":"page","link":"https:\/\/freshline-europe.com\/ro\/imprimare\/","title":{"rendered":"Imprimare"},"content":{"rendered":"<section class=\"l-section wpb_row height_medium\"><div class=\"l-section-h i-cf\"><div class=\"g-cols vc_row via_flex valign_top type_default stacking_default\"><div class=\"vc_col-sm-12 wpb_column vc_column_container\"><div class=\"vc_column-inner\"><div class=\"wpb_wrapper\">[vc_custom_heading text=&#8221;Imprimare&#8221; font_container=&#8221;tag:h3|text_align:left&#8221; use_theme_fonts=&#8221;yes&#8221;]<div class=\"g-cols wpb_row via_flex valign_top type_default stacking_default\"><div class=\"vc_col-sm-6 wpb_column vc_column_container\"><div class=\"vc_column-inner\"><div class=\"wpb_wrapper\"><div class=\"wpb_text_column\"><div class=\"wpb_wrapper\"><p><strong>FRESHLine Europe GmbH<\/strong><br \/>\nHermannsdorf 2a<br \/>\n3304 St. Georgen am Ybbsfelde<br \/>\nAustria<\/p>\n<p>Tel: <a href=\"tel:+43%207473%2030%20900\">+43 7473 30 900<\/a><br \/>\nE-mail: <a href=\"mailto:office@freshline-europe.com\">office@freshline-europe.com<\/a><br \/>\nInternet: <a href=\"https:\/\/freshline-europe.com\/ro\/\" target=\"_blank\" rel=\"noopener\">www.freshline-europe.com<\/a><\/p>\n<p>Registrul comer\u021bului: FN 552403 h<br \/>\nUID: ATU7674161616<\/p>\n<\/div><\/div><\/div><\/div><\/div><div class=\"vc_col-sm-6 wpb_column vc_column_container\"><div class=\"vc_column-inner\"><div class=\"wpb_wrapper\"><div class=\"wpb_text_column\"><div class=\"wpb_wrapper\"><p><strong>FRESHLine Europe s.r.o.<\/strong><br \/>\nSukova 2<br \/>\n370 05 \u010cesk\u00e9 Bud\u011bjovice<br \/>\nRepublica Ceh\u0103<\/p>\n<p>Tel: <a href=\"tel:+420%20388%20880%20125\">+420 388 880 880 125<\/a><br \/>\nE-mail: <a href=\"mailto:office@freshline-europe.com\">office@freshline-europe.com<\/a><br \/>\nInternet: <a href=\"https:\/\/freshline-europe.com\/ro\/\" target=\"_blank\" rel=\"noopener\">www.freshline-europe.com<\/a><\/p>\n<p>UID: CZ03966909<\/p>\n<\/div><\/div><\/div><\/div><\/div><\/div><div class=\"w-separator size_small with_line width_default thick_1 style_solid color_border align_center\"><div class=\"w-separator-h\"><\/div><\/div><div class=\"wpb_text_column\"><div class=\"wpb_wrapper\"><p><strong>Oberbank AG<\/strong> (cont EURO)<br \/>\nIBAN AT10 1500 0002 4128 5006<br \/>\nBIC: OBKLAT2L<\/p>\n<p><strong>Sparkasse Nieder\u00f6sterreich Mitte West AG<\/strong> (cont EURO)<br \/>\nIBAN: AT89 2025 6000 0061 0683<br \/>\nBIC : SPSPAT 21XXX<\/p>\n<p>Lucr\u0103m exclusiv pe baza &#8222;Termenilor \u0219i condi\u021biilor generale ale expeditorilor austrieci&#8221; (A\u00d6Sp) \u00een cea mai recent\u0103 versiune.<br \/>\nLocul de jurisdic\u021bie \u0219i de desf\u0103\u0219urare este St. P\u00f6lten.<br \/>\nDirector general: Christoph Kralowetz<\/p>\n<\/div><\/div><div class=\"w-separator size_small with_line width_default thick_1 style_solid color_border align_center\"><div class=\"w-separator-h\"><\/div><\/div><div class=\"g-cols wpb_row via_flex valign_top type_default stacking_default\"><div class=\"vc_col-sm-12 wpb_column vc_column_container\"><div class=\"vc_column-inner\"><div class=\"wpb_wrapper\">[vc_custom_heading text=&#8221;Obliga\u021bia de informare&#8221; font_container=&#8221;tag:h3|text_align:left&#8221; use_theme_fonts=&#8221;yes&#8221;]<\/div><\/div><\/div><\/div><div class=\"w-separator size_custom\" style=\"height:20px\"><\/div><div class=\"wpb_text_column\"><div class=\"wpb_wrapper\"><p><strong>R\u0103spunderea pentru con\u021binutul acestui site web<\/strong><br \/>\nAcest site este destinat s\u0103 ofere acces public la informa\u021bii despre FRESHLine Europe GmbH. Informa\u021biile de pe acest site web sunt preg\u0103tite de noi \u00een cuno\u0219tin\u021b\u0103 de cauz\u0103. Cu toate acestea, \u00een ciuda tuturor eforturilor depuse, nu se poate garanta acurate\u021bea absolut\u0103, actualitatea \u0219i corectitudinea informa\u021biilor furnizate aici. \u00cen cazul \u00een care ne d\u0103m seama de erori sau gre\u0219eli, vom \u00eencerca s\u0103 le corect\u0103m. V\u0103 suntem recunosc\u0103tori pentru orice informa\u021bie pe care o ave\u021bi pe aceast\u0103 tem\u0103.<\/p>\n<p><strong>R\u0103spunderea pentru hyperlink-uri<\/strong><br \/>\nAm plasat pe paginile noastre linkuri c\u0103tre alte site-uri de pe internet. Pentru toate aceste linkuri, nu avem nicio influen\u021b\u0103 asupra designului \u0219i con\u021binutului paginilor legate. Prin urmare, ne distan\u021b\u0103m \u00een mod expres de con\u021binutul acestor pagini legate \u0219i nu le adopt\u0103m ca fiind ale noastre. Acest lucru este valabil pentru con\u021binutul tuturor site-urilor externe care pot fi accesate prin intermediul site-ului nostru (inclusiv prin intermediul bannerelor, al c\u0103r\u021bilor de oaspe\u021bi sau al ghi\u0219eelor).<br \/>\n\u00cen cazul \u00een care lu\u0103m cuno\u0219tin\u021b\u0103 de orice activitate sau informa\u021bie ilegal\u0103 pe un site web legat de noi, vom elimina imediat link-ul respectiv. Dac\u0103 ave\u021bi cuno\u0219tin\u021be \u00een acest sens, v\u0103 rug\u0103m s\u0103 ne trimite\u021bi un e-mail.<\/p>\n<p>Foto \u0219i imagini video de la <a href=\"https:\/\/www.shutterstock.com\/\" target=\"_blank\" rel=\"noopener noreferrer\">Shutterstock<\/a> | Arhiva privat\u0103<br \/>\nSite web de <a href=\"http:\/\/max-online.at\" target=\"_blank\" rel=\"noopener\">max-online.at<\/a><\/p>\n<\/div><\/div><\/div><\/div><\/div><\/div><\/div><\/section>\n","protected":false},"excerpt":{"rendered":"[vc_custom_heading text=\"Imprimare\" font_container=\"tag:h3|text_align:left\" use_theme_fonts=\"yes\"]FRESHLine Europe GmbH Hermannsdorf 2a 3304 St. Georgen am Ybbsfelde Austria Tel: +43 7473 30 900 E-mail: office@freshline-europe.com Internet: www.freshline-europe.com Registrul comer\u021bului: FN 552403 h UID: ATU7674161616 FRESHLine Europe s.r.o. Sukova 2 370 05 \u010cesk\u00e9 Bud\u011bjovice Republica Ceh\u0103 Tel: +420 388 880 880 125 E-mail: office@freshline-europe.com Internet: www.freshline-europe.com UID: CZ03966909 Oberbank AG...","protected":false},"author":1,"featured_media":0,"parent":0,"menu_order":0,"comment_status":"closed","ping_status":"closed","template":"","meta":{"footnotes":""},"class_list":["post-980","page","type-page","status-publish","hentry"],"_links":{"self":[{"href":"https:\/\/freshline-europe.com\/ro\/wp-json\/wp\/v2\/pages\/980","targetHints":{"allow":["GET"]}}],"collection":[{"href":"https:\/\/freshline-europe.com\/ro\/wp-json\/wp\/v2\/pages"}],"about":[{"href":"https:\/\/freshline-europe.com\/ro\/wp-json\/wp\/v2\/types\/page"}],"author":[{"embeddable":true,"href":"https:\/\/freshline-europe.com\/ro\/wp-json\/wp\/v2\/users\/1"}],"replies":[{"embeddable":true,"href":"https:\/\/freshline-europe.com\/ro\/wp-json\/wp\/v2\/comments?post=980"}],"version-history":[{"count":6,"href":"https:\/\/freshline-europe.com\/ro\/wp-json\/wp\/v2\/pages\/980\/revisions"}],"predecessor-version":[{"id":2019,"href":"https:\/\/freshline-europe.com\/ro\/wp-json\/wp\/v2\/pages\/980\/revisions\/2019"}],"wp:attachment":[{"href":"https:\/\/freshline-europe.com\/ro\/wp-json\/wp\/v2\/media?parent=980"}],"curies":[{"name":"wp","href":"https:\/\/api.w.org\/{rel}","templated":true}]}}