{"id":984,"date":"2022-07-12T10:13:07","date_gmt":"2022-07-12T08:13:07","guid":{"rendered":"https:\/\/freshline-europe.com\/cookie-uri\/"},"modified":"2023-05-25T16:12:06","modified_gmt":"2023-05-25T14:12:06","slug":"cookie-uri","status":"publish","type":"page","link":"https:\/\/freshline-europe.com\/ro\/cookie-uri\/","title":{"rendered":"Cookies"},"content":{"rendered":"<section class=\"l-section wpb_row height_medium\"><div class=\"l-section-h i-cf\"><div class=\"g-cols vc_row via_flex valign_top type_default stacking_default\"><div class=\"vc_col-sm-12 wpb_column vc_column_container\"><div class=\"vc_column-inner\"><div class=\"wpb_wrapper\">[vc_custom_heading text=&#8221;Cookies&#8221; font_container=&#8221;tag:h3|text_align:left&#8221; use_theme_fonts=&#8221;yes&#8221;]<div class=\"wpb_text_column\"><div class=\"wpb_wrapper\"><p>Pentru ca acest site web s\u0103 func\u021bioneze corect, plas\u0103m uneori fi\u0219iere mici &#8211; cunoscute sub numele de cookie-uri &#8211; pe dispozitivul dumneavoastr\u0103. Aceasta este o practic\u0103 obi\u0219nuit\u0103 pentru majoritatea site-urilor web mari.<\/p>\n<p><strong>Ce sunt cookie-urile?<\/strong><\/p>\n<p>Un cookie este un mic fi\u0219ier text pe care un portal web \u00eel las\u0103 pe computerul, tableta sau smartphone-ul dumneavoastr\u0103 atunci c\u00e2nd \u00eel vizita\u021bi. Acest lucru permite portalului s\u0103 &#8222;re\u021bin\u0103&#8221; anumite intr\u0103ri \u0219i set\u0103ri (de exemplu, datele de conectare, limba, dimensiunea fontului \u0219i alte preferin\u021be de afi\u0219are) pentru o perioad\u0103 de timp, iar dumneavoastr\u0103 nu trebuie s\u0103 le introduce\u021bi din nou de fiecare dat\u0103 c\u00e2nd vizita\u021bi \u0219i naviga\u021bi pe portal.<\/p>\n<p><strong>Cum folosim cookie-urile?<\/strong><\/p>\n<p>Pe paginile noastre folosim cookie-uri pentru a stoca<\/p>\n<ul>\n<li>preferin\u021bele de afi\u0219are pe ecran , de exemplu, contrastul \u0219i dimensiunea fontului<\/li>\n<li>Participarea dumneavoastr\u0103, dac\u0103 este cazul, la un sondaj privind utilitatea con\u021binutului (astfel \u00eenc\u00e2t s\u0103 nu vi se solicite din nou s\u0103 r\u0103spunde\u021bi printr-o fereastr\u0103 pop-up).<\/li>\n<li>decizia dvs. de a (sau \u00eempotriva) utiliz\u0103rii de module cookie pe acest portal.<\/li>\n<\/ul>\n<p>De asemenea, unele videoclipuri \u00eencorporate \u00een paginile noastre utilizeaz\u0103 cookie-uri pentru a crea statistici anonime despre paginile vizitate anterior \u0219i videoclipurile selectate.<\/p>\n<p>Acceptarea cookie-urilor nu este absolut necesar\u0103 pentru utilizarea portalului, dar face navigarea mai pl\u0103cut\u0103. Pute\u021bi bloca sau \u0219terge modulele cookie, dar acest lucru poate afecta unele caracteristici ale acestui site web.<\/p>\n<p>Informa\u021biile colectate cu ajutorul modulelor cookie nu sunt utilizate pentru a v\u0103 identifica, iar datele se afl\u0103 \u00een \u00eentregime sub controlul nostru. Cookie-urile nu au alte scopuri dec\u00e2t cele men\u021bionate aici.<\/p>\n<p><strong>Controlul asupra cookie-urilor<\/strong><\/p>\n<p>Pute\u021bi controla \u0219i\/sau \u0219terge cookie-urile dup\u0103 cum dori\u021bi. Pute\u021bi afla cum s\u0103 face\u021bi acest lucru aici: <a href=\"http:\/\/www.allaboutcookies.org\/ge\/\" target=\"_blank\" rel=\"nofollow noopener\">allaboutcookies.org<\/a>. Pute\u021bi \u0219terge toate modulele cookie stocate pe computerul dumneavoastr\u0103 \u0219i pute\u021bi seta majoritatea browserelor pentru a \u00eempiedica stocarea modulelor cookie. Dar, \u00een acest caz, este posibil s\u0103 trebuiasc\u0103 s\u0103 efectua\u021bi manual anumite set\u0103ri de fiecare dat\u0103 c\u00e2nd vizita\u021bi o pagin\u0103 \u0219i s\u0103 accepta\u021bi afectarea anumitor func\u021bii.<\/p>\n<\/div><\/div><div class=\"w-separator size_small\"><\/div>[vc_raw_html]W3JjYi1jb25zZW50IHR5cGU9ImNoYW5nZSIgdGFnPSJhIiB0ZXh0PSJNb2RpZmljYcibaSBzZXTEg3JpbGUgZGUgY29uZmlkZW7Im2lhbGl0YXRlIl0=[\/vc_raw_html][vc_raw_html]W3JjYi1jb25zZW50IHR5cGU9Imhpc3RvcnkiIHRhZz0iYSIgdGV4dD0iSXN0b3JpYyBhbCBzZXTEg3JpbG9yIGRlIGNvbmZpZGVuyJtpYWxpdGF0ZSJd[\/vc_raw_html][vc_raw_html]W3JjYi1jb25zZW50IHR5cGU9InJldm9rZSIgdGFnPSJhIiB0ZXh0PSJSZXZvY2FyZWEgY29uc2ltyJvEg21pbnRlbG9yIiBzdWNjZXNzbWVzc2FnZT0iRHUgaGFzdCBkaWUgRWlud2lsbGlndW5nIGVyZm9sZ3JlaWNoIHdpZGVycnVmZW4uIERpZSBTZWl0ZSB3aXJkIG51biBuZXUgZ2VsYWRlbi4iXQ==[\/vc_raw_html]<\/div><\/div><\/div><\/div><\/div><\/section>\n","protected":false},"excerpt":{"rendered":"[vc_custom_heading text=\"Cookies\" font_container=\"tag:h3|text_align:left\" use_theme_fonts=\"yes\"]Pentru ca acest site web s\u0103 func\u021bioneze corect, plas\u0103m uneori fi\u0219iere mici &#8211; cunoscute sub numele de cookie-uri &#8211; pe dispozitivul dumneavoastr\u0103. Aceasta este o practic\u0103 obi\u0219nuit\u0103 pentru majoritatea site-urilor web mari. Ce sunt cookie-urile? Un cookie este un mic fi\u0219ier text pe care un portal web \u00eel las\u0103 pe computerul, tableta...","protected":false},"author":1,"featured_media":0,"parent":0,"menu_order":0,"comment_status":"closed","ping_status":"closed","template":"","meta":{"footnotes":""},"class_list":["post-984","page","type-page","status-publish","hentry"],"_links":{"self":[{"href":"https:\/\/freshline-europe.com\/ro\/wp-json\/wp\/v2\/pages\/984","targetHints":{"allow":["GET"]}}],"collection":[{"href":"https:\/\/freshline-europe.com\/ro\/wp-json\/wp\/v2\/pages"}],"about":[{"href":"https:\/\/freshline-europe.com\/ro\/wp-json\/wp\/v2\/types\/page"}],"author":[{"embeddable":true,"href":"https:\/\/freshline-europe.com\/ro\/wp-json\/wp\/v2\/users\/1"}],"replies":[{"embeddable":true,"href":"https:\/\/freshline-europe.com\/ro\/wp-json\/wp\/v2\/comments?post=984"}],"version-history":[{"count":7,"href":"https:\/\/freshline-europe.com\/ro\/wp-json\/wp\/v2\/pages\/984\/revisions"}],"predecessor-version":[{"id":2000,"href":"https:\/\/freshline-europe.com\/ro\/wp-json\/wp\/v2\/pages\/984\/revisions\/2000"}],"wp:attachment":[{"href":"https:\/\/freshline-europe.com\/ro\/wp-json\/wp\/v2\/media?parent=984"}],"curies":[{"name":"wp","href":"https:\/\/api.w.org\/{rel}","templated":true}]}}