{"id":1089,"date":"2022-07-12T10:13:07","date_gmt":"2022-07-12T08:13:07","guid":{"rendered":"https:\/\/freshline-europe.com\/cookies\/"},"modified":"2023-05-25T16:12:06","modified_gmt":"2023-05-25T14:12:06","slug":"cookies","status":"publish","type":"page","link":"https:\/\/freshline-europe.com\/sk\/cookies\/","title":{"rendered":"Cookies"},"content":{"rendered":"<section class=\"l-section wpb_row height_medium\"><div class=\"l-section-h i-cf\"><div class=\"g-cols vc_row via_flex valign_top type_default stacking_default\"><div class=\"vc_col-sm-12 wpb_column vc_column_container\"><div class=\"vc_column-inner\"><div class=\"wpb_wrapper\">[vc_custom_heading text=&#8220;Cookies&#8220; font_container=&#8220;tag:h3|text_align:left&#8220; use_theme_fonts=&#8220;yes&#8220;]<div class=\"wpb_text_column\"><div class=\"wpb_wrapper\"><p>Aby t\u00e1to webov\u00e1 lokalita spr\u00e1vne fungovala, niekedy do v\u00e1\u0161ho zariadenia uklad\u00e1me mal\u00e9 s\u00fabory &#8211; zn\u00e1me ako cookies. Je to be\u017en\u00e1 prax v\u00e4\u010d\u0161iny ve\u013ek\u00fdch webov\u00fdch str\u00e1nok.<\/p>\n<p><strong>\u010co s\u00fa to s\u00fabory cookie?<\/strong><\/p>\n<p>S\u00fabor cookie je mal\u00fd textov\u00fd s\u00fabor, ktor\u00fd webov\u00fd port\u00e1l zanech\u00e1 vo va\u0161om po\u010d\u00edta\u010di, tablete alebo smartf\u00f3ne, ke\u010f ho nav\u0161t\u00edvite. To umo\u017e\u0148uje port\u00e1lu &#8222;zapam\u00e4ta\u0165 si&#8220; ur\u010dit\u00e9 polo\u017eky a nastavenia (napr. prihl\u00e1senie, jazyk, ve\u013ekos\u0165 p\u00edsma a in\u00e9 preferencie zobrazenia) po\u010das ur\u010dit\u00e9ho obdobia a nemus\u00edte ich zad\u00e1va\u0165 znova pri ka\u017edej n\u00e1v\u0161teve a prech\u00e1dzan\u00ed port\u00e1lu.<\/p>\n<p><strong>Ako pou\u017e\u00edvame s\u00fabory cookie?<\/strong><\/p>\n<p>Na na\u0161ich str\u00e1nkach pou\u017e\u00edvame s\u00fabory cookie na ukladanie<\/p>\n<ul>\n<li>nastavenia zobrazenia obrazovky, napr. kontrast a ve\u013ekos\u0165 p\u00edsma.<\/li>\n<li>Va\u0161a pr\u00edpadn\u00e1 \u00fa\u010das\u0165 v prieskume o u\u017eito\u010dnosti obsahu (aby ste neboli op\u00e4tovne vyzvan\u00ed vyskakovac\u00edm oknom na odpove\u010f).<\/li>\n<li>va\u0161e rozhodnutie o (alebo proti) pou\u017e\u00edvaniu s\u00faborov cookie na tomto port\u00e1li.<\/li>\n<\/ul>\n<p>Aj niektor\u00e9 vide\u00e1 vlo\u017een\u00e9 na na\u0161ich str\u00e1nkach pou\u017e\u00edvaj\u00fa s\u00fabory cookie na vytv\u00e1ranie anonymn\u00fdch \u0161tatist\u00edk o predt\u00fdm nav\u0161t\u00edven\u00fdch str\u00e1nkach a vybran\u00fdch vide\u00e1ch.<\/p>\n<p>Prij\u00edmanie s\u00faborov cookie nie je pre pou\u017e\u00edvanie port\u00e1lu nevyhnutne potrebn\u00e9, ale spr\u00edjem\u0148uje surfovanie. S\u00fabory cookie m\u00f4\u017eete zablokova\u0165 alebo vymaza\u0165, \u010do v\u0161ak m\u00f4\u017ee ovplyvni\u0165 niektor\u00e9 funkcie tejto webovej lokality.<\/p>\n<p>Inform\u00e1cie zozbieran\u00e9 pomocou s\u00faborov cookie sa nepou\u017e\u00edvaj\u00fa na va\u0161u identifik\u00e1ciu a tieto \u00fadaje s\u00fa plne pod na\u0161ou kontrolou. S\u00fabory cookie nesl\u00fa\u017eia na \u017eiadne in\u00e9 \u00fa\u010dely, ako s\u00fa uveden\u00e9 tu.<\/p>\n<p><strong>Kontrola s\u00faborov cookie<\/strong><\/p>\n<p>S\u00fabory cookie m\u00f4\u017eete kontrolova\u0165 a\/alebo vymaza\u0165 pod\u013ea vlastn\u00e9ho uv\u00e1\u017eenia. Ako na to, sa dozviete tu: <a href=\"http:\/\/www.allaboutcookies.org\/ge\/\" target=\"_blank\" rel=\"nofollow noopener\">allaboutcookies.org<\/a>. V\u0161etky s\u00fabory cookie ulo\u017een\u00e9 vo va\u0161om po\u010d\u00edta\u010di m\u00f4\u017eete vymaza\u0165 a v\u00e4\u010d\u0161inu prehliada\u010dov m\u00f4\u017eete nastavi\u0165 tak, aby ukladaniu s\u00faborov cookie zabr\u00e1nili. Potom v\u0161ak mo\u017eno budete musie\u0165 pri ka\u017edej n\u00e1v\u0161teve str\u00e1nky manu\u00e1lne vykona\u0165 niektor\u00e9 nastavenia a akceptova\u0165 znehodnotenie niektor\u00fdch funkci\u00ed.<\/p>\n<\/div><\/div><div class=\"w-separator size_small\"><\/div>[vc_raw_html]W3JjYi1jb25zZW50IHR5cGU9ImNoYW5nZSIgdGFnPSJhIiB0ZXh0PSJabWVuYSBuYXN0YXZlbsOtIG9jaHJhbnkgb3NvYm7DvWNoIMO6ZGFqb3YiXQ==[\/vc_raw_html][vc_raw_html]W3JjYi1jb25zZW50IHR5cGU9Imhpc3RvcnkiIHRhZz0iYSIgdGV4dD0iSGlzdMOzcmlhIG5hc3RhdmVuw60gb2NocmFueSBvc29ibsO9Y2ggw7pkYWpvdiJd[\/vc_raw_html][vc_raw_html]W3JjYi1jb25zZW50IHR5cGU9InJldm9rZSIgdGFnPSJhIiB0ZXh0PSJPZHZvbGFuaWUgc8O6aGxhc292IiBzdWNjZXNzbWVzc2FnZT0iRHUgaGFzdCBkaWUgRWlud2lsbGlndW5nIGVyZm9sZ3JlaWNoIHdpZGVycnVmZW4uIERpZSBTZWl0ZSB3aXJkIG51biBuZXUgZ2VsYWRlbi4iXQ==[\/vc_raw_html]<\/div><\/div><\/div><\/div><\/div><\/section>\n","protected":false},"excerpt":{"rendered":"[vc_custom_heading text=\"Cookies\" font_container=\"tag:h3|text_align:left\" use_theme_fonts=\"yes\"]Aby t\u00e1to webov\u00e1 lokalita spr\u00e1vne fungovala, niekedy do v\u00e1\u0161ho zariadenia uklad\u00e1me mal\u00e9 s\u00fabory &#8211; zn\u00e1me ako cookies. Je to be\u017en\u00e1 prax v\u00e4\u010d\u0161iny ve\u013ek\u00fdch webov\u00fdch str\u00e1nok. \u010co s\u00fa to s\u00fabory cookie? S\u00fabor cookie je mal\u00fd textov\u00fd s\u00fabor, ktor\u00fd webov\u00fd port\u00e1l zanech\u00e1 vo va\u0161om po\u010d\u00edta\u010di, tablete alebo smartf\u00f3ne, ke\u010f ho nav\u0161t\u00edvite. To umo\u017e\u0148uje port\u00e1lu...","protected":false},"author":1,"featured_media":0,"parent":0,"menu_order":0,"comment_status":"closed","ping_status":"closed","template":"","meta":{"footnotes":""},"class_list":["post-1089","page","type-page","status-publish","hentry"],"_links":{"self":[{"href":"https:\/\/freshline-europe.com\/sk\/wp-json\/wp\/v2\/pages\/1089","targetHints":{"allow":["GET"]}}],"collection":[{"href":"https:\/\/freshline-europe.com\/sk\/wp-json\/wp\/v2\/pages"}],"about":[{"href":"https:\/\/freshline-europe.com\/sk\/wp-json\/wp\/v2\/types\/page"}],"author":[{"embeddable":true,"href":"https:\/\/freshline-europe.com\/sk\/wp-json\/wp\/v2\/users\/1"}],"replies":[{"embeddable":true,"href":"https:\/\/freshline-europe.com\/sk\/wp-json\/wp\/v2\/comments?post=1089"}],"version-history":[{"count":9,"href":"https:\/\/freshline-europe.com\/sk\/wp-json\/wp\/v2\/pages\/1089\/revisions"}],"predecessor-version":[{"id":2002,"href":"https:\/\/freshline-europe.com\/sk\/wp-json\/wp\/v2\/pages\/1089\/revisions\/2002"}],"wp:attachment":[{"href":"https:\/\/freshline-europe.com\/sk\/wp-json\/wp\/v2\/media?parent=1089"}],"curies":[{"name":"wp","href":"https:\/\/api.w.org\/{rel}","templated":true}]}}